{"id":222933,"date":"2024-03-10T09:48:30","date_gmt":"2024-03-10T08:48:30","guid":{"rendered":"https:\/\/lediamant.ch\/produit\/unkategorisiert\/maurice-lacroix-aikon-automatic-date-39mm-3\/"},"modified":"2025-11-12T14:51:57","modified_gmt":"2025-11-12T13:51:57","slug":"maurice-lacroix-aikon-automatic-date-39mm-3","status":"publish","type":"product","link":"https:\/\/lediamant.ch\/de\/uhren\/222933-maurice-lacroix-aikon-automatic-date-39mm-3-ai6007-ss002-630-1\/","title":{"rendered":"Maurice Lacroix Aikon Automatic Date 39mm"},"content":{"rendered":"<p>Die von der Stadt inspirierte AIKON Automatic bietet eine zeitgem\u00e4\u00dfe \u00c4sthetik, ergonomisches Design und ein mechanisches Herz. Mit seinem cleveren Einsatz von Kontrasten und Formen ist der AIKON Automatic der ideale Begleiter f\u00fcr das Leben in der Stadt.<\/p>\n","protected":false},"excerpt":{"rendered":"<p>Die von der Stadt inspirierte AIKON Automatic bietet eine zeitgem\u00e4\u00dfe \u00c4sthetik, ergonomisches Design und ein mechanisches Herz. Mit seinem cleveren Einsatz von Kontrasten und Formen ist der AIKON Automatic der ideale Begleiter f\u00fcr das Leben in der Stadt.<\/p>\n","protected":false},"featured_media":222897,"template":"","meta":{"_acf_changed":false,"_seopress_robots_primary_cat":"27149","_seopress_titles_title":"","_seopress_titles_desc":"Entdecken Sie die AIKON Automatic: urbaner Stil, ergonomisches Design und Pr\u00e4zisionsmechanik. Perfekt f\u00fcr das Stadtleben.","_seopress_robots_index":""},"brand":[27103],"product_brand":[],"product_cat":[27123,27149,27205],"product_tag":[],"class_list":{"0":"post-222933","1":"product","2":"type-product","3":"status-publish","4":"has-post-thumbnail","6":"brand-mauricelacroix-de","7":"product_cat-uhren","8":"product_cat-maurice-lacroix-de","9":"product_cat-aikon-de","10":"pa_couleurduboitier-grau-de","11":"pa_couleurdubracelet-grau-de","12":"pa_couleurducadran-grun","13":"pa_etancheite-200m-de","14":"pa_forme-runden","15":"pa_genre-frau","16":"pa_genre-mann","17":"pa_matiere-stahl","18":"pa_matierebraceletmontre-edelstahl","19":"pa_mouvement-automatik-de","20":"pa_swissmade-ja-de","21":"pa_verre-saphir-de","22":"sales-flash-overlay","23":"woocommerce-text-align-center","24":"woocommerce-image-align-center","25":"do-quantity-buttons","27":"first","28":"instock","29":"taxable","30":"shipping-taxable","31":"purchasable","32":"product-type-simple"},"acf":[],"_links":{"self":[{"href":"https:\/\/lediamant.ch\/de\/wp-json\/wp\/v2\/product\/222933","targetHints":{"allow":["GET"]}}],"collection":[{"href":"https:\/\/lediamant.ch\/de\/wp-json\/wp\/v2\/product"}],"about":[{"href":"https:\/\/lediamant.ch\/de\/wp-json\/wp\/v2\/types\/product"}],"wp:featuredmedia":[{"embeddable":true,"href":"https:\/\/lediamant.ch\/de\/wp-json\/wp\/v2\/media\/222897"}],"wp:attachment":[{"href":"https:\/\/lediamant.ch\/de\/wp-json\/wp\/v2\/media?parent=222933"}],"wp:term":[{"taxonomy":"brand","embeddable":true,"href":"https:\/\/lediamant.ch\/de\/wp-json\/wp\/v2\/brand?post=222933"},{"taxonomy":"product_brand","embeddable":true,"href":"https:\/\/lediamant.ch\/de\/wp-json\/wp\/v2\/product_brand?post=222933"},{"taxonomy":"product_cat","embeddable":true,"href":"https:\/\/lediamant.ch\/de\/wp-json\/wp\/v2\/product_cat?post=222933"},{"taxonomy":"product_tag","embeddable":true,"href":"https:\/\/lediamant.ch\/de\/wp-json\/wp\/v2\/product_tag?post=222933"}],"curies":[{"name":"wp","href":"https:\/\/api.w.org\/{rel}","templated":true}]}}