{"id":223309,"date":"2025-11-18T11:23:53","date_gmt":"2025-11-18T10:23:53","guid":{"rendered":"https:\/\/lediamant.ch\/?post_type=product&#038;p=223309"},"modified":"2025-11-18T13:23:45","modified_gmt":"2025-11-18T12:23:45","slug":"hamilton-khaki-field-x-call-of-duty-limited-edition","status":"publish","type":"product","link":"https:\/\/lediamant.ch\/de\/uhren\/223309-hamilton-khaki-field-x-call-of-duty-limited-edition-h70475930\/","title":{"rendered":"Hamilton Khaki Field x Call of Duty Limited Edition"},"content":{"rendered":"<p>Entdecken Sie die Khaki Field Automatic 38 mm in limitierter Auflage. Dieses Modell erm\u00f6glicht es uns, Uhrmacherei, Kreativit\u00e4t und Spiele in Zusammenarbeit mit &#8222;Call of Duty: Black Ops 7&#8220; noch innovativer als je zuvor zu verbinden. Diese robuste Swiss Made Uhr, die von Axel Vermaak getragen wird, hat ein Edelstahlgeh\u00e4use, ein schwarzes Zifferblatt und Zeiger, die mit Super-LumiNova\u00ae beschichtet sind, um im Dunkeln besser sichtbar zu sein. Ein robustes khakigr\u00fcnes NATO-Armband unterstreicht die praktische Seite der Uhr, w\u00e4hrend das H-10 Automatikwerk eine Gangreserve von 80 Stunden bietet, die f\u00fcr alle Eins\u00e4tze geeignet ist. Diese Sonderedition ist auf nur 5.000 Exemplare limitiert, hat einen Geh\u00e4useboden mit eingraviertem &#8222;Call of Duty&#8220;-Logo und wird in einer exklusiven Verpackung geliefert.<\/p>\n","protected":false},"excerpt":{"rendered":"<p>Entdecken Sie die Khaki Field Automatic 38 mm in limitierter Auflage. Dieses Modell erm\u00f6glicht es uns, Uhrmacherei, Kreativit\u00e4t und Spiele in Zusammenarbeit mit &#8222;Call of Duty: Black Ops 7&#8220; noch innovativer als je zuvor zu verbinden. Diese robuste Swiss Made Uhr, die von Axel Vermaak getragen wird, hat ein Edelstahlgeh\u00e4use, ein schwarzes Zifferblatt und Zeiger, &#8230; <a title=\"Hamilton Khaki Field x Call of Duty Limited Edition\" class=\"read-more\" href=\"https:\/\/lediamant.ch\/de\/uhren\/223309-hamilton-khaki-field-x-call-of-duty-limited-edition-h70475930\/\" aria-label=\"Mehr Informationen \u00fcber Hamilton Khaki Field x Call of Duty Limited Edition\">Weiterlesen &#8230;<\/a><\/p>\n","protected":false},"featured_media":223311,"template":"","meta":{"_acf_changed":false,"_seopress_robots_primary_cat":"27181","_seopress_titles_title":"","_seopress_titles_desc":"Die Khaki Field Automatic ist von der milit\u00e4rischen Vergangenheit inspiriert und verbindet modernes Design mit Robustheit. Sie hat ein einzigartiges blaues Zifferblatt und eine Gangreserve von bis zu 80 Stunden.","_seopress_robots_index":""},"brand":[27085],"product_brand":[],"product_cat":[27181,27291,27123],"product_tag":[],"class_list":{"0":"post-223309","1":"product","2":"type-product","3":"status-publish","4":"has-post-thumbnail","6":"brand-hamilton-de","7":"product_cat-hamilton-de","8":"product_cat-khaki-field-de","9":"product_cat-uhren","10":"pa_couleurduboitier-grau-de","11":"pa_couleurdubracelet-grun-de","12":"pa_couleurducadran-schwarz","13":"pa_etancheite-100m-de","14":"pa_forme-runden","15":"pa_genre-mann","16":"pa_limitededition-5000-exemplare-weltweit","17":"pa_matiere-stahl","18":"pa_matierebraceletmontre-nato-de","19":"pa_mouvement-automatik-de","20":"pa_swissmade-ja-de","21":"pa_verre-saphir-de","22":"sales-flash-overlay","23":"woocommerce-text-align-center","24":"woocommerce-image-align-center","25":"do-quantity-buttons","27":"first","28":"outofstock","29":"taxable","30":"shipping-taxable","31":"purchasable","32":"product-type-simple"},"acf":[],"_links":{"self":[{"href":"https:\/\/lediamant.ch\/de\/wp-json\/wp\/v2\/product\/223309","targetHints":{"allow":["GET"]}}],"collection":[{"href":"https:\/\/lediamant.ch\/de\/wp-json\/wp\/v2\/product"}],"about":[{"href":"https:\/\/lediamant.ch\/de\/wp-json\/wp\/v2\/types\/product"}],"wp:featuredmedia":[{"embeddable":true,"href":"https:\/\/lediamant.ch\/de\/wp-json\/wp\/v2\/media\/223311"}],"wp:attachment":[{"href":"https:\/\/lediamant.ch\/de\/wp-json\/wp\/v2\/media?parent=223309"}],"wp:term":[{"taxonomy":"brand","embeddable":true,"href":"https:\/\/lediamant.ch\/de\/wp-json\/wp\/v2\/brand?post=223309"},{"taxonomy":"product_brand","embeddable":true,"href":"https:\/\/lediamant.ch\/de\/wp-json\/wp\/v2\/product_brand?post=223309"},{"taxonomy":"product_cat","embeddable":true,"href":"https:\/\/lediamant.ch\/de\/wp-json\/wp\/v2\/product_cat?post=223309"},{"taxonomy":"product_tag","embeddable":true,"href":"https:\/\/lediamant.ch\/de\/wp-json\/wp\/v2\/product_tag?post=223309"}],"curies":[{"name":"wp","href":"https:\/\/api.w.org\/{rel}","templated":true}]}}