{"id":223434,"date":"2025-11-26T09:57:35","date_gmt":"2025-11-26T08:57:35","guid":{"rendered":"https:\/\/lediamant.ch\/?post_type=product&#038;p=223434"},"modified":"2025-11-26T10:06:47","modified_gmt":"2025-11-26T09:06:47","slug":"maurice-lacroix-aikonic-master-triple-retrograde-43mm","status":"publish","type":"product","link":"https:\/\/lediamant.ch\/de\/uhren\/223434-maurice-lacroix-aikonic-master-triple-retrograde-43mm-ac6068-ssl20-230-2\/","title":{"rendered":"Maurice Lacroix Aikonic Master Triple Retrograde 43mm"},"content":{"rendered":"<p>Entdecken Sie innovative Handwerkskunst: Die Maurice Lacroix AIKONIC Master Triple Retrograde feiert eine der faszinierendsten uhrmacherischen Komplikationen. Maurice Lacroix ist ein wahrer Meister der retrograden Anzeigen und pr\u00e4sentiert hier drei verschiedene. Bewundern Sie das fesselnde Schauspiel der blauen Zeiger des Datums, des Wochentags und der GMT-Zeit, die elegant \u00fcber ihre B\u00f6gen gleiten, bevor sie im Handumdrehen wieder zu ihrem Ausgangspunkt zur\u00fcckkehren. Dieses technische Ballett entfaltet sich auf einem vertikalen, geb\u00fcrsteten anthrazitfarbenen Zifferblatt mit skelettierten \u00d6ffnungen, die einen Blick auf das Manufakturkaliber ML291 freigeben. Das auff\u00e4llige 43 mm Edelstahlgeh\u00e4use wird von einer kratzfesten Keramikl\u00fcnette gekr\u00f6nt, die mit den sechs AIKON-Signaturreitern verziert ist. F\u00fcr ultimative Flexibilit\u00e4t sorgt das patentierte ML Easy Change System, das einen schnellen und werkzeuglosen Armbandwechsel erm\u00f6glicht. Die AIKONIC Master Triple Retrograde ist ein kraftvolles Statement, das vision\u00e4res Design und Schweizer Uhrmachertradition miteinander verschmelzen l\u00e4sst.<\/p>\n","protected":false},"excerpt":{"rendered":"<p>Entdecken Sie innovative Handwerkskunst: Die Maurice Lacroix AIKONIC Master Triple Retrograde feiert eine der faszinierendsten uhrmacherischen Komplikationen. Maurice Lacroix ist ein wahrer Meister der retrograden Anzeigen und pr\u00e4sentiert hier drei verschiedene. Bewundern Sie das fesselnde Schauspiel der blauen Zeiger des Datums, des Wochentags und der GMT-Zeit, die elegant \u00fcber ihre B\u00f6gen gleiten, bevor sie im &#8230; <a title=\"Maurice Lacroix Aikonic Master Triple Retrograde 43mm\" class=\"read-more\" href=\"https:\/\/lediamant.ch\/de\/uhren\/223434-maurice-lacroix-aikonic-master-triple-retrograde-43mm-ac6068-ssl20-230-2\/\" aria-label=\"Mehr Informationen \u00fcber Maurice Lacroix Aikonic Master Triple Retrograde 43mm\">Weiterlesen &#8230;<\/a><\/p>\n","protected":false},"featured_media":223436,"template":"","meta":{"_acf_changed":false,"_seopress_robots_primary_cat":"27149","_seopress_titles_title":"","_seopress_titles_desc":"Entdecken Sie AIKONIC: urbane, vielseitige Uhren aus hochwertigen Materialien. Keramik, Doppelkautschuk, Kaliber ML1000. Ihre Zeit ist jetzt!","_seopress_robots_index":""},"brand":[27103],"product_brand":[],"product_cat":[42488,27149,27123],"product_tag":[],"class_list":{"0":"post-223434","1":"product","2":"type-product","3":"status-publish","4":"has-post-thumbnail","6":"brand-mauricelacroix-de","7":"product_cat-aikonic","8":"product_cat-maurice-lacroix-de","9":"product_cat-uhren","10":"pa_couleurduboitier-zweifarbig-de","11":"pa_couleurdubracelet-bicolor","12":"pa_couleurducadran-grau","13":"pa_etancheite-100m-de","14":"pa_genre-mann","15":"pa_matiere-stahl","16":"pa_matierebraceletmontre-kautschuk","17":"pa_modele-de-mouvement-ml291","18":"pa_mouvement-automatik-de","19":"pa_option-boitier-lunette-aus-keramik-verschraubte-krone-transparenter-gehauseboden","20":"pa_swissmade-ja-de","21":"pa_typedemontre-chronograph-de","22":"pa_verre-saphir-de","23":"sales-flash-overlay","24":"woocommerce-text-align-center","25":"woocommerce-image-align-center","26":"do-quantity-buttons","28":"first","29":"instock","30":"taxable","31":"shipping-taxable","32":"purchasable","33":"product-type-simple"},"acf":[],"_links":{"self":[{"href":"https:\/\/lediamant.ch\/de\/wp-json\/wp\/v2\/product\/223434","targetHints":{"allow":["GET"]}}],"collection":[{"href":"https:\/\/lediamant.ch\/de\/wp-json\/wp\/v2\/product"}],"about":[{"href":"https:\/\/lediamant.ch\/de\/wp-json\/wp\/v2\/types\/product"}],"wp:featuredmedia":[{"embeddable":true,"href":"https:\/\/lediamant.ch\/de\/wp-json\/wp\/v2\/media\/223436"}],"wp:attachment":[{"href":"https:\/\/lediamant.ch\/de\/wp-json\/wp\/v2\/media?parent=223434"}],"wp:term":[{"taxonomy":"brand","embeddable":true,"href":"https:\/\/lediamant.ch\/de\/wp-json\/wp\/v2\/brand?post=223434"},{"taxonomy":"product_brand","embeddable":true,"href":"https:\/\/lediamant.ch\/de\/wp-json\/wp\/v2\/product_brand?post=223434"},{"taxonomy":"product_cat","embeddable":true,"href":"https:\/\/lediamant.ch\/de\/wp-json\/wp\/v2\/product_cat?post=223434"},{"taxonomy":"product_tag","embeddable":true,"href":"https:\/\/lediamant.ch\/de\/wp-json\/wp\/v2\/product_tag?post=223434"}],"curies":[{"name":"wp","href":"https:\/\/api.w.org\/{rel}","templated":true}]}}