{"id":223672,"date":"2022-07-10T16:57:44","date_gmt":"2022-07-10T14:57:44","guid":{"rendered":"https:\/\/lediamant.ch\/produit\/unkategorisiert\/hamilton-scuba-auto-3\/"},"modified":"2025-12-10T18:00:40","modified_gmt":"2025-12-10T17:00:40","slug":"hamilton-scuba-auto-3","status":"publish","type":"product","link":"https:\/\/lediamant.ch\/de\/uhren\/223672-hamilton-khaki-navy-scuba-auto-orange-h82395331\/","title":{"rendered":"Hamilton Khaki Navy Scuba Auto Orange"},"content":{"rendered":"<p>Ob am Strand, im Schwimmbad oder auf dem Meeresgrund, die neue Khaki Navy Scuba Automatik orange wird Wellen in der Welt des Stils schlagen. Die Uhr wurde f\u00fcr moderne Seeleute, Taucher, Surfer und einfache Badeg\u00e4ste entworfen und ist mit ihrem mandarinenorangen Kautschukarmband und dem kontrastierenden schwarzen Zifferblatt ebenso sch\u00f6n wie funktional. Praktisch f\u00fcr die Zeitmessung beim Brustschwimmen, beim Sport oder beim Sonnenbaden, damit Sie in jeder Situation einen k\u00fchlen Kopf bewahren.<\/p>\n","protected":false},"excerpt":{"rendered":"<p>Ob am Strand, im Schwimmbad oder auf dem Meeresgrund, die neue Khaki Navy Scuba Automatik orange wird Wellen in der Welt des Stils schlagen. Die Uhr wurde f\u00fcr moderne Seeleute, Taucher, Surfer und einfache Badeg\u00e4ste entworfen und ist mit ihrem mandarinenorangen Kautschukarmband und dem kontrastierenden schwarzen Zifferblatt ebenso sch\u00f6n wie funktional. Praktisch f\u00fcr die Zeitmessung &#8230; <a title=\"Hamilton Khaki Navy Scuba Auto Orange\" class=\"read-more\" href=\"https:\/\/lediamant.ch\/de\/uhren\/223672-hamilton-khaki-navy-scuba-auto-orange-h82395331\/\" aria-label=\"Mehr Informationen \u00fcber Hamilton Khaki Navy Scuba Auto Orange\">Weiterlesen &#8230;<\/a><\/p>\n","protected":false},"featured_media":223681,"template":"","meta":{"_acf_changed":false,"_seopress_robots_primary_cat":"27181","_seopress_titles_title":"","_seopress_titles_desc":"","_seopress_robots_index":""},"brand":[27085],"product_brand":[],"product_cat":[27181,27305,27123],"product_tag":[],"class_list":{"0":"post-223672","1":"product","2":"type-product","3":"status-publish","4":"has-post-thumbnail","6":"brand-hamilton-de","7":"product_cat-hamilton-de","8":"product_cat-khaki-navy-de","9":"product_cat-uhren","10":"pa_couleurduboitier-grau-de","11":"pa_couleurdubracelet-orange-de","12":"pa_couleurducadran-schwarz","13":"pa_etancheite-100m-de","14":"pa_forme-runden","15":"pa_genre-frau","16":"pa_genre-mann","17":"pa_matiere-stahl","18":"pa_matierebraceletmontre-kautschuk","19":"pa_mouvement-automatik-de","20":"pa_swissmade-ja-de","21":"pa_verre-saphir-de","22":"sales-flash-overlay","23":"woocommerce-text-align-center","24":"woocommerce-image-align-center","25":"do-quantity-buttons","27":"first","28":"instock","29":"taxable","30":"shipping-taxable","31":"purchasable","32":"product-type-simple"},"acf":[],"_links":{"self":[{"href":"https:\/\/lediamant.ch\/de\/wp-json\/wp\/v2\/product\/223672","targetHints":{"allow":["GET"]}}],"collection":[{"href":"https:\/\/lediamant.ch\/de\/wp-json\/wp\/v2\/product"}],"about":[{"href":"https:\/\/lediamant.ch\/de\/wp-json\/wp\/v2\/types\/product"}],"wp:featuredmedia":[{"embeddable":true,"href":"https:\/\/lediamant.ch\/de\/wp-json\/wp\/v2\/media\/223681"}],"wp:attachment":[{"href":"https:\/\/lediamant.ch\/de\/wp-json\/wp\/v2\/media?parent=223672"}],"wp:term":[{"taxonomy":"brand","embeddable":true,"href":"https:\/\/lediamant.ch\/de\/wp-json\/wp\/v2\/brand?post=223672"},{"taxonomy":"product_brand","embeddable":true,"href":"https:\/\/lediamant.ch\/de\/wp-json\/wp\/v2\/product_brand?post=223672"},{"taxonomy":"product_cat","embeddable":true,"href":"https:\/\/lediamant.ch\/de\/wp-json\/wp\/v2\/product_cat?post=223672"},{"taxonomy":"product_tag","embeddable":true,"href":"https:\/\/lediamant.ch\/de\/wp-json\/wp\/v2\/product_tag?post=223672"}],"curies":[{"name":"wp","href":"https:\/\/api.w.org\/{rel}","templated":true}]}}