{"id":223738,"date":"2025-10-10T14:35:04","date_gmt":"2025-10-10T12:35:04","guid":{"rendered":"https:\/\/lediamant.ch\/produit\/unkategorisiert\/tissot-t-touch-connect-sport-43-75mm\/"},"modified":"2026-01-28T18:05:37","modified_gmt":"2026-01-28T17:05:37","slug":"tissot-t-touch-connect-sport-43-75mm","status":"publish","type":"product","link":"https:\/\/lediamant.ch\/de\/uhren\/223738-tissot-t-touch-connect-sport-43-75mm-t1534204405101\/","title":{"rendered":"Tissot T-Touch Connect Sport 43.75mm"},"content":{"rendered":"<p>TISSOT T-CONNECT Verbinden Sie Ihre Uhr mit der Tissot T-Connect App, um detaillierte Informationen \u00fcber Ihre Aktivit\u00e4ten und Leistungen zu erhalten. Halten Sie sich mit regelm\u00e4\u00dfigen Software-Updates \u00fcber die neuesten Funktionen und Verbesserungen auf dem Laufenden. INTELLIGENTE BENACHRICHTIGUNGEN Bleiben Sie den ganzen Tag \u00fcber in Verbindung. Ihre Tissot Connected Watch benachrichtigt Sie \u00fcber eingehende Anrufe, Nachrichten, Kalenderereignisse, Timer und vieles mehr direkt an Ihrem Handgelenk, wenn sie mit Ihrem Smartphone gekoppelt ist. LEISTUNGSF\u00c4HIGKEIT MIT SOLARENERGIE Dank der Solarladung kann Ihre Tissot Connected Watch monatelang laufen, ohne dass sie an die Steckdose angeschlossen werden muss. Die unter dem Zifferblatt eingebauten Solarzellen fangen das Licht ein, um die Lebensdauer der Batterie zu verl\u00e4ngern, f\u00fcr eine unvergleichliche Ausdauer in einem eleganten Design. AUFLADUNGSDATEN \u00dcberwachen Sie, wie sich die Solarladung und die Nutzung der Funktionen auf die Lebensdauer Ihrer Batterie auswirken. Die Tissot T-Connect App gibt Ihnen einen klaren \u00dcberblick \u00fcber den Energieverbrauch Ihrer Uhr und hilft Ihnen, das Beste aus jeder Ladung zu machen. T\u00c4GLICHE AKTIVIT\u00c4TS\u00dcBERWACHUNG Verfolgen Sie Ihre Schritte, den Kalorienverbrauch, die Distanz und die Minuten Ihrer Aktivit\u00e4t w\u00e4hrend des ganzen Tages. Setzen Sie sich pers\u00f6nliche Ziele und bleiben Sie motiviert, sich jeden Tag mehr zu bewegen, direkt von Ihrem Handgelenk aus. \u00dcBERWACHUNG DER HERZFREQUENZ Verfolgen Sie Ihre Herzfrequenz in Echtzeit w\u00e4hrend Ihrer sportlichen Aktivit\u00e4ten oder \u00fcberpr\u00fcfen Sie sie jederzeit auf Wunsch. Der Sensor auf der R\u00fcckseite Ihrer Uhr hilft Ihnen, Ihre Leistung jederzeit zu verbessern. AKTIVIT\u00c4TS\u00dcBERWACHUNG Ob Sie laufen, Rad fahren oder trainieren, Ihre Uhr zeichnet die wichtigsten Leistungsmessungen wie Geschwindigkeit, Distanz, Herzfrequenz, Runden und vieles mehr auf. In der Tissot T-Connect App k\u00f6nnen Sie auf detaillierte Statistiken zugreifen, einschlie\u00dflich Trainingszonen und VO2 max, die f\u00fcr Laufaktivit\u00e4ten verf\u00fcgbar sind.<\/p>\n","protected":false},"excerpt":{"rendered":"<p>TISSOT T-CONNECT Verbinden Sie Ihre Uhr mit der Tissot T-Connect App, um detaillierte Informationen \u00fcber Ihre Aktivit\u00e4ten und Leistungen zu erhalten. Halten Sie sich mit regelm\u00e4\u00dfigen Software-Updates \u00fcber die neuesten Funktionen und Verbesserungen auf dem Laufenden. INTELLIGENTE BENACHRICHTIGUNGEN Bleiben Sie den ganzen Tag \u00fcber in Verbindung. Ihre Tissot Connected Watch benachrichtigt Sie \u00fcber eingehende Anrufe, &#8230; <a title=\"Tissot T-Touch Connect Sport 43.75mm\" class=\"read-more\" href=\"https:\/\/lediamant.ch\/de\/uhren\/223738-tissot-t-touch-connect-sport-43-75mm-t1534204405101\/\" aria-label=\"Mehr Informationen \u00fcber Tissot T-Touch Connect Sport 43.75mm\">Weiterlesen &#8230;<\/a><\/p>\n","protected":false},"featured_media":224314,"template":"","meta":{"_acf_changed":false,"_seopress_robots_primary_cat":"27159","_seopress_titles_title":"","_seopress_titles_desc":"","_seopress_robots_index":""},"brand":[27087],"product_brand":[],"product_cat":[27159,42062,27377,27123],"product_tag":[],"class_list":{"0":"post-223738","1":"product","2":"type-product","3":"status-publish","4":"has-post-thumbnail","6":"brand-tissot-de","7":"product_cat-tissot-de","8":"product_cat-tissot-t-touch-connect-sport-de","9":"product_cat-touch-uhren","10":"product_cat-uhren","11":"pa_couleurduboitier-schwarz-de","12":"pa_couleurdubracelet-schwarz-de","13":"pa_couleurducadran-schwarz","14":"pa_forme-runden","15":"pa_genre-frau","16":"pa_genre-mann","17":"pa_matiere-titan","18":"pa_matierebraceletmontre-titan-de","19":"pa_mouvement-solar-de","20":"pa_swissmade-ja-de","21":"pa_verre-saphir-de","22":"sales-flash-overlay","23":"woocommerce-text-align-center","24":"woocommerce-image-align-center","25":"do-quantity-buttons","27":"first","28":"instock","29":"taxable","30":"shipping-taxable","31":"purchasable","32":"product-type-simple"},"acf":[],"_links":{"self":[{"href":"https:\/\/lediamant.ch\/de\/wp-json\/wp\/v2\/product\/223738","targetHints":{"allow":["GET"]}}],"collection":[{"href":"https:\/\/lediamant.ch\/de\/wp-json\/wp\/v2\/product"}],"about":[{"href":"https:\/\/lediamant.ch\/de\/wp-json\/wp\/v2\/types\/product"}],"wp:featuredmedia":[{"embeddable":true,"href":"https:\/\/lediamant.ch\/de\/wp-json\/wp\/v2\/media\/224314"}],"wp:attachment":[{"href":"https:\/\/lediamant.ch\/de\/wp-json\/wp\/v2\/media?parent=223738"}],"wp:term":[{"taxonomy":"brand","embeddable":true,"href":"https:\/\/lediamant.ch\/de\/wp-json\/wp\/v2\/brand?post=223738"},{"taxonomy":"product_brand","embeddable":true,"href":"https:\/\/lediamant.ch\/de\/wp-json\/wp\/v2\/product_brand?post=223738"},{"taxonomy":"product_cat","embeddable":true,"href":"https:\/\/lediamant.ch\/de\/wp-json\/wp\/v2\/product_cat?post=223738"},{"taxonomy":"product_tag","embeddable":true,"href":"https:\/\/lediamant.ch\/de\/wp-json\/wp\/v2\/product_tag?post=223738"}],"curies":[{"name":"wp","href":"https:\/\/api.w.org\/{rel}","templated":true}]}}