{"id":223886,"date":"2025-10-02T14:49:53","date_gmt":"2025-10-02T12:49:53","guid":{"rendered":"https:\/\/lediamant.ch\/produit\/unkategorisiert\/tissot-pr-100-40mm-3\/"},"modified":"2025-12-22T17:29:26","modified_gmt":"2025-12-22T16:29:26","slug":"tissot-pr-100-40mm-3","status":"publish","type":"product","link":"https:\/\/lediamant.ch\/de\/uhren\/223886-tissot-pr-100-40mm-3-t1504102201100\/","title":{"rendered":"Tissot PR 100 40mm"},"content":{"rendered":"<p>Seit ihrer Einf\u00fchrung in den fr\u00fchen 1980er Jahren ist die Bestseller-Uhr Tissot PR 100 ihrem Namen treu geblieben. Sie steht f\u00fcr Pr\u00e4zision (P), Robustheit (R) und ist wasserdicht bis zu einem Druck von 10 bar (100 m).<\/p>\n<p>Hergestellt aus hochwertigem 316L-Edelstahl mit ausgezeichneter Korrosionsbest\u00e4ndigkeit und Haltbarkeit, bleibt die \u00c4sthetik der Kollektion \u00fcber die Jahre hinweg erhalten. Dar\u00fcber hinaus verleiht die konische Krone diesem Zeitmesser einen Hauch von Luxus.<\/p>\n<p>Diese Tissot PR 100 hat ein 316L-Edelstahlgeh\u00e4use und ein Swiss Made Quarzwerk.<\/p>\n","protected":false},"excerpt":{"rendered":"<p>Seit ihrer Einf\u00fchrung in den fr\u00fchen 1980er Jahren ist die Bestseller-Uhr Tissot PR 100 ihrem Namen treu geblieben. Sie steht f\u00fcr Pr\u00e4zision (P), Robustheit (R) und ist wasserdicht bis zu einem Druck von 10 bar (100 m). Hergestellt aus hochwertigem 316L-Edelstahl mit ausgezeichneter Korrosionsbest\u00e4ndigkeit und Haltbarkeit, bleibt die \u00c4sthetik der Kollektion \u00fcber die Jahre hinweg &#8230; <a title=\"Tissot PR 100 40mm\" class=\"read-more\" href=\"https:\/\/lediamant.ch\/de\/uhren\/223886-tissot-pr-100-40mm-3-t1504102201100\/\" aria-label=\"Mehr Informationen \u00fcber Tissot PR 100 40mm\">Weiterlesen &#8230;<\/a><\/p>\n","protected":false},"featured_media":223888,"template":"","meta":{"_acf_changed":false,"_seopress_robots_primary_cat":"27159","_seopress_titles_title":"","_seopress_titles_desc":"","_seopress_robots_index":""},"brand":[27087],"product_brand":[],"product_cat":[27159,27245,27513,27123],"product_tag":[],"class_list":{"0":"post-223886","1":"product","2":"type-product","3":"status-publish","4":"has-post-thumbnail","6":"brand-tissot-de","7":"product_cat-tissot-de","8":"product_cat-tissot-classic","9":"product_cat-tissot-pr100","10":"product_cat-uhren","11":"pa_couleurduboitier-zweifarbig-de","12":"pa_couleurdubracelet-bicolor","13":"pa_couleurducadran-weiss","14":"pa_etancheite-100m-de","15":"pa_forme-runden","16":"pa_genre-mann","17":"pa_matiere-zweifarbigstahlgelbgoldpvd","18":"pa_matierebraceletmontre-edelstahl","19":"pa_mouvement-quarzbatterie-de","20":"pa_swissmade-ja-de","21":"pa_verre-saphir-de","22":"sales-flash-overlay","23":"woocommerce-text-align-center","24":"woocommerce-image-align-center","25":"do-quantity-buttons","27":"first","28":"instock","29":"taxable","30":"shipping-taxable","31":"purchasable","32":"product-type-simple"},"acf":[],"_links":{"self":[{"href":"https:\/\/lediamant.ch\/de\/wp-json\/wp\/v2\/product\/223886","targetHints":{"allow":["GET"]}}],"collection":[{"href":"https:\/\/lediamant.ch\/de\/wp-json\/wp\/v2\/product"}],"about":[{"href":"https:\/\/lediamant.ch\/de\/wp-json\/wp\/v2\/types\/product"}],"wp:featuredmedia":[{"embeddable":true,"href":"https:\/\/lediamant.ch\/de\/wp-json\/wp\/v2\/media\/223888"}],"wp:attachment":[{"href":"https:\/\/lediamant.ch\/de\/wp-json\/wp\/v2\/media?parent=223886"}],"wp:term":[{"taxonomy":"brand","embeddable":true,"href":"https:\/\/lediamant.ch\/de\/wp-json\/wp\/v2\/brand?post=223886"},{"taxonomy":"product_brand","embeddable":true,"href":"https:\/\/lediamant.ch\/de\/wp-json\/wp\/v2\/product_brand?post=223886"},{"taxonomy":"product_cat","embeddable":true,"href":"https:\/\/lediamant.ch\/de\/wp-json\/wp\/v2\/product_cat?post=223886"},{"taxonomy":"product_tag","embeddable":true,"href":"https:\/\/lediamant.ch\/de\/wp-json\/wp\/v2\/product_tag?post=223886"}],"curies":[{"name":"wp","href":"https:\/\/api.w.org\/{rel}","templated":true}]}}