{"id":223904,"date":"2025-10-14T14:52:28","date_gmt":"2025-10-14T12:52:28","guid":{"rendered":"https:\/\/lediamant.ch\/produit\/unkategorisiert\/tissot-classic-dream-40mm\/"},"modified":"2025-12-22T16:59:01","modified_gmt":"2025-12-22T15:59:01","slug":"tissot-classic-dream-40mm","status":"publish","type":"product","link":"https:\/\/lediamant.ch\/de\/uhren\/223904-tissot-classic-dream-40mm-t1584072203101\/","title":{"rendered":"Tissot Classic Dream Powermatic 80 40mm"},"content":{"rendered":"<p>Nach der Evolution des Designs wird die Classic Dream mit einem automatischen Uhrwerk wiedergeboren. Der zeitlose Stil macht diese Uhr zu einem zeitlosen Klassiker und verleiht ihr Raffinesse und Eleganz. Die Classic Dream ist mit einem Powermatic 80 Uhrwerk ausgestattet und hat ein Geh\u00e4use aus Edelstahl 316L. Das Zifferblatt wird durch ein kratzfestes Saphirglas gesch\u00fctzt. Das Armband aus 316L-Edelstahl verf\u00fcgt \u00fcber eine Butterfly-Schlie\u00dfe mit Dr\u00fcckern.<\/p>\n","protected":false},"excerpt":{"rendered":"<p>Nach der Evolution des Designs wird die Classic Dream mit einem automatischen Uhrwerk wiedergeboren. Der zeitlose Stil macht diese Uhr zu einem zeitlosen Klassiker und verleiht ihr Raffinesse und Eleganz. Die Classic Dream ist mit einem Powermatic 80 Uhrwerk ausgestattet und hat ein Geh\u00e4use aus Edelstahl 316L. Das Zifferblatt wird durch ein kratzfestes Saphirglas gesch\u00fctzt. &#8230; <a title=\"Tissot Classic Dream Powermatic 80 40mm\" class=\"read-more\" href=\"https:\/\/lediamant.ch\/de\/uhren\/223904-tissot-classic-dream-40mm-t1584072203101\/\" aria-label=\"Mehr Informationen \u00fcber Tissot Classic Dream Powermatic 80 40mm\">Weiterlesen &#8230;<\/a><\/p>\n","protected":false},"featured_media":223923,"template":"","meta":{"_acf_changed":false,"_seopress_robots_primary_cat":"27159","_seopress_titles_title":"","_seopress_titles_desc":"","_seopress_robots_index":""},"brand":[27087],"product_brand":[],"product_cat":[27159,27245,27495,27123],"product_tag":[],"class_list":{"0":"post-223904","1":"product","2":"type-product","3":"status-publish","4":"has-post-thumbnail","6":"brand-tissot-de","7":"product_cat-tissot-de","8":"product_cat-tissot-classic","9":"product_cat-tissot-classic-dream","10":"product_cat-uhren","11":"pa_couleurduboitier-zweifarbig-de","12":"pa_couleurdubracelet-bicolor","13":"pa_couleurducadran-silber","14":"pa_etancheite-50m-de","15":"pa_forme-runden","16":"pa_genre-mann","17":"pa_matiere-zweifarbigstahlrosegoldpvd","18":"pa_matierebraceletmontre-edelstahl","19":"pa_mouvement-automatik-de","20":"pa_swissmade-ja-de","21":"pa_verre-saphir-de","22":"sales-flash-overlay","23":"woocommerce-text-align-center","24":"woocommerce-image-align-center","25":"do-quantity-buttons","27":"first","28":"instock","29":"taxable","30":"shipping-taxable","31":"purchasable","32":"product-type-simple"},"acf":[],"_links":{"self":[{"href":"https:\/\/lediamant.ch\/de\/wp-json\/wp\/v2\/product\/223904","targetHints":{"allow":["GET"]}}],"collection":[{"href":"https:\/\/lediamant.ch\/de\/wp-json\/wp\/v2\/product"}],"about":[{"href":"https:\/\/lediamant.ch\/de\/wp-json\/wp\/v2\/types\/product"}],"wp:featuredmedia":[{"embeddable":true,"href":"https:\/\/lediamant.ch\/de\/wp-json\/wp\/v2\/media\/223923"}],"wp:attachment":[{"href":"https:\/\/lediamant.ch\/de\/wp-json\/wp\/v2\/media?parent=223904"}],"wp:term":[{"taxonomy":"brand","embeddable":true,"href":"https:\/\/lediamant.ch\/de\/wp-json\/wp\/v2\/brand?post=223904"},{"taxonomy":"product_brand","embeddable":true,"href":"https:\/\/lediamant.ch\/de\/wp-json\/wp\/v2\/product_brand?post=223904"},{"taxonomy":"product_cat","embeddable":true,"href":"https:\/\/lediamant.ch\/de\/wp-json\/wp\/v2\/product_cat?post=223904"},{"taxonomy":"product_tag","embeddable":true,"href":"https:\/\/lediamant.ch\/de\/wp-json\/wp\/v2\/product_tag?post=223904"}],"curies":[{"name":"wp","href":"https:\/\/api.w.org\/{rel}","templated":true}]}}