{"id":224123,"date":"2025-10-12T16:42:21","date_gmt":"2025-10-12T14:42:21","guid":{"rendered":"https:\/\/lediamant.ch\/produit\/unkategorisiert\/tissot-pr-100-34mm-8\/"},"modified":"2025-12-17T17:27:38","modified_gmt":"2025-12-17T16:27:38","slug":"tissot-pr-100-34mm-8","status":"publish","type":"product","link":"https:\/\/lediamant.ch\/de\/uhren\/224123-tissot-pr-100-34mm-8-t1502103329100\/","title":{"rendered":"Tissot PR 100 34mm"},"content":{"rendered":"<p>Seit ihrer Einf\u00fchrung in den fr\u00fchen 1980er Jahren ist die Bestseller-Uhr Tissot PR 100 ihrem Namen treu geblieben. Sie steht f\u00fcr Pr\u00e4zision (P&#8220;), Robustheit (&#8222;R&#8220;) und ist wasserdicht bis zu einem Druck von 10 bar (100 m).<\/p>\n<p>Hergestellt aus hochwertigem 316L-Edelstahl mit ausgezeichneter Korrosionsbest\u00e4ndigkeit und Haltbarkeit, bleibt die \u00c4sthetik der Kollektion \u00fcber die Jahre hinweg erhalten. Dar\u00fcber hinaus verleiht die konische Krone diesem Zeitmesser einen Hauch von Luxus.<\/p>\n<p>Diese Tissot PR 100 hat ein 316L-Edelstahlgeh\u00e4use und ein Swiss Made Quarzwerk.<\/p>\n","protected":false},"excerpt":{"rendered":"<p>Seit ihrer Einf\u00fchrung in den fr\u00fchen 1980er Jahren ist die Bestseller-Uhr Tissot PR 100 ihrem Namen treu geblieben. Sie steht f\u00fcr Pr\u00e4zision (P&#8220;), Robustheit (&#8222;R&#8220;) und ist wasserdicht bis zu einem Druck von 10 bar (100 m). Hergestellt aus hochwertigem 316L-Edelstahl mit ausgezeichneter Korrosionsbest\u00e4ndigkeit und Haltbarkeit, bleibt die \u00c4sthetik der Kollektion \u00fcber die Jahre hinweg &#8230; <a title=\"Tissot PR 100 34mm\" class=\"read-more\" href=\"https:\/\/lediamant.ch\/de\/uhren\/224123-tissot-pr-100-34mm-8-t1502103329100\/\" aria-label=\"Mehr Informationen \u00fcber Tissot PR 100 34mm\">Weiterlesen &#8230;<\/a><\/p>\n","protected":false},"featured_media":224124,"template":"","meta":{"_acf_changed":false,"_seopress_robots_primary_cat":"27159","_seopress_titles_title":"","_seopress_titles_desc":"","_seopress_robots_index":""},"brand":[27087],"product_brand":[],"product_cat":[27159,27245,27513,27123],"product_tag":[],"class_list":{"0":"post-224123","1":"product","2":"type-product","3":"status-publish","4":"has-post-thumbnail","6":"brand-tissot-de","7":"product_cat-tissot-de","8":"product_cat-tissot-classic","9":"product_cat-tissot-pr100","10":"product_cat-uhren","11":"pa_couleurduboitier-pinkrosa-de","12":"pa_couleurdubracelet-rosa-de","13":"pa_couleurducadran-braun","14":"pa_etancheite-100m-de","15":"pa_forme-runden","16":"pa_garantie-24monate","17":"pa_genre-frau","18":"pa_matiere-rosegoldpvd","19":"pa_matierebraceletmontre-edelstahl","20":"pa_mouvement-quarzbatterie-de","21":"pa_swissmade-ja-de","22":"pa_verre-saphir-de","23":"sales-flash-overlay","24":"woocommerce-text-align-center","25":"woocommerce-image-align-center","26":"do-quantity-buttons","28":"first","29":"instock","30":"taxable","31":"shipping-taxable","32":"purchasable","33":"product-type-simple"},"acf":[],"_links":{"self":[{"href":"https:\/\/lediamant.ch\/de\/wp-json\/wp\/v2\/product\/224123","targetHints":{"allow":["GET"]}}],"collection":[{"href":"https:\/\/lediamant.ch\/de\/wp-json\/wp\/v2\/product"}],"about":[{"href":"https:\/\/lediamant.ch\/de\/wp-json\/wp\/v2\/types\/product"}],"wp:featuredmedia":[{"embeddable":true,"href":"https:\/\/lediamant.ch\/de\/wp-json\/wp\/v2\/media\/224124"}],"wp:attachment":[{"href":"https:\/\/lediamant.ch\/de\/wp-json\/wp\/v2\/media?parent=224123"}],"wp:term":[{"taxonomy":"brand","embeddable":true,"href":"https:\/\/lediamant.ch\/de\/wp-json\/wp\/v2\/brand?post=224123"},{"taxonomy":"product_brand","embeddable":true,"href":"https:\/\/lediamant.ch\/de\/wp-json\/wp\/v2\/product_brand?post=224123"},{"taxonomy":"product_cat","embeddable":true,"href":"https:\/\/lediamant.ch\/de\/wp-json\/wp\/v2\/product_cat?post=224123"},{"taxonomy":"product_tag","embeddable":true,"href":"https:\/\/lediamant.ch\/de\/wp-json\/wp\/v2\/product_tag?post=224123"}],"curies":[{"name":"wp","href":"https:\/\/api.w.org\/{rel}","templated":true}]}}