{"id":224147,"date":"2025-12-12T16:41:28","date_gmt":"2025-12-12T15:41:28","guid":{"rendered":"https:\/\/lediamant.ch\/produit\/unkategorisiert\/tissot-prx-titane-38mm-2\/"},"modified":"2025-12-17T18:36:40","modified_gmt":"2025-12-17T17:36:40","slug":"tissot-prx-titane-38mm-2","status":"publish","type":"product","link":"https:\/\/lediamant.ch\/de\/uhren\/224147-tissot-prx-titane-38mm-2-t1378074404100\/","title":{"rendered":"Tissot PRX Titanium 38mm"},"content":{"rendered":"<p>Eine Ikone wird mit einem Spitzenmaterial wiedergeboren: Titan. Wenn Sie auf der Suche nach einer schlanken, glatten Uhr mit einem authentischen Touch der 70er Jahre sind, dann suchen Sie nicht weiter als die Tissot PRX Powermatic 80. F\u00fcr Designliebhaber kreiert und mit Merkmalen des 21. Jahrhunderts in einem Tissot-Geh\u00e4use aus dem Jahr 1978 ausgestattet, ist die Tissot PRX ein Muss f\u00fcr alle Uhrenliebhaber. Das Powermatic 80 Uhrwerk mit automatischem Aufzug bietet Zuverl\u00e4ssigkeit und Pr\u00e4zision dank der innovativen NivachronTM Unruhspirale. Mit einer Gangreserve von 80 Stunden ist dies ein modernes Uhrwerk, das f\u00fcr einen aktiven Lebensstil konzipiert wurde.<\/p>\n","protected":false},"excerpt":{"rendered":"<p>Eine Ikone wird mit einem Spitzenmaterial wiedergeboren: Titan. Wenn Sie auf der Suche nach einer schlanken, glatten Uhr mit einem authentischen Touch der 70er Jahre sind, dann suchen Sie nicht weiter als die Tissot PRX Powermatic 80. F\u00fcr Designliebhaber kreiert und mit Merkmalen des 21. Jahrhunderts in einem Tissot-Geh\u00e4use aus dem Jahr 1978 ausgestattet, ist &#8230; <a title=\"Tissot PRX Titanium 38mm\" class=\"read-more\" href=\"https:\/\/lediamant.ch\/de\/uhren\/224147-tissot-prx-titane-38mm-2-t1378074404100\/\" aria-label=\"Mehr Informationen \u00fcber Tissot PRX Titanium 38mm\">Weiterlesen &#8230;<\/a><\/p>\n","protected":false},"featured_media":224148,"template":"","meta":{"_acf_changed":false,"_seopress_robots_primary_cat":"27159","_seopress_titles_title":"","_seopress_titles_desc":"","_seopress_robots_index":""},"brand":[27087],"product_brand":[],"product_cat":[27123,27159,27245,27389],"product_tag":[],"class_list":{"0":"post-224147","1":"product","2":"type-product","3":"status-publish","4":"has-post-thumbnail","6":"brand-tissot-de","7":"product_cat-uhren","8":"product_cat-tissot-de","9":"product_cat-tissot-classic","10":"product_cat-tissot-prx","11":"pa_couleurduboitier-grau-de","12":"pa_couleurdubracelet-grau-de","13":"pa_couleurducadran-blau","14":"pa_etancheite-100m-de","15":"pa_forme-fass-de","16":"pa_genre-frau","17":"pa_genre-mann","18":"pa_matiere-titan","19":"pa_matierebraceletmontre-titan-de","20":"pa_mouvement-automatik-de","21":"pa_option-boitier-transparenter-hintergrund","22":"pa_swissmade-ja-de","23":"pa_verre-saphir-de","24":"sales-flash-overlay","25":"woocommerce-text-align-center","26":"woocommerce-image-align-center","27":"do-quantity-buttons","29":"first","30":"instock","31":"taxable","32":"shipping-taxable","33":"purchasable","34":"product-type-simple"},"acf":[],"_links":{"self":[{"href":"https:\/\/lediamant.ch\/de\/wp-json\/wp\/v2\/product\/224147","targetHints":{"allow":["GET"]}}],"collection":[{"href":"https:\/\/lediamant.ch\/de\/wp-json\/wp\/v2\/product"}],"about":[{"href":"https:\/\/lediamant.ch\/de\/wp-json\/wp\/v2\/types\/product"}],"wp:featuredmedia":[{"embeddable":true,"href":"https:\/\/lediamant.ch\/de\/wp-json\/wp\/v2\/media\/224148"}],"wp:attachment":[{"href":"https:\/\/lediamant.ch\/de\/wp-json\/wp\/v2\/media?parent=224147"}],"wp:term":[{"taxonomy":"brand","embeddable":true,"href":"https:\/\/lediamant.ch\/de\/wp-json\/wp\/v2\/brand?post=224147"},{"taxonomy":"product_brand","embeddable":true,"href":"https:\/\/lediamant.ch\/de\/wp-json\/wp\/v2\/product_brand?post=224147"},{"taxonomy":"product_cat","embeddable":true,"href":"https:\/\/lediamant.ch\/de\/wp-json\/wp\/v2\/product_cat?post=224147"},{"taxonomy":"product_tag","embeddable":true,"href":"https:\/\/lediamant.ch\/de\/wp-json\/wp\/v2\/product_tag?post=224147"}],"curies":[{"name":"wp","href":"https:\/\/api.w.org\/{rel}","templated":true}]}}