{"id":224158,"date":"2025-12-12T16:41:00","date_gmt":"2025-12-12T15:41:00","guid":{"rendered":"https:\/\/lediamant.ch\/produit\/unkategorisiert\/tissot-pr-100-40mm-6\/"},"modified":"2025-12-19T16:47:35","modified_gmt":"2025-12-19T15:47:35","slug":"tissot-pr-100-40mm-6","status":"publish","type":"product","link":"https:\/\/lediamant.ch\/de\/uhren\/224158-tissot-pr-100-40mm-6-t1504171101100\/","title":{"rendered":"Tissot PR 100 Chronograph 40mm"},"content":{"rendered":"<p>Ein Erfolg, den die neue Tissot PR 100 mit ihren einfachen und klaren Linien fortsetzt. Die mit Super-LumiNova\u00ae beschichteten Zeiger und die konische Krone verleihen der Uhr einen zus\u00e4tzlichen Hauch von Luxus. Das zuverl\u00e4ssige Schweizer Quarzwerk garantiert h\u00f6chste Pr\u00e4zision, so dass Sie mit Zuversicht durch den Tag gehen k\u00f6nnen. Die PR100-Kollektion bietet sportliche und elegante Quarz-Chronographen in verschiedenen Farben. Das Quarzwerk G10.212 Chrono bietet Pr\u00e4zision und Robustheit, erg\u00e4nzt durch eine Wasserdichtigkeit bis zu 10 bar (100 Meter\/330 Fu\u00df).<\/p>\n","protected":false},"excerpt":{"rendered":"<p>Ein Erfolg, den die neue Tissot PR 100 mit ihren einfachen und klaren Linien fortsetzt. Die mit Super-LumiNova\u00ae beschichteten Zeiger und die konische Krone verleihen der Uhr einen zus\u00e4tzlichen Hauch von Luxus. Das zuverl\u00e4ssige Schweizer Quarzwerk garantiert h\u00f6chste Pr\u00e4zision, so dass Sie mit Zuversicht durch den Tag gehen k\u00f6nnen. Die PR100-Kollektion bietet sportliche und elegante &#8230; <a title=\"Tissot PR 100 Chronograph 40mm\" class=\"read-more\" href=\"https:\/\/lediamant.ch\/de\/uhren\/224158-tissot-pr-100-40mm-6-t1504171101100\/\" aria-label=\"Mehr Informationen \u00fcber Tissot PR 100 Chronograph 40mm\">Weiterlesen &#8230;<\/a><\/p>\n","protected":false},"featured_media":224160,"template":"","meta":{"_acf_changed":false,"_seopress_robots_primary_cat":"27159","_seopress_titles_title":"","_seopress_titles_desc":"","_seopress_robots_index":""},"brand":[27087],"product_brand":[],"product_cat":[27159,27245,27513,27123],"product_tag":[],"class_list":{"0":"post-224158","1":"product","2":"type-product","3":"status-publish","4":"has-post-thumbnail","6":"brand-tissot-de","7":"product_cat-tissot-de","8":"product_cat-tissot-classic","9":"product_cat-tissot-pr100","10":"product_cat-uhren","11":"pa_couleurduboitier-grau-de","12":"pa_couleurdubracelet-grau-de","13":"pa_couleurducadran-weiss","14":"pa_etancheite-100m-de","15":"pa_forme-runden","16":"pa_garantie-24monate","17":"pa_genre-mann","18":"pa_matiere-stahl","19":"pa_matierebraceletmontre-edelstahl","20":"pa_mouvement-quarzbatterie-de","21":"pa_swissmade-ja-de","22":"pa_typedemontre-chronograph-de","23":"pa_verre-saphir-de","24":"sales-flash-overlay","25":"woocommerce-text-align-center","26":"woocommerce-image-align-center","27":"do-quantity-buttons","29":"first","30":"instock","31":"taxable","32":"shipping-taxable","33":"purchasable","34":"product-type-simple"},"acf":[],"_links":{"self":[{"href":"https:\/\/lediamant.ch\/de\/wp-json\/wp\/v2\/product\/224158","targetHints":{"allow":["GET"]}}],"collection":[{"href":"https:\/\/lediamant.ch\/de\/wp-json\/wp\/v2\/product"}],"about":[{"href":"https:\/\/lediamant.ch\/de\/wp-json\/wp\/v2\/types\/product"}],"wp:featuredmedia":[{"embeddable":true,"href":"https:\/\/lediamant.ch\/de\/wp-json\/wp\/v2\/media\/224160"}],"wp:attachment":[{"href":"https:\/\/lediamant.ch\/de\/wp-json\/wp\/v2\/media?parent=224158"}],"wp:term":[{"taxonomy":"brand","embeddable":true,"href":"https:\/\/lediamant.ch\/de\/wp-json\/wp\/v2\/brand?post=224158"},{"taxonomy":"product_brand","embeddable":true,"href":"https:\/\/lediamant.ch\/de\/wp-json\/wp\/v2\/product_brand?post=224158"},{"taxonomy":"product_cat","embeddable":true,"href":"https:\/\/lediamant.ch\/de\/wp-json\/wp\/v2\/product_cat?post=224158"},{"taxonomy":"product_tag","embeddable":true,"href":"https:\/\/lediamant.ch\/de\/wp-json\/wp\/v2\/product_tag?post=224158"}],"curies":[{"name":"wp","href":"https:\/\/api.w.org\/{rel}","templated":true}]}}