{"id":224184,"date":"2025-11-24T16:35:07","date_gmt":"2025-11-24T15:35:07","guid":{"rendered":"https:\/\/lediamant.ch\/produit\/unkategorisiert\/tissot-le-locle-39mm\/"},"modified":"2025-12-22T14:07:09","modified_gmt":"2025-12-22T13:07:09","slug":"tissot-le-locle-39mm","status":"publish","type":"product","link":"https:\/\/lediamant.ch\/de\/uhren\/224184-tissot-le-locle-39mm-t0064071604300\/","title":{"rendered":"Tissot Le Locle Powermatic 80 39mm"},"content":{"rendered":"<div id=\"collapseOne\" class=\"collapse show\" aria-labelledby=\"headingOne\" data-parent=\"#accordionContainer\">\n<p class=\"ti-fs-14 mt-10 mb-24 pr-lg-30 ti-pdp-details-content\">Die blo\u00dfe Erw\u00e4hnung des Namens Le Locle scheint allein schon eine Erfolgszutat zu sein. Die r\u00f6mischen Ziffern und die traditionelle Le Locle-Signatur vervollst\u00e4ndigen dieses Bild klassischer Eleganz, das sich sowohl tags\u00fcber als auch abends hervorragend tragen l\u00e4sst.<\/p>\n<\/div>\n","protected":false},"excerpt":{"rendered":"<p>Die blo\u00dfe Erw\u00e4hnung des Namens Le Locle scheint allein schon eine Erfolgszutat zu sein. Die r\u00f6mischen Ziffern und die traditionelle Le Locle-Signatur vervollst\u00e4ndigen dieses Bild klassischer Eleganz, das sich sowohl tags\u00fcber als auch abends hervorragend tragen l\u00e4sst.<\/p>\n","protected":false},"featured_media":224190,"template":"","meta":{"_acf_changed":false,"_seopress_robots_primary_cat":"27159","_seopress_titles_title":"","_seopress_titles_desc":"","_seopress_robots_index":""},"brand":[27087],"product_brand":[],"product_cat":[27123,27159,27245,27473],"product_tag":[],"class_list":{"0":"post-224184","1":"product","2":"type-product","3":"status-publish","4":"has-post-thumbnail","6":"brand-tissot-de","7":"product_cat-uhren","8":"product_cat-tissot-de","9":"product_cat-tissot-classic","10":"product_cat-tissot-le-locle","11":"pa_couleurduboitier-grau-de","12":"pa_couleurdubracelet-blau-de","13":"pa_couleurducadran-blau","14":"pa_etancheite-30m-de","15":"pa_forme-runden","16":"pa_genre-frau","17":"pa_genre-mann","18":"pa_matiere-stahl","19":"pa_matierebraceletmontre-leder","20":"pa_mouvement-automatik-de","21":"pa_option-boitier-transparenter-hintergrund","22":"pa_swissmade-ja-de","23":"pa_verre-saphir-de","24":"sales-flash-overlay","25":"woocommerce-text-align-center","26":"woocommerce-image-align-center","27":"do-quantity-buttons","29":"first","30":"instock","31":"taxable","32":"shipping-taxable","33":"purchasable","34":"product-type-simple"},"acf":[],"_links":{"self":[{"href":"https:\/\/lediamant.ch\/de\/wp-json\/wp\/v2\/product\/224184","targetHints":{"allow":["GET"]}}],"collection":[{"href":"https:\/\/lediamant.ch\/de\/wp-json\/wp\/v2\/product"}],"about":[{"href":"https:\/\/lediamant.ch\/de\/wp-json\/wp\/v2\/types\/product"}],"wp:featuredmedia":[{"embeddable":true,"href":"https:\/\/lediamant.ch\/de\/wp-json\/wp\/v2\/media\/224190"}],"wp:attachment":[{"href":"https:\/\/lediamant.ch\/de\/wp-json\/wp\/v2\/media?parent=224184"}],"wp:term":[{"taxonomy":"brand","embeddable":true,"href":"https:\/\/lediamant.ch\/de\/wp-json\/wp\/v2\/brand?post=224184"},{"taxonomy":"product_brand","embeddable":true,"href":"https:\/\/lediamant.ch\/de\/wp-json\/wp\/v2\/product_brand?post=224184"},{"taxonomy":"product_cat","embeddable":true,"href":"https:\/\/lediamant.ch\/de\/wp-json\/wp\/v2\/product_cat?post=224184"},{"taxonomy":"product_tag","embeddable":true,"href":"https:\/\/lediamant.ch\/de\/wp-json\/wp\/v2\/product_tag?post=224184"}],"curies":[{"name":"wp","href":"https:\/\/api.w.org\/{rel}","templated":true}]}}