{"id":224207,"date":"2025-05-12T16:36:34","date_gmt":"2025-05-12T14:36:34","guid":{"rendered":"https:\/\/lediamant.ch\/produit\/unkategorisiert\/tissot-prx-gold-35mm\/"},"modified":"2025-12-22T13:26:14","modified_gmt":"2025-12-22T12:26:14","slug":"tissot-prx-gold-35mm","status":"publish","type":"product","link":"https:\/\/lediamant.ch\/de\/uhren\/224207-tissot-prx-gold-35mm-t9312074135100\/","title":{"rendered":"Tissot PRX Powermatic 80 Stahl\/Gold 18k. 35mm"},"content":{"rendered":"<p>1978 entwickelte Tissot ein Quarzmodell, das sich durch ein schlankes Geh\u00e4use, schmale Indizes und ein Stahlarmband auszeichnete. Seine breite, horizontale Befestigung, die typisch f\u00fcr die damalige Zeit war, war perfekt in das flache, tonnenf\u00f6rmige Geh\u00e4use integriert. Einige Jahre sp\u00e4ter meldete Tissot den Namen PRX an. &#8222;PR&#8220; steht f\u00fcr &#8222;pr\u00e4zise&#8220; und &#8222;robust&#8220;. Das &#8222;X&#8220; steht f\u00fcr die r\u00f6mische Zahl zehn und den Druck von 10 bar, was einer Tiefe von 100 Metern entspricht, bis zu der die Uhr wasserdicht bleibt. Im Jahr 2021 stellte Tissot die neue PRX vor, eine moderne Interpretation des Vorg\u00e4ngermodells.<\/p>\n<p>Diese neue PRX hat ein 35 mm gro\u00dfes Geh\u00e4use aus 316L-Edelstahl. Die Tissot PRX Powermatic 80 Stahl &amp; 18 Karat Gold ist mit einer geriffelten L\u00fcnette aus echtem 18 Karat Ros\u00e9gold ausgestattet, die - zusammen mit den gleichfarbigen Indizes und Zeigern - einen sch\u00f6nen Kontrast zu dem eisblauen Zifferblatt bildet.<\/p>\n<p>Diese PRX ist mit einem kratzfesten, beidseitig entspiegelten Saphirglas und einem transparenten Boden aus Mineralglas ausgestattet. Die Uhr hat ein Armband aus 316L-Edelstahl mit Schnellwechselsystem und eine Butterfly-Faltschlie\u00dfe mit Dr\u00fcckern.<\/p>\n","protected":false},"excerpt":{"rendered":"<p>1978 entwickelte Tissot ein Quarzmodell, das sich durch ein schlankes Geh\u00e4use, schmale Indizes und ein Stahlarmband auszeichnete. Seine breite, horizontale Befestigung, die typisch f\u00fcr die damalige Zeit war, war perfekt in das flache, tonnenf\u00f6rmige Geh\u00e4use integriert. Einige Jahre sp\u00e4ter meldete Tissot den Namen PRX an. &#8222;PR&#8220; steht f\u00fcr &#8222;pr\u00e4zise&#8220; und &#8222;robust&#8220;. Das &#8222;X&#8220; steht f\u00fcr &#8230; <a title=\"Tissot PRX Powermatic 80 Stahl\/Gold 18k. 35mm\" class=\"read-more\" href=\"https:\/\/lediamant.ch\/de\/uhren\/224207-tissot-prx-gold-35mm-t9312074135100\/\" aria-label=\"Mehr Informationen \u00fcber Tissot PRX Powermatic 80 Stahl\/Gold 18k. 35mm\">Weiterlesen &#8230;<\/a><\/p>\n","protected":false},"featured_media":224208,"template":"","meta":{"_acf_changed":false,"_seopress_robots_primary_cat":"27159","_seopress_titles_title":"","_seopress_titles_desc":"","_seopress_robots_index":""},"brand":[27087],"product_brand":[],"product_cat":[27159,27389,27123],"product_tag":[],"class_list":{"0":"post-224207","1":"product","2":"type-product","3":"status-publish","4":"has-post-thumbnail","6":"brand-tissot-de","7":"product_cat-tissot-de","8":"product_cat-tissot-prx","9":"product_cat-uhren","10":"pa_couleurdubracelet-grau-de","11":"pa_couleurducadran-blau","12":"pa_etancheite-100m-de","13":"pa_forme-fass-de","14":"pa_genre-frau","15":"pa_genre-mann","16":"pa_matiere-bicolorstahlrosegold75018kt","17":"pa_matierebraceletmontre-edelstahl","18":"pa_mouvement-automatik-de","19":"pa_swissmade-ja-de","20":"pa_verre-saphir-de","21":"sales-flash-overlay","22":"woocommerce-text-align-center","23":"woocommerce-image-align-center","24":"do-quantity-buttons","26":"first","27":"instock","28":"taxable","29":"shipping-taxable","30":"purchasable","31":"product-type-simple"},"acf":[],"_links":{"self":[{"href":"https:\/\/lediamant.ch\/de\/wp-json\/wp\/v2\/product\/224207","targetHints":{"allow":["GET"]}}],"collection":[{"href":"https:\/\/lediamant.ch\/de\/wp-json\/wp\/v2\/product"}],"about":[{"href":"https:\/\/lediamant.ch\/de\/wp-json\/wp\/v2\/types\/product"}],"wp:featuredmedia":[{"embeddable":true,"href":"https:\/\/lediamant.ch\/de\/wp-json\/wp\/v2\/media\/224208"}],"wp:attachment":[{"href":"https:\/\/lediamant.ch\/de\/wp-json\/wp\/v2\/media?parent=224207"}],"wp:term":[{"taxonomy":"brand","embeddable":true,"href":"https:\/\/lediamant.ch\/de\/wp-json\/wp\/v2\/brand?post=224207"},{"taxonomy":"product_brand","embeddable":true,"href":"https:\/\/lediamant.ch\/de\/wp-json\/wp\/v2\/product_brand?post=224207"},{"taxonomy":"product_cat","embeddable":true,"href":"https:\/\/lediamant.ch\/de\/wp-json\/wp\/v2\/product_cat?post=224207"},{"taxonomy":"product_tag","embeddable":true,"href":"https:\/\/lediamant.ch\/de\/wp-json\/wp\/v2\/product_tag?post=224207"}],"curies":[{"name":"wp","href":"https:\/\/api.w.org\/{rel}","templated":true}]}}