{"id":224213,"date":"2025-09-12T16:36:03","date_gmt":"2025-09-12T14:36:03","guid":{"rendered":"https:\/\/lediamant.ch\/produit\/unkategorisiert\/tissot-le-locle-29mm-3\/"},"modified":"2025-12-22T13:42:35","modified_gmt":"2025-12-22T12:42:35","slug":"tissot-le-locle-29mm-3","status":"publish","type":"product","link":"https:\/\/lediamant.ch\/de\/uhren\/224213-tissot-le-locle-29mm-3-t0062071604600\/","title":{"rendered":"Tissot Le Locle Automatic Diamond 29mm"},"content":{"rendered":"<div id=\"collapseOne\" class=\"collapse show\" aria-labelledby=\"headingOne\" data-parent=\"#accordionContainer\">\n<p class=\"ti-fs-14 mt-10 mb-24 pr-lg-30 ti-pdp-details-content\">Die Tissot Le Locle Automatik ist eine ebenso reiche wie sch\u00f6ne Serie. Dieser Zeitmesser ist ein echtes historisches St\u00fcck und verk\u00f6rpert den Innovationsgeist, der Tissot seit \u00fcber einem Jahrhundert ausmacht. Dieses Modell hat ein blaues Zifferblatt mit Diamanten in den Indizes. Dieses Modell ist mit einer patentierten Nivachron\u2122-Unruhspirale ausgestattet, die die Auswirkungen von Magnetfeldern erheblich abschw\u00e4cht und gleichzeitig sto\u00dffest, alterungsbest\u00e4ndig und temperaturbest\u00e4ndig ist. Die Uhr verf\u00fcgt au\u00dferdem \u00fcber eine Datumsfunktion und einen transparenten Geh\u00e4useboden, der einen Blick auf die interne Mechanik erlaubt. Das Lederarmband ist mit einer Butterfly-Schlie\u00dfe mit Druckkn\u00f6pfen ausgestattet. Es ist leicht zu \u00f6ffnen und austauschbar.<\/p>\n<\/div>\n","protected":false},"excerpt":{"rendered":"<p>Die Tissot Le Locle Automatik ist eine ebenso reiche wie sch\u00f6ne Serie. Dieser Zeitmesser ist ein echtes historisches St\u00fcck und verk\u00f6rpert den Innovationsgeist, der Tissot seit \u00fcber einem Jahrhundert ausmacht. Dieses Modell hat ein blaues Zifferblatt mit Diamanten in den Indizes. Dieses Modell ist mit einer patentierten Nivachron\u2122-Unruhspirale ausgestattet, die die Auswirkungen von Magnetfeldern erheblich &#8230; <a title=\"Tissot Le Locle Automatic Diamond 29mm\" class=\"read-more\" href=\"https:\/\/lediamant.ch\/de\/uhren\/224213-tissot-le-locle-29mm-3-t0062071604600\/\" aria-label=\"Mehr Informationen \u00fcber Tissot Le Locle Automatic Diamond 29mm\">Weiterlesen &#8230;<\/a><\/p>\n","protected":false},"featured_media":224214,"template":"","meta":{"_acf_changed":false,"_seopress_robots_primary_cat":"27159","_seopress_titles_title":"","_seopress_titles_desc":"","_seopress_robots_index":""},"brand":[27087],"product_brand":[],"product_cat":[27159,27245,27473,27123],"product_tag":[],"class_list":{"0":"post-224213","1":"product","2":"type-product","3":"status-publish","4":"has-post-thumbnail","6":"brand-tissot-de","7":"product_cat-tissot-de","8":"product_cat-tissot-classic","9":"product_cat-tissot-le-locle","10":"product_cat-uhren","11":"pa_couleurduboitier-grau-de","12":"pa_couleurdubracelet-blau-de","13":"pa_couleurducadran-blau","14":"pa_detail-de-s-pierres-s-12-diamanten-005-ct","15":"pa_etancheite-30m-de","16":"pa_forme-runden","17":"pa_genre-frau","18":"pa_matiere-stahl","19":"pa_matierebraceletmontre-leder","20":"pa_mouvement-automatik-de","21":"pa_option-boitier-transparenter-hintergrund","22":"pa_swissmade-ja-de","23":"pa_typedemontre-uhrenmitdiamanten","24":"pa_verre-saphir-de","25":"sales-flash-overlay","26":"woocommerce-text-align-center","27":"woocommerce-image-align-center","28":"do-quantity-buttons","30":"first","31":"instock","32":"taxable","33":"shipping-taxable","34":"purchasable","35":"product-type-simple"},"acf":[],"_links":{"self":[{"href":"https:\/\/lediamant.ch\/de\/wp-json\/wp\/v2\/product\/224213","targetHints":{"allow":["GET"]}}],"collection":[{"href":"https:\/\/lediamant.ch\/de\/wp-json\/wp\/v2\/product"}],"about":[{"href":"https:\/\/lediamant.ch\/de\/wp-json\/wp\/v2\/types\/product"}],"wp:featuredmedia":[{"embeddable":true,"href":"https:\/\/lediamant.ch\/de\/wp-json\/wp\/v2\/media\/224214"}],"wp:attachment":[{"href":"https:\/\/lediamant.ch\/de\/wp-json\/wp\/v2\/media?parent=224213"}],"wp:term":[{"taxonomy":"brand","embeddable":true,"href":"https:\/\/lediamant.ch\/de\/wp-json\/wp\/v2\/brand?post=224213"},{"taxonomy":"product_brand","embeddable":true,"href":"https:\/\/lediamant.ch\/de\/wp-json\/wp\/v2\/product_brand?post=224213"},{"taxonomy":"product_cat","embeddable":true,"href":"https:\/\/lediamant.ch\/de\/wp-json\/wp\/v2\/product_cat?post=224213"},{"taxonomy":"product_tag","embeddable":true,"href":"https:\/\/lediamant.ch\/de\/wp-json\/wp\/v2\/product_tag?post=224213"}],"curies":[{"name":"wp","href":"https:\/\/api.w.org\/{rel}","templated":true}]}}