{"id":224219,"date":"2025-07-05T16:35:35","date_gmt":"2025-07-05T14:35:35","guid":{"rendered":"https:\/\/lediamant.ch\/produit\/unkategorisiert\/tissot-le-locle-gold-39mm\/"},"modified":"2025-12-22T13:54:11","modified_gmt":"2025-12-22T12:54:11","slug":"tissot-le-locle-gold-39mm","status":"publish","type":"product","link":"https:\/\/lediamant.ch\/de\/uhren\/224219-tissot-le-locle-gold-39mm-t9324084604300\/","title":{"rendered":"Tissot Le Locle Powermatic 80 Stahl\/Rotgold 18k 39mm"},"content":{"rendered":"<p>Die Linie Le Locle, die nach der Heimatstadt von Tissot benannt ist und zur Feier des 150-j\u00e4hrigen Jubil\u00e4ums kreiert wurde, verk\u00f6rpert perfekt die DNA und die handwerklichen Werte der Marke. Die Le Locle Powermatic 80 wird von unserem Powermatic 80 Uhrwerk mit einer Gangreserve von 80 Stunden angetrieben und ist mit wundersch\u00f6nen r\u00f6mischen Ziffern und der traditionellen Le Locle Signatur versehen.<\/p>\n<p>Entdecken Sie dieses Modell mit blauem Zifferblatt und passendem Lederarmband, mit einer wundersch\u00f6nen geriffelten L\u00fcnette aus 18 Karat Ros\u00e9gold f\u00fcr einen schicken und eleganten Look.<\/p>\n","protected":false},"excerpt":{"rendered":"<p>Die Linie Le Locle, die nach der Heimatstadt von Tissot benannt ist und zur Feier des 150-j\u00e4hrigen Jubil\u00e4ums kreiert wurde, verk\u00f6rpert perfekt die DNA und die handwerklichen Werte der Marke. Die Le Locle Powermatic 80 wird von unserem Powermatic 80 Uhrwerk mit einer Gangreserve von 80 Stunden angetrieben und ist mit wundersch\u00f6nen r\u00f6mischen Ziffern und &#8230; <a title=\"Tissot Le Locle Powermatic 80 Stahl\/Rotgold 18k 39mm\" class=\"read-more\" href=\"https:\/\/lediamant.ch\/de\/uhren\/224219-tissot-le-locle-gold-39mm-t9324084604300\/\" aria-label=\"Mehr Informationen \u00fcber Tissot Le Locle Powermatic 80 Stahl\/Rotgold 18k 39mm\">Weiterlesen &#8230;<\/a><\/p>\n","protected":false},"featured_media":224220,"template":"","meta":{"_acf_changed":false,"_seopress_robots_primary_cat":"27159","_seopress_titles_title":"","_seopress_titles_desc":"","_seopress_robots_index":""},"brand":[27087],"product_brand":[],"product_cat":[27159,27245,27473,27123],"product_tag":[],"class_list":{"0":"post-224219","1":"product","2":"type-product","3":"status-publish","4":"has-post-thumbnail","6":"brand-tissot-de","7":"product_cat-tissot-de","8":"product_cat-tissot-classic","9":"product_cat-tissot-le-locle","10":"product_cat-uhren","11":"pa_couleurduboitier-zweifarbig-de","12":"pa_couleurdubracelet-blau-de","13":"pa_couleurducadran-blau","14":"pa_etancheite-30m-de","15":"pa_forme-runden","16":"pa_genre-frau","17":"pa_genre-mann","18":"pa_matiere-bicolorstahlrosegold75018kt","19":"pa_matierebraceletmontre-leder","20":"pa_mouvement-automatik-de","21":"pa_option-boitier-transparenter-hintergrund","22":"pa_swissmade-ja-de","23":"pa_typedemontre-chronometer","24":"pa_verre-saphir-de","25":"sales-flash-overlay","26":"woocommerce-text-align-center","27":"woocommerce-image-align-center","28":"do-quantity-buttons","30":"first","31":"instock","32":"taxable","33":"shipping-taxable","34":"purchasable","35":"product-type-simple"},"acf":[],"_links":{"self":[{"href":"https:\/\/lediamant.ch\/de\/wp-json\/wp\/v2\/product\/224219","targetHints":{"allow":["GET"]}}],"collection":[{"href":"https:\/\/lediamant.ch\/de\/wp-json\/wp\/v2\/product"}],"about":[{"href":"https:\/\/lediamant.ch\/de\/wp-json\/wp\/v2\/types\/product"}],"wp:featuredmedia":[{"embeddable":true,"href":"https:\/\/lediamant.ch\/de\/wp-json\/wp\/v2\/media\/224220"}],"wp:attachment":[{"href":"https:\/\/lediamant.ch\/de\/wp-json\/wp\/v2\/media?parent=224219"}],"wp:term":[{"taxonomy":"brand","embeddable":true,"href":"https:\/\/lediamant.ch\/de\/wp-json\/wp\/v2\/brand?post=224219"},{"taxonomy":"product_brand","embeddable":true,"href":"https:\/\/lediamant.ch\/de\/wp-json\/wp\/v2\/product_brand?post=224219"},{"taxonomy":"product_cat","embeddable":true,"href":"https:\/\/lediamant.ch\/de\/wp-json\/wp\/v2\/product_cat?post=224219"},{"taxonomy":"product_tag","embeddable":true,"href":"https:\/\/lediamant.ch\/de\/wp-json\/wp\/v2\/product_tag?post=224219"}],"curies":[{"name":"wp","href":"https:\/\/api.w.org\/{rel}","templated":true}]}}