{"id":224522,"date":"2025-12-23T14:24:00","date_gmt":"2025-12-23T13:24:00","guid":{"rendered":"https:\/\/lediamant.ch\/?post_type=product&#038;p=224522"},"modified":"2025-12-23T14:38:36","modified_gmt":"2025-12-23T13:38:36","slug":"maurice-lacroix-1975-auto-vagues-du-jura-green","status":"publish","type":"product","link":"https:\/\/lediamant.ch\/de\/uhren\/224522-maurice-lacroix-1975-auto-vagues-du-jura-green-756058-ss002-630-1\/","title":{"rendered":"Maurice Lacroix 1975 Auto Vagues du Jura Green"},"content":{"rendered":"<p>Als Hommage an 50 Jahre uhrmacherisches K\u00f6nnen pr\u00e4sentiert Maurice Lacroix die 1975 Automatic Day Date Vagues du Jura Green, ein auf nur 500 Exemplare limitiertes Sammlerst\u00fcck. Dieses Modell f\u00e4ngt die Seele seiner Urspr\u00fcnge im Herzen des Schweizer Jura ein. Das Zifferblatt ist in einem charakteristischen &#8222;Tannengr\u00fcn&#8220; gehalten, das von den bewaldeten H\u00fcgeln rund um Saignel\u00e9gier inspiriert ist. Es ist mit dem exklusiven Motiv &#8222;Vagues du Jura&#8220; verziert, das an die lokale Landschaft erinnert.<\/p>\n","protected":false},"excerpt":{"rendered":"<p>Als Hommage an 50 Jahre uhrmacherisches K\u00f6nnen pr\u00e4sentiert Maurice Lacroix die 1975 Automatic Day Date Vagues du Jura Green, ein auf nur 500 Exemplare limitiertes Sammlerst\u00fcck. Dieses Modell f\u00e4ngt die Seele seiner Urspr\u00fcnge im Herzen des Schweizer Jura ein. Das Zifferblatt ist in einem charakteristischen &#8222;Tannengr\u00fcn&#8220; gehalten, das von den bewaldeten H\u00fcgeln rund um Saignel\u00e9gier &#8230; <a title=\"Maurice Lacroix 1975 Auto Vagues du Jura Green\" class=\"read-more\" href=\"https:\/\/lediamant.ch\/de\/uhren\/224522-maurice-lacroix-1975-auto-vagues-du-jura-green-756058-ss002-630-1\/\" aria-label=\"Mehr Informationen \u00fcber Maurice Lacroix 1975 Auto Vagues du Jura Green\">Weiterlesen &#8230;<\/a><\/p>\n","protected":false},"featured_media":224524,"template":"","meta":{"_acf_changed":false,"_seopress_robots_primary_cat":"27149","_seopress_titles_title":"","_seopress_titles_desc":"Entdecken Sie den eleganten Stil und die klaren Proportionen der Kollektion 1975, eine perfekte Mischung aus Vintage-Vibe und zeitlosem Charme.","_seopress_robots_index":""},"brand":[27103],"product_brand":[],"product_cat":[42009,27149,27123],"product_tag":[],"class_list":{"0":"post-224522","1":"product","2":"type-product","3":"status-publish","4":"has-post-thumbnail","6":"brand-mauricelacroix-de","7":"product_cat-1975-de","8":"product_cat-maurice-lacroix-de","9":"product_cat-uhren","10":"pa_couleurduboitier-grau-de","11":"pa_couleurdubracelet-grau-de","12":"pa_couleurducadran-grun","13":"pa_etancheite-50m-de","14":"pa_forme-runden","15":"pa_genre-frau","16":"pa_genre-mann","17":"pa_limitededition-500-exemplare","18":"pa_matiere-stahl","19":"pa_matierebraceletmontre-edelstahl","20":"pa_modele-de-mouvement-ml168-sw240","21":"pa_mouvement-automatik-de","22":"pa_swissmade-ja-de","23":"pa_verre-saphir-de","24":"sales-flash-overlay","25":"woocommerce-text-align-center","26":"woocommerce-image-align-center","27":"do-quantity-buttons","29":"first","30":"instock","31":"taxable","32":"shipping-taxable","33":"purchasable","34":"product-type-simple"},"acf":[],"_links":{"self":[{"href":"https:\/\/lediamant.ch\/de\/wp-json\/wp\/v2\/product\/224522","targetHints":{"allow":["GET"]}}],"collection":[{"href":"https:\/\/lediamant.ch\/de\/wp-json\/wp\/v2\/product"}],"about":[{"href":"https:\/\/lediamant.ch\/de\/wp-json\/wp\/v2\/types\/product"}],"wp:featuredmedia":[{"embeddable":true,"href":"https:\/\/lediamant.ch\/de\/wp-json\/wp\/v2\/media\/224524"}],"wp:attachment":[{"href":"https:\/\/lediamant.ch\/de\/wp-json\/wp\/v2\/media?parent=224522"}],"wp:term":[{"taxonomy":"brand","embeddable":true,"href":"https:\/\/lediamant.ch\/de\/wp-json\/wp\/v2\/brand?post=224522"},{"taxonomy":"product_brand","embeddable":true,"href":"https:\/\/lediamant.ch\/de\/wp-json\/wp\/v2\/product_brand?post=224522"},{"taxonomy":"product_cat","embeddable":true,"href":"https:\/\/lediamant.ch\/de\/wp-json\/wp\/v2\/product_cat?post=224522"},{"taxonomy":"product_tag","embeddable":true,"href":"https:\/\/lediamant.ch\/de\/wp-json\/wp\/v2\/product_tag?post=224522"}],"curies":[{"name":"wp","href":"https:\/\/api.w.org\/{rel}","templated":true}]}}