{"id":224565,"date":"2025-12-23T15:52:51","date_gmt":"2025-12-23T14:52:51","guid":{"rendered":"https:\/\/lediamant.ch\/?post_type=product&#038;p=224565"},"modified":"2025-12-23T16:04:02","modified_gmt":"2025-12-23T15:04:02","slug":"maurice-lacroix-1975-automatic-duotone-40mm","status":"publish","type":"product","link":"https:\/\/lediamant.ch\/de\/uhren\/224565-maurice-lacroix-1975-automatic-duotone-40mm-756008-pvp12-330-1\/","title":{"rendered":"Maurice Lacroix 1975 Automatic Duotone 40mm"},"content":{"rendered":"<p>Maurice Lacroix steht f\u00fcr Schweizer Pr\u00e4zision und elegantes Design. Zum 50. Geburtstag der Marke wird der Stil der Anf\u00e4nge mit der Kollektion 1975 wiederbelebt, die Klassik und Moderne miteinander verbindet. Die 1975 Automatic ist eine 40 mm Uhr, die Vintage-Charme mit moderner Raffinesse verbindet. Das Zifferblatt hat einen Sonnenschliff, facettierte Dauphine-Zeiger und trapezf\u00f6rmige Indizes. Das Zifferblatt mit dem Datum bei 3 Uhr f\u00fcgt sich gut in das Design ein und man kann die Zeit gut ablesen. Die Uhr ist mit dem automatischen Kaliber ML115 ausgestattet, das auf dem Sellita SW200 basiert und eine Gangreserve von 38 Stunden hat. Das sorgf\u00e4ltig verarbeitete Geh\u00e4use kombiniert polierte und geb\u00fcrstete Oberfl\u00e4chen, was die Liebe zum Detail von Maurice Lacroix widerspiegelt. Die 1975 Automatic ist mehr als nur eine Uhr, sie ist eine Hommage an die Vergangenheit und ein eleganter Begleiter f\u00fcr die Zukunft.<\/p>\n<p>&nbsp;<\/p>\n<p>&nbsp;<\/p>\n","protected":false},"excerpt":{"rendered":"<p>Maurice Lacroix steht f\u00fcr Schweizer Pr\u00e4zision und elegantes Design. Zum 50. Geburtstag der Marke wird der Stil der Anf\u00e4nge mit der Kollektion 1975 wiederbelebt, die Klassik und Moderne miteinander verbindet. Die 1975 Automatic ist eine 40 mm Uhr, die Vintage-Charme mit moderner Raffinesse verbindet. Das Zifferblatt hat einen Sonnenschliff, facettierte Dauphine-Zeiger und trapezf\u00f6rmige Indizes. Das &#8230; <a title=\"Maurice Lacroix 1975 Automatic Duotone 40mm\" class=\"read-more\" href=\"https:\/\/lediamant.ch\/de\/uhren\/224565-maurice-lacroix-1975-automatic-duotone-40mm-756008-pvp12-330-1\/\" aria-label=\"Mehr Informationen \u00fcber Maurice Lacroix 1975 Automatic Duotone 40mm\">Weiterlesen &#8230;<\/a><\/p>\n","protected":false},"featured_media":224567,"template":"","meta":{"_acf_changed":false,"_seopress_robots_primary_cat":"27149","_seopress_titles_title":"","_seopress_titles_desc":"Entdecken Sie den Vintage-Charme neu mit der Maurice Lacroix 1975 Automatic, der perfekten Fusion von Tradition und Moderne. Zeitlose Schweizer Eleganz.","_seopress_robots_index":""},"brand":[27103],"product_brand":[],"product_cat":[42009,27149,27123],"product_tag":[],"class_list":{"0":"post-224565","1":"product","2":"type-product","3":"status-publish","4":"has-post-thumbnail","6":"brand-mauricelacroix-de","7":"product_cat-1975-de","8":"product_cat-maurice-lacroix-de","9":"product_cat-uhren","10":"pa_couleurduboitier-zweifarbig-de","11":"pa_couleurdubracelet-bicolor","12":"pa_couleurducadran-schwarz","13":"pa_etancheite-100m-de","14":"pa_forme-runden","15":"pa_genre-mann","16":"pa_matiere-zweifarbigstahlrosegoldpvd","17":"pa_matierebraceletmontre-edelstahl","18":"pa_modele-de-mouvement-ml115-sw200-de","19":"pa_mouvement-automatik-de","20":"pa_option-boitier-transparenter-hintergrund","21":"pa_swissmade-ja-de","22":"sales-flash-overlay","23":"woocommerce-text-align-center","24":"woocommerce-image-align-center","25":"do-quantity-buttons","27":"first","28":"instock","29":"taxable","30":"shipping-taxable","31":"purchasable","32":"product-type-simple"},"acf":[],"_links":{"self":[{"href":"https:\/\/lediamant.ch\/de\/wp-json\/wp\/v2\/product\/224565","targetHints":{"allow":["GET"]}}],"collection":[{"href":"https:\/\/lediamant.ch\/de\/wp-json\/wp\/v2\/product"}],"about":[{"href":"https:\/\/lediamant.ch\/de\/wp-json\/wp\/v2\/types\/product"}],"wp:featuredmedia":[{"embeddable":true,"href":"https:\/\/lediamant.ch\/de\/wp-json\/wp\/v2\/media\/224567"}],"wp:attachment":[{"href":"https:\/\/lediamant.ch\/de\/wp-json\/wp\/v2\/media?parent=224565"}],"wp:term":[{"taxonomy":"brand","embeddable":true,"href":"https:\/\/lediamant.ch\/de\/wp-json\/wp\/v2\/brand?post=224565"},{"taxonomy":"product_brand","embeddable":true,"href":"https:\/\/lediamant.ch\/de\/wp-json\/wp\/v2\/product_brand?post=224565"},{"taxonomy":"product_cat","embeddable":true,"href":"https:\/\/lediamant.ch\/de\/wp-json\/wp\/v2\/product_cat?post=224565"},{"taxonomy":"product_tag","embeddable":true,"href":"https:\/\/lediamant.ch\/de\/wp-json\/wp\/v2\/product_tag?post=224565"}],"curies":[{"name":"wp","href":"https:\/\/api.w.org\/{rel}","templated":true}]}}