{"id":224581,"date":"2026-03-01T16:27:20","date_gmt":"2026-03-01T15:27:20","guid":{"rendered":"https:\/\/lediamant.ch\/?post_type=product&#038;p=224581"},"modified":"2025-12-23T16:54:48","modified_gmt":"2025-12-23T15:54:48","slug":"maurice-lacroix-1975-master-grande-date-retrograde-42mm","status":"publish","type":"product","link":"https:\/\/lediamant.ch\/de\/uhren\/224581-maurice-lacroix-1975-master-grande-date-retrograde-42mm-758008-ss001-090-2\/","title":{"rendered":"Maurice Lacroix 1975 Master Grande Date Retrograde 42mm"},"content":{"rendered":"<p>&nbsp;<\/p>\n<p>Seit 1975 hat Maurice Lacroix die Zeitanzeige immer wieder neu erfunden. Seit 1999 mit der Calendar Retrograde und 2002 mit der Double Retrograde hat sich die Marke als Referenz f\u00fcr diese Uhrenkomplikation etabliert, die zu ihrem Markenzeichen geworden ist.<\/p>\n<p>Heute enth\u00fcllt die Manufaktur die <strong>1975 Master Grand Date Retrograde<\/strong>, eine Uhr, die technische Expertise mit optimaler Ablesbarkeit verbindet. Das Geh\u00e4use aus Saphirglas f\u00e4ngt das Licht ein und bringt die retrograde Wochentagsanzeige in Verbindung mit einem besonders gut ablesbaren Gro\u00dfdatum zur Geltung.<\/p>\n<p>Mit einem skelettierten Zifferblatt enth\u00fcllt die Uhr Komponenten, die normalerweise verborgen bleiben. Die mit schwarzem Rhodium sandgestrahlte Platine, die rhodinierten Br\u00fccken und die lumineszierenden Zeiger bieten einen eleganten Kontrast und eine intuitive Ablesbarkeit. Von der Seite betrachtet zeigt die Saphirglas-Architektur eine bemerkenswerte Tiefe und visuellen Reichtum.<\/p>\n<p>Die Anzeige des Gro\u00dfdatums erfolgt \u00fcber zwei sichtbare Scheiben, w\u00e4hrend die retrograde Wochentagsanzeige am unteren Rand des Zifferblatts eine einfache und lehrreiche Ablesung des Wochenzyklus erm\u00f6glicht.<\/p>\n<p>Die Uhr wird von dem Kaliber <strong>Masterpiece ML302<\/strong> angetrieben, das durch einen transparenten Boden sichtbar ist, und verf\u00fcgt \u00fcber ein hauseigenes Modul, das Gro\u00dfdatum und retrograde Anzeige kombiniert. Das 42 mm gro\u00dfe Stahlgeh\u00e4use wechselt zwischen polierten und geb\u00fcrsteten Oberfl\u00e4chen.<\/p>\n<p>Die 1975 Master Grand Date Retrograde ist mit einem schwarzen Kalbslederarmband mit <strong>Easy Strap Exchange<\/strong> System ausgestattet und passt sich problemlos jedem Stil an und kann mit Stolz getragen werden.<\/p>\n<p>&nbsp;<\/p>\n","protected":false},"excerpt":{"rendered":"<p>&nbsp; Seit 1975 hat Maurice Lacroix die Zeitanzeige immer wieder neu erfunden. Seit 1999 mit der Calendar Retrograde und 2002 mit der Double Retrograde hat sich die Marke als Referenz f\u00fcr diese Uhrenkomplikation etabliert, die zu ihrem Markenzeichen geworden ist. Heute enth\u00fcllt die Manufaktur die 1975 Master Grand Date Retrograde, eine Uhr, die technische Expertise &#8230; <a title=\"Maurice Lacroix 1975 Master Grande Date Retrograde 42mm\" class=\"read-more\" href=\"https:\/\/lediamant.ch\/de\/uhren\/224581-maurice-lacroix-1975-master-grande-date-retrograde-42mm-758008-ss001-090-2\/\" aria-label=\"Mehr Informationen \u00fcber Maurice Lacroix 1975 Master Grande Date Retrograde 42mm\">Weiterlesen &#8230;<\/a><\/p>\n","protected":false},"featured_media":226920,"template":"","meta":{"_acf_changed":false,"_seopress_robots_primary_cat":"27149","_seopress_titles_title":"%%post_title%%","_seopress_titles_desc":"Feiern Sie den Geburtstag von Maurice Lacroix mit der Uhr in limitierter Auflage 1975 Automatic, einer Hommage an die Freiberge mit einem exklusiven Design.","_seopress_robots_index":""},"brand":[27103],"product_brand":[],"product_cat":[42009,27149,27123],"product_tag":[],"class_list":{"0":"post-224581","1":"product","2":"type-product","3":"status-publish","4":"has-post-thumbnail","6":"brand-mauricelacroix-de","7":"product_cat-1975-de","8":"product_cat-maurice-lacroix-de","9":"product_cat-uhren","10":"pa_couleurduboitier-grau-de","11":"pa_couleurdubracelet-schwarz-de","12":"pa_etancheite-50m-de","13":"pa_forme-runden","14":"pa_genre-mann","15":"pa_matiere-stahl","16":"pa_matierebraceletmontre-leder","17":"pa_modele-de-mouvement-ml302","18":"pa_mouvement-automatik-de","19":"pa_swissmade-ja-de","20":"pa_typedemontre-skelettuhren","21":"sales-flash-overlay","22":"woocommerce-text-align-center","23":"woocommerce-image-align-center","24":"do-quantity-buttons","26":"first","27":"instock","28":"taxable","29":"shipping-taxable","30":"purchasable","31":"product-type-simple"},"acf":[],"_links":{"self":[{"href":"https:\/\/lediamant.ch\/de\/wp-json\/wp\/v2\/product\/224581","targetHints":{"allow":["GET"]}}],"collection":[{"href":"https:\/\/lediamant.ch\/de\/wp-json\/wp\/v2\/product"}],"about":[{"href":"https:\/\/lediamant.ch\/de\/wp-json\/wp\/v2\/types\/product"}],"wp:featuredmedia":[{"embeddable":true,"href":"https:\/\/lediamant.ch\/de\/wp-json\/wp\/v2\/media\/226920"}],"wp:attachment":[{"href":"https:\/\/lediamant.ch\/de\/wp-json\/wp\/v2\/media?parent=224581"}],"wp:term":[{"taxonomy":"brand","embeddable":true,"href":"https:\/\/lediamant.ch\/de\/wp-json\/wp\/v2\/brand?post=224581"},{"taxonomy":"product_brand","embeddable":true,"href":"https:\/\/lediamant.ch\/de\/wp-json\/wp\/v2\/product_brand?post=224581"},{"taxonomy":"product_cat","embeddable":true,"href":"https:\/\/lediamant.ch\/de\/wp-json\/wp\/v2\/product_cat?post=224581"},{"taxonomy":"product_tag","embeddable":true,"href":"https:\/\/lediamant.ch\/de\/wp-json\/wp\/v2\/product_tag?post=224581"}],"curies":[{"name":"wp","href":"https:\/\/api.w.org\/{rel}","templated":true}]}}