{"id":224590,"date":"2025-12-23T16:56:23","date_gmt":"2025-12-23T15:56:23","guid":{"rendered":"https:\/\/lediamant.ch\/?post_type=product&#038;p=224590"},"modified":"2025-12-23T17:22:46","modified_gmt":"2025-12-23T16:22:46","slug":"maurice-lacroix-aikon-automatic-skeleton-label-noir-45mm","status":"publish","type":"product","link":"https:\/\/lediamant.ch\/de\/uhren\/224590-maurice-lacroix-aikon-automatic-skeleton-label-noir-45mm-ai6028-dlb0b-030-h\/","title":{"rendered":"Maurice Lacroix Aikon Automatic Skeleton Label Noir 45mm"},"content":{"rendered":"<p data-start=\"216\" data-end=\"642\">Maurice Lacroix arbeitet erneut mit Label Noir f\u00fcr eine dritte, mit Spannung erwartete Zusammenarbeit zusammen. Nach dem sofortigen Erfolg der limitierten Editionen 2020 und 2024, die beide ausverkauft sind, pr\u00e4sentieren die beiden Schweizer H\u00e4user nun eine <strong data-start=\"446\" data-end=\"476\">AIKON Manufacture Skeleton<\/strong>, die in tiefschwarzer \u00c4sthetik mit auffallenden t\u00fcrkisfarbenen Akzenten neu gestaltet wurde.<\/p>\n<p data-start=\"216\" data-end=\"642\">Diese Ausgabe ist auf <strong data-start=\"577\" data-end=\"596\">100 Exemplare<\/strong> limitiert und verspricht eine sofortige Begeisterung.<\/p>\n<p data-start=\"644\" data-end=\"946\">Das <strong data-start=\"667\" data-end=\"676\">45 mm<\/strong> gro\u00dfe Stahlgeh\u00e4use ist mit <strong data-start=\"688\" data-end=\"700\">schwarzem DLC<\/strong> behandelt und kombiniert polierte und geb\u00fcrstete Oberfl\u00e4chen. Die schwarzen Zeiger mit <strong data-start=\"773\" data-end=\"801\">t\u00fcrkisfarbener Super-LumiNova<\/strong> sorgen f\u00fcr eine hervorragende Ablesbarkeit, w\u00e4hrend ein t\u00fcrkisfarbener Rand und eine kleine Sekunde bei 6 Uhr den grafischen Charakter des Modells unterstreichen.<\/p>\n<p data-start=\"948\" data-end=\"1151\">Das skelettierte Zifferblatt enth\u00fcllt das Manufakturkaliber <strong data-start=\"998\" data-end=\"1007\">ML234<\/strong>, ein Automatikwerk mit raffinierter Endverarbeitung, das auch durch den rauchfarbenen Saphirglasboden mit der Aufschrift <em data-start=\"1126\" data-end=\"1150\">Limited Edition of 100<\/em> sichtbar ist.<\/p>\n<p data-start=\"1153\" data-end=\"1336\">Die Uhr wird mit <strong data-start=\"1165\" data-end=\"1183\">zwei Armb\u00e4ndern<\/strong> geliefert - dunkelgraues Nubuk und t\u00fcrkisfarbener FKM-Kautschuk - und verf\u00fcgt \u00fcber das <strong data-start=\"1265\" data-end=\"1288\">Easy Strap Exchange<\/strong> System, das einen schnellen Wechsel ohne Werkzeug erm\u00f6glicht.<\/p>\n<p data-start=\"1338\" data-end=\"1440\" data-is-last-node=\"\" data-is-only-node=\"\">Wie bei fr\u00fcheren Kooperationen wird erwartet, dass diese limitierte Auflage in Rekordzeit ausverkauft sein wird.<\/p>\n","protected":false},"excerpt":{"rendered":"<p>Maurice Lacroix arbeitet erneut mit Label Noir f\u00fcr eine dritte, mit Spannung erwartete Zusammenarbeit zusammen. Nach dem sofortigen Erfolg der limitierten Editionen 2020 und 2024, die beide ausverkauft sind, pr\u00e4sentieren die beiden Schweizer H\u00e4user nun eine AIKON Manufacture Skeleton, die in tiefschwarzer \u00c4sthetik mit auffallenden t\u00fcrkisfarbenen Akzenten neu gestaltet wurde. Diese Ausgabe ist auf 100 &#8230; <a title=\"Maurice Lacroix Aikon Automatic Skeleton Label Noir 45mm\" class=\"read-more\" href=\"https:\/\/lediamant.ch\/de\/uhren\/224590-maurice-lacroix-aikon-automatic-skeleton-label-noir-45mm-ai6028-dlb0b-030-h\/\" aria-label=\"Mehr Informationen \u00fcber Maurice Lacroix Aikon Automatic Skeleton Label Noir 45mm\">Weiterlesen &#8230;<\/a><\/p>\n","protected":false},"featured_media":224598,"template":"","meta":{"_acf_changed":false,"_seopress_robots_primary_cat":"27149","_seopress_titles_title":"","_seopress_titles_desc":"Entdecken Sie AIKONIC: urbane, vielseitige Uhren aus hochwertigen Materialien. Keramik, Doppelkautschuk, Kaliber ML1000. Ihre Zeit ist jetzt!","_seopress_robots_index":""},"brand":[27103],"product_brand":[],"product_cat":[27205,27149,27123],"product_tag":[],"class_list":{"0":"post-224590","1":"product","2":"type-product","3":"status-publish","4":"has-post-thumbnail","6":"brand-mauricelacroix-de","7":"product_cat-aikon-de","8":"product_cat-maurice-lacroix-de","9":"product_cat-uhren","10":"pa_couleurduboitier-schwarz-de","11":"pa_couleurdubracelet-schwarz-de","12":"pa_etancheite-100m-de","13":"pa_genre-mann","14":"pa_limitededition-100-exemplare-weltweit","15":"pa_matiere-schwarzespvd","16":"pa_matierebraceletmontre-kautschuk","17":"pa_matierebraceletmontre-leder","18":"pa_modele-de-mouvement-ml234-manufaktur","19":"pa_mouvement-automatik-de","20":"pa_option-boitier-transparenter-hintergrund","21":"pa_swissmade-ja-de","22":"pa_verre-saphir-de","23":"sales-flash-overlay","24":"woocommerce-text-align-center","25":"woocommerce-image-align-center","26":"do-quantity-buttons","28":"first","29":"instock","30":"taxable","31":"shipping-taxable","32":"purchasable","33":"product-type-simple"},"acf":[],"_links":{"self":[{"href":"https:\/\/lediamant.ch\/de\/wp-json\/wp\/v2\/product\/224590","targetHints":{"allow":["GET"]}}],"collection":[{"href":"https:\/\/lediamant.ch\/de\/wp-json\/wp\/v2\/product"}],"about":[{"href":"https:\/\/lediamant.ch\/de\/wp-json\/wp\/v2\/types\/product"}],"wp:featuredmedia":[{"embeddable":true,"href":"https:\/\/lediamant.ch\/de\/wp-json\/wp\/v2\/media\/224598"}],"wp:attachment":[{"href":"https:\/\/lediamant.ch\/de\/wp-json\/wp\/v2\/media?parent=224590"}],"wp:term":[{"taxonomy":"brand","embeddable":true,"href":"https:\/\/lediamant.ch\/de\/wp-json\/wp\/v2\/brand?post=224590"},{"taxonomy":"product_brand","embeddable":true,"href":"https:\/\/lediamant.ch\/de\/wp-json\/wp\/v2\/product_brand?post=224590"},{"taxonomy":"product_cat","embeddable":true,"href":"https:\/\/lediamant.ch\/de\/wp-json\/wp\/v2\/product_cat?post=224590"},{"taxonomy":"product_tag","embeddable":true,"href":"https:\/\/lediamant.ch\/de\/wp-json\/wp\/v2\/product_tag?post=224590"}],"curies":[{"name":"wp","href":"https:\/\/api.w.org\/{rel}","templated":true}]}}