{"id":224614,"date":"2025-12-01T17:39:58","date_gmt":"2025-12-01T16:39:58","guid":{"rendered":"https:\/\/lediamant.ch\/?post_type=product&#038;p=224614"},"modified":"2025-12-23T17:43:32","modified_gmt":"2025-12-23T16:43:32","slug":"maurice-lacroix-1975-quartz-chrono-date-date-limited-edition-2","status":"publish","type":"product","link":"https:\/\/lediamant.ch\/de\/uhren\/224614-maurice-lacroix-1975-quartz-chrono-date-date-limited-edition-2-751138-ss001-130-3\/","title":{"rendered":"Maurice Lacroix 1975 Quartz Chrono Date Date Limited Edition"},"content":{"rendered":"<p>Mit seinem eleganten Stil und seinen klaren Proportionen vermittelt es eine Vintage-Atmosph\u00e4re und verspricht eine dauerhafte Anziehungskraft. N\u00fcchtern und raffiniert, bietet sie einen hohen wahrgenommenen Wert und bleibt von den vertrauten Merkmalen der Marke gepr\u00e4gt. Der 1975 Chronograph Quartz verk\u00f6rpert sportliche Dynamik. Mit seinem 40 mm Geh\u00e4use verbindet er den beliebten Vintage-Charme der Linie mit der Funktionalit\u00e4t eines Pr\u00e4zisionszeitmessers.     <strong>Limited Edition (1.000 Exemplare)<\/strong><\/p>\n","protected":false},"excerpt":{"rendered":"<p>Mit seinem eleganten Stil und seinen klaren Proportionen vermittelt es eine Vintage-Atmosph\u00e4re und verspricht eine dauerhafte Anziehungskraft. N\u00fcchtern und raffiniert, bietet sie einen hohen wahrgenommenen Wert und bleibt von den vertrauten Merkmalen der Marke gepr\u00e4gt. Der 1975 Chronograph Quartz verk\u00f6rpert sportliche Dynamik. Mit seinem 40 mm Geh\u00e4use verbindet er den beliebten Vintage-Charme der Linie mit &#8230; <a title=\"Maurice Lacroix 1975 Quartz Chrono Date Date Limited Edition\" class=\"read-more\" href=\"https:\/\/lediamant.ch\/de\/uhren\/224614-maurice-lacroix-1975-quartz-chrono-date-date-limited-edition-2-751138-ss001-130-3\/\" aria-label=\"Mehr Informationen \u00fcber Maurice Lacroix 1975 Quartz Chrono Date Date Limited Edition\">Weiterlesen &#8230;<\/a><\/p>\n","protected":false},"featured_media":224616,"template":"","meta":{"_acf_changed":false,"_seopress_robots_primary_cat":"27148","_seopress_titles_title":"","_seopress_titles_desc":"Entdecken Sie den eleganten Stil und die klaren Proportionen der Kollektion 1975, eine perfekte Mischung aus Vintage-Vibe und zeitlosem Charme.","_seopress_robots_index":""},"brand":[27103],"product_brand":[],"product_cat":[42009,27149,27123],"product_tag":[],"class_list":{"0":"post-224614","1":"product","2":"type-product","3":"status-publish","4":"has-post-thumbnail","6":"brand-mauricelacroix-de","7":"product_cat-1975-de","8":"product_cat-maurice-lacroix-de","9":"product_cat-uhren","10":"pa_couleurduboitier-grau-de","11":"pa_couleurdubracelet-braun-de","12":"pa_couleurducadran-silber","13":"pa_etancheite-100m-de","14":"pa_forme-runden","15":"pa_genre-frau","16":"pa_genre-mann","17":"pa_limitededition-1000-exemplare-weltweit","18":"pa_matiere-stahl","19":"pa_matierebraceletmontre-leder","20":"pa_modele-de-mouvement-ronda-5040-f","21":"pa_mouvement-quarzbatterie-de","22":"pa_swissmade-ja-de","23":"pa_typedemontre-chronograph-de","24":"pa_verre-saphir-de","25":"sales-flash-overlay","26":"woocommerce-text-align-center","27":"woocommerce-image-align-center","28":"do-quantity-buttons","30":"first","31":"instock","32":"taxable","33":"shipping-taxable","34":"purchasable","35":"product-type-simple"},"acf":[],"_links":{"self":[{"href":"https:\/\/lediamant.ch\/de\/wp-json\/wp\/v2\/product\/224614","targetHints":{"allow":["GET"]}}],"collection":[{"href":"https:\/\/lediamant.ch\/de\/wp-json\/wp\/v2\/product"}],"about":[{"href":"https:\/\/lediamant.ch\/de\/wp-json\/wp\/v2\/types\/product"}],"wp:featuredmedia":[{"embeddable":true,"href":"https:\/\/lediamant.ch\/de\/wp-json\/wp\/v2\/media\/224616"}],"wp:attachment":[{"href":"https:\/\/lediamant.ch\/de\/wp-json\/wp\/v2\/media?parent=224614"}],"wp:term":[{"taxonomy":"brand","embeddable":true,"href":"https:\/\/lediamant.ch\/de\/wp-json\/wp\/v2\/brand?post=224614"},{"taxonomy":"product_brand","embeddable":true,"href":"https:\/\/lediamant.ch\/de\/wp-json\/wp\/v2\/product_brand?post=224614"},{"taxonomy":"product_cat","embeddable":true,"href":"https:\/\/lediamant.ch\/de\/wp-json\/wp\/v2\/product_cat?post=224614"},{"taxonomy":"product_tag","embeddable":true,"href":"https:\/\/lediamant.ch\/de\/wp-json\/wp\/v2\/product_tag?post=224614"}],"curies":[{"name":"wp","href":"https:\/\/api.w.org\/{rel}","templated":true}]}}