{"id":224624,"date":"2025-12-14T18:06:58","date_gmt":"2025-12-14T17:06:58","guid":{"rendered":"https:\/\/lediamant.ch\/?post_type=product&#038;p=224624"},"modified":"2025-12-23T18:13:41","modified_gmt":"2025-12-23T17:13:41","slug":"maurice-lacroix-aikon-automatic-skeleton-42mm-4","status":"publish","type":"product","link":"https:\/\/lediamant.ch\/de\/uhren\/224624-maurice-lacroix-aikon-automatic-skeleton-42mm-4-ai6008-ss00f-030-a\/","title":{"rendered":"Maurice Lacroix AIKON Automatic SKELETON 42mm"},"content":{"rendered":"<p>Die von der Stadt inspirierte AIKON Automatic bietet eine zeitgem\u00e4\u00dfe \u00c4sthetik, ergonomisches Design und ein mechanisches Herz. Mit seinem cleveren Einsatz von Kontrasten und Formen ist der AIKON Automatic der ideale Begleiter f\u00fcr das Leben in der Stadt.<\/p>\n<div class=\"collapsible active\" data-collapsible=\"\">\n<div class=\"collapsible-header\" data-collapsible-header=\"\">\n<div class=\"title\">\n<div class=\"collapsible active\" data-collapsible=\"\">\n<div class=\"collapsible-header\" data-collapsible-header=\"\">\n<div class=\"title\">GEH\u00c4USE<\/div>\n<\/div>\n<div class=\"collapsible-content\">\n<ul>\n<li class=\"attribute-values\"><span class=\"attribute-values__label\">DURCHMESSER: <\/span>42 mm<\/li>\n<li class=\"attribute-values\"><span class=\"attribute-values__label\">MATERIAL: <\/span>Rostfreier Stahl<\/li>\n<li class=\"attribute-values\"><span class=\"attribute-values__label\">OBERFL\u00c4CHE: <\/span>Geb\u00fcrstet und poliert<\/li>\n<li class=\"attribute-values\"><span class=\"attribute-values__label\">H\u00d6HE: <\/span>11 mm<\/li>\n<li class=\"attribute-values\"><span class=\"attribute-values__label\">GLAS: <\/span>Saphirglas mit doppelter Entspiegelung<\/li>\n<li class=\"attribute-values\"><span class=\"attribute-values__label\">HINTEN: <\/span>Offener Boden mit Saphirglas und Antireflexbeschichtung<\/li>\n<li class=\"attribute-values\"><span class=\"attribute-values__label\">L\u00fcnette: <\/span>L\u00fcnette mit den sechs emblematischen &#8222;Krallen&#8220;.<\/li>\n<li class=\"attribute-values\"><span class=\"attribute-values__label\">KRONE: <\/span>Verschraubte Krone<\/li>\n<li class=\"attribute-values\">WASSERBEST\u00c4NDIGKEIT<span class=\"attribute-values__label\">: <\/span>20 ATM wasserdicht<\/li>\n<\/ul>\n<\/div>\n<\/div>\n<div class=\"collapsible active\" data-collapsible=\"\">\n<div class=\"collapsible-header\" data-collapsible-header=\"\">\n<div class=\"title\">ZIFFERBLATT &amp; ZEIGER<\/div>\n<\/div>\n<div class=\"collapsible-content\">\n<ul>\n<li class=\"attribute-values\"><span class=\"attribute-values__label\">ZIFFERNBLATT: <\/span>Sapphire-Zifferblatt mit grauem durchscheinendem Lack und grauem H\u00f6henring<\/li>\n<li class=\"attribute-values\"><span class=\"attribute-values__label\">INDEXE: <\/span>Index, rhodiniert, wei\u00dfe Super-Luminova-Leuchtmasse<\/li>\n<li class=\"attribute-values\"><span class=\"attribute-values__label\">NADEL: <\/span>Rhodien, Super-Luminova wei\u00df<\/li>\n<li class=\"attribute-values\"><span class=\"attribute-values__label\">SPEZIELLE ZEIGER: <\/span>Rhodinierter Sekundenzeiger<\/li>\n<\/ul>\n<\/div>\n<\/div>\n<div class=\"collapsible active\" data-collapsible=\"\">\n<div class=\"collapsible-header\" data-collapsible-header=\"\">\n<div class=\"title\">BEWEGUNGEN &amp; FUNKTIONEN<\/div>\n<\/div>\n<div class=\"collapsible-content\">\n<ul>\n<li class=\"attribute-values\"><span class=\"attribute-values__label\">BEWEGUNGSART: <\/span>Automatisch<\/li>\n<li class=\"attribute-values\"><span class=\"attribute-values__label\">FUNKTIONEN: <\/span>Stunden, Minuten und Sekunden<\/li>\n<li class=\"attribute-values\"><span class=\"attribute-values__label\">KALIBER: <\/span>Automatisch ML135<\/li>\n<li class=\"attribute-values\"><span class=\"attribute-values__label\">MARKERESERVE: <\/span>38 Stunden<\/li>\n<li class=\"attribute-values\"><span class=\"attribute-values__label\">FREQUENZ: <\/span>28.800 Halbschwingungen pro Stunde<\/li>\n<li class=\"attribute-values\"><span class=\"attribute-values__label\">RUBIS: <\/span>26<\/li>\n<\/ul>\n<\/div>\n<\/div>\n<div class=\"collapsible active\" data-collapsible=\"\">\n<div class=\"collapsible-header\" data-collapsible-header=\"\">\n<div class=\"title\">ARMBAND<\/div>\n<\/div>\n<div class=\"collapsible-content\">\n<ul>\n<li class=\"attribute-values\">ARMBAND<span class=\"attribute-values__label\">: <\/span>Grau, Kautschukband, mit dem &#8222;m&#8220;-Logo von Maurice Lacroix<\/li>\n<li class=\"attribute-values\"><span class=\"attribute-values__label\">Breite: <\/span>25 mm<\/li>\n<li class=\"attribute-values\">SCHLIESSUNG<span class=\"attribute-values__label\">: <\/span>Dornschlie\u00dfe<\/li>\n<li class=\"attribute-values\">MATERIAL <span class=\"attribute-values__label\">DES <\/span>STOPFES<span class=\"attribute-values__label\">: <\/span>Rostfreier Stahl<\/li>\n<li class=\"attribute-values\"><span class=\"attribute-values__label\">EASY CHANGE SYSTEM VERF\u00dcGBAR: <\/span>Ja<\/li>\n<li class=\"attribute-values\">ARMBAND<span class=\"attribute-values__label\">: Armband <\/span>aus Edelstahl<\/li>\n<li class=\"attribute-values\"><span class=\"attribute-values__label\">Breite: <\/span>25 mm<\/li>\n<\/ul>\n<\/div>\n<\/div>\n<\/div>\n<\/div>\n<\/div>\n","protected":false},"excerpt":{"rendered":"<p>Die von der Stadt inspirierte AIKON Automatic bietet eine zeitgem\u00e4\u00dfe \u00c4sthetik, ergonomisches Design und ein mechanisches Herz. Mit seinem cleveren Einsatz von Kontrasten und Formen ist der AIKON Automatic der ideale Begleiter f\u00fcr das Leben in der Stadt. GEH\u00c4USE DURCHMESSER: 42 mm MATERIAL: Rostfreier Stahl OBERFL\u00c4CHE: Geb\u00fcrstet und poliert H\u00d6HE: 11 mm GLAS: Saphirglas mit &#8230; <a title=\"Maurice Lacroix AIKON Automatic SKELETON 42mm\" class=\"read-more\" href=\"https:\/\/lediamant.ch\/de\/uhren\/224624-maurice-lacroix-aikon-automatic-skeleton-42mm-4-ai6008-ss00f-030-a\/\" aria-label=\"Mehr Informationen \u00fcber Maurice Lacroix AIKON Automatic SKELETON 42mm\">Weiterlesen &#8230;<\/a><\/p>\n","protected":false},"featured_media":224626,"template":"","meta":{"_acf_changed":false,"_seopress_robots_primary_cat":"27149","_seopress_titles_title":"%%post_title%%","_seopress_titles_desc":"Entdecken Sie die AIKON Automatic: urbanes Design, zeitgen\u00f6ssische Eleganz und pr\u00e4zise Mechanik. Ideal f\u00fcr das moderne Leben. Wasserdicht, Edelstahl.","_seopress_robots_index":""},"brand":[27103],"product_brand":[],"product_cat":[27205,27137,27149,27123],"product_tag":[],"class_list":{"0":"post-224624","1":"product","2":"type-product","3":"status-publish","4":"has-post-thumbnail","6":"brand-mauricelacroix-de","7":"product_cat-aikon-de","8":"product_cat-bracelet-ajustable-de","9":"product_cat-maurice-lacroix-de","10":"product_cat-uhren","11":"pa_couleurduboitier-grau-de","12":"pa_couleurdubracelet-grau-de","13":"pa_couleurducadran-grau","14":"pa_etancheite-200m-de","15":"pa_forme-runden","16":"pa_genre-mann","17":"pa_matiere-stahl","18":"pa_matierebraceletmontre-edelstahl","19":"pa_matierebraceletmontre-kautschuk","20":"pa_mouvement-automatik-de","21":"pa_swissmade-ja-de","22":"pa_typedemontre-skelettuhren","23":"sales-flash-overlay","24":"woocommerce-text-align-center","25":"woocommerce-image-align-center","26":"do-quantity-buttons","28":"first","29":"instock","30":"taxable","31":"shipping-taxable","32":"purchasable","33":"product-type-simple"},"acf":[],"_links":{"self":[{"href":"https:\/\/lediamant.ch\/de\/wp-json\/wp\/v2\/product\/224624","targetHints":{"allow":["GET"]}}],"collection":[{"href":"https:\/\/lediamant.ch\/de\/wp-json\/wp\/v2\/product"}],"about":[{"href":"https:\/\/lediamant.ch\/de\/wp-json\/wp\/v2\/types\/product"}],"wp:featuredmedia":[{"embeddable":true,"href":"https:\/\/lediamant.ch\/de\/wp-json\/wp\/v2\/media\/224626"}],"wp:attachment":[{"href":"https:\/\/lediamant.ch\/de\/wp-json\/wp\/v2\/media?parent=224624"}],"wp:term":[{"taxonomy":"brand","embeddable":true,"href":"https:\/\/lediamant.ch\/de\/wp-json\/wp\/v2\/brand?post=224624"},{"taxonomy":"product_brand","embeddable":true,"href":"https:\/\/lediamant.ch\/de\/wp-json\/wp\/v2\/product_brand?post=224624"},{"taxonomy":"product_cat","embeddable":true,"href":"https:\/\/lediamant.ch\/de\/wp-json\/wp\/v2\/product_cat?post=224624"},{"taxonomy":"product_tag","embeddable":true,"href":"https:\/\/lediamant.ch\/de\/wp-json\/wp\/v2\/product_tag?post=224624"}],"curies":[{"name":"wp","href":"https:\/\/api.w.org\/{rel}","templated":true}]}}