{"id":224628,"date":"2025-09-14T18:18:58","date_gmt":"2025-09-14T16:18:58","guid":{"rendered":"https:\/\/lediamant.ch\/?post_type=product&#038;p=224628"},"modified":"2025-12-23T18:23:18","modified_gmt":"2025-12-23T17:23:18","slug":"maurice-lacroix-aikon-quartz-40mm","status":"publish","type":"product","link":"https:\/\/lediamant.ch\/de\/uhren\/224628-maurice-lacroix-aikon-quartz-40mm-ai1108-ss00f-630-d-1\/","title":{"rendered":"Maurice Lacroix AIKON Quarz 40mm"},"content":{"rendered":"<p>Maurice Lacroix kehrt zu den Urspr\u00fcngen der Ikone zur\u00fcck und f\u00fchrt eine Reihe von \u00c4nderungen an den AIKON Quartz Modellen durch, die nicht nur die \u00c4sthetik der Kollektion verbessern.<\/p>\n<p>Maurice Lacroix hat die AIKON Quartz in seinem Bestreben, seine Kreationen st\u00e4ndig zu verbessern, \u00fcberarbeitet. Das Feedback von Kunden und H\u00e4ndlern f\u00fchrte zu einer Neubewertung der verschiedenen Komponenten dieses sportlichen Modells. Jede Kurve, Facette, Linie und Oberfl\u00e4che wurde verfeinert, um der Uhr ein neues, klareres Aussehen zu verleihen. Dar\u00fcber hinaus wurden die technischen Eigenschaften jedes Modells verbessert, um den luxuri\u00f6sen Charakter der Uhr zu betonen.   <\/p>\n","protected":false},"excerpt":{"rendered":"<p>Maurice Lacroix kehrt zu den Urspr\u00fcngen der Ikone zur\u00fcck und f\u00fchrt eine Reihe von \u00c4nderungen an den AIKON Quartz Modellen durch, die nicht nur die \u00c4sthetik der Kollektion verbessern. Maurice Lacroix hat die AIKON Quartz in seinem Bestreben, seine Kreationen st\u00e4ndig zu verbessern, \u00fcberarbeitet. Das Feedback von Kunden und H\u00e4ndlern f\u00fchrte zu einer Neubewertung der &#8230; <a title=\"Maurice Lacroix AIKON Quarz 40mm\" class=\"read-more\" href=\"https:\/\/lediamant.ch\/de\/uhren\/224628-maurice-lacroix-aikon-quartz-40mm-ai1108-ss00f-630-d-1\/\" aria-label=\"Mehr Informationen \u00fcber Maurice Lacroix AIKON Quarz 40mm\">Weiterlesen &#8230;<\/a><\/p>\n","protected":false},"featured_media":224630,"template":"","meta":{"_acf_changed":false,"_seopress_robots_primary_cat":"27148","_seopress_titles_title":"","_seopress_titles_desc":"","_seopress_robots_index":""},"brand":[27103],"product_brand":[],"product_cat":[27205,27137,27149,27123],"product_tag":[],"class_list":{"0":"post-224628","1":"product","2":"type-product","3":"status-publish","4":"has-post-thumbnail","6":"brand-mauricelacroix-de","7":"product_cat-aikon-de","8":"product_cat-bracelet-ajustable-de","9":"product_cat-maurice-lacroix-de","10":"product_cat-uhren","11":"pa_couleurduboitier-grau-de","12":"pa_couleurdubracelet-grau-de","13":"pa_couleurdubracelet-grun-de","14":"pa_couleurducadran-grun","15":"pa_etancheite-100m-de","16":"pa_forme-runden","17":"pa_genre-frau","18":"pa_genre-mann","19":"pa_matiere-stahl","20":"pa_matierebraceletmontre-edelstahl","21":"pa_matierebraceletmontre-kautschuk","22":"pa_mouvement-quarzbatterie-de","23":"pa_swissmade-ja-de","24":"sales-flash-overlay","25":"woocommerce-text-align-center","26":"woocommerce-image-align-center","27":"do-quantity-buttons","29":"first","30":"instock","31":"taxable","32":"shipping-taxable","33":"purchasable","34":"product-type-simple"},"acf":[],"_links":{"self":[{"href":"https:\/\/lediamant.ch\/de\/wp-json\/wp\/v2\/product\/224628","targetHints":{"allow":["GET"]}}],"collection":[{"href":"https:\/\/lediamant.ch\/de\/wp-json\/wp\/v2\/product"}],"about":[{"href":"https:\/\/lediamant.ch\/de\/wp-json\/wp\/v2\/types\/product"}],"wp:featuredmedia":[{"embeddable":true,"href":"https:\/\/lediamant.ch\/de\/wp-json\/wp\/v2\/media\/224630"}],"wp:attachment":[{"href":"https:\/\/lediamant.ch\/de\/wp-json\/wp\/v2\/media?parent=224628"}],"wp:term":[{"taxonomy":"brand","embeddable":true,"href":"https:\/\/lediamant.ch\/de\/wp-json\/wp\/v2\/brand?post=224628"},{"taxonomy":"product_brand","embeddable":true,"href":"https:\/\/lediamant.ch\/de\/wp-json\/wp\/v2\/product_brand?post=224628"},{"taxonomy":"product_cat","embeddable":true,"href":"https:\/\/lediamant.ch\/de\/wp-json\/wp\/v2\/product_cat?post=224628"},{"taxonomy":"product_tag","embeddable":true,"href":"https:\/\/lediamant.ch\/de\/wp-json\/wp\/v2\/product_tag?post=224628"}],"curies":[{"name":"wp","href":"https:\/\/api.w.org\/{rel}","templated":true}]}}