{"id":224632,"date":"2025-10-12T18:26:52","date_gmt":"2025-10-12T16:26:52","guid":{"rendered":"https:\/\/lediamant.ch\/?post_type=product&#038;p=224632"},"modified":"2025-12-23T18:30:47","modified_gmt":"2025-12-23T17:30:47","slug":"maurice-lacroix-aikon-quartz-40mm-2","status":"publish","type":"product","link":"https:\/\/lediamant.ch\/de\/uhren\/224632-maurice-lacroix-aikon-quartz-40mm-2-ai1108-ss00f-330-a\/","title":{"rendered":"Maurice Lacroix AIKON Quarz 40mm"},"content":{"rendered":"<p>In einem Geist der st\u00e4ndigen Verbesserung hat Maurice Lacroix den AIKON Quartz \u00fcberarbeitet. Mit der Erfahrung aus der Einf\u00fchrung der ersten AIKON und dem Feedback von Kunden und H\u00e4ndlern hat das Haus im Jura jede Komponente des Sportmodells neu \u00fcberdacht. Jede Kurve, Facette, Linie und Oberfl\u00e4che wurde verfeinert, um ein neues, schlichteres Design zu schaffen. Dar\u00fcber hinaus wurden alle Merkmale jeder Referenz verbessert, was die luxuri\u00f6se Aura der Kreationen unterstreicht.<\/p>\n","protected":false},"excerpt":{"rendered":"<p>In einem Geist der st\u00e4ndigen Verbesserung hat Maurice Lacroix den AIKON Quartz \u00fcberarbeitet. Mit der Erfahrung aus der Einf\u00fchrung der ersten AIKON und dem Feedback von Kunden und H\u00e4ndlern hat das Haus im Jura jede Komponente des Sportmodells neu \u00fcberdacht. Jede Kurve, Facette, Linie und Oberfl\u00e4che wurde verfeinert, um ein neues, schlichteres Design zu schaffen. &#8230; <a title=\"Maurice Lacroix AIKON Quarz 40mm\" class=\"read-more\" href=\"https:\/\/lediamant.ch\/de\/uhren\/224632-maurice-lacroix-aikon-quartz-40mm-2-ai1108-ss00f-330-a\/\" aria-label=\"Mehr Informationen \u00fcber Maurice Lacroix AIKON Quarz 40mm\">Weiterlesen &#8230;<\/a><\/p>\n","protected":false},"featured_media":224634,"template":"","meta":{"_acf_changed":false,"_seopress_robots_primary_cat":"27148","_seopress_titles_title":"","_seopress_titles_desc":"","_seopress_robots_index":""},"brand":[27103],"product_brand":[],"product_cat":[27205,27137,27149,27123],"product_tag":[],"class_list":{"0":"post-224632","1":"product","2":"type-product","3":"status-publish","4":"has-post-thumbnail","6":"brand-mauricelacroix-de","7":"product_cat-aikon-de","8":"product_cat-bracelet-ajustable-de","9":"product_cat-maurice-lacroix-de","10":"product_cat-uhren","11":"pa_couleurduboitier-grau-de","12":"pa_couleurdubracelet-grau-de","13":"pa_couleurdubracelet-schwarz-de","14":"pa_couleurducadran-schwarz","15":"pa_etancheite-100m-de","16":"pa_forme-runden","17":"pa_genre-frau","18":"pa_genre-mann","19":"pa_matiere-stahl","20":"pa_matierebraceletmontre-edelstahl","21":"pa_matierebraceletmontre-kautschuk","22":"pa_mouvement-quarzbatterie-de","23":"pa_swissmade-ja-de","24":"sales-flash-overlay","25":"woocommerce-text-align-center","26":"woocommerce-image-align-center","27":"do-quantity-buttons","29":"first","30":"instock","31":"taxable","32":"shipping-taxable","33":"purchasable","34":"product-type-simple"},"acf":[],"_links":{"self":[{"href":"https:\/\/lediamant.ch\/de\/wp-json\/wp\/v2\/product\/224632","targetHints":{"allow":["GET"]}}],"collection":[{"href":"https:\/\/lediamant.ch\/de\/wp-json\/wp\/v2\/product"}],"about":[{"href":"https:\/\/lediamant.ch\/de\/wp-json\/wp\/v2\/types\/product"}],"wp:featuredmedia":[{"embeddable":true,"href":"https:\/\/lediamant.ch\/de\/wp-json\/wp\/v2\/media\/224634"}],"wp:attachment":[{"href":"https:\/\/lediamant.ch\/de\/wp-json\/wp\/v2\/media?parent=224632"}],"wp:term":[{"taxonomy":"brand","embeddable":true,"href":"https:\/\/lediamant.ch\/de\/wp-json\/wp\/v2\/brand?post=224632"},{"taxonomy":"product_brand","embeddable":true,"href":"https:\/\/lediamant.ch\/de\/wp-json\/wp\/v2\/product_brand?post=224632"},{"taxonomy":"product_cat","embeddable":true,"href":"https:\/\/lediamant.ch\/de\/wp-json\/wp\/v2\/product_cat?post=224632"},{"taxonomy":"product_tag","embeddable":true,"href":"https:\/\/lediamant.ch\/de\/wp-json\/wp\/v2\/product_tag?post=224632"}],"curies":[{"name":"wp","href":"https:\/\/api.w.org\/{rel}","templated":true}]}}