{"id":224904,"date":"2026-01-22T11:03:02","date_gmt":"2026-01-22T10:03:02","guid":{"rendered":"https:\/\/lediamant.ch\/produit\/unkategorisiert\/aerowatch-chrono-quartz-pilote\/"},"modified":"2026-01-23T11:53:23","modified_gmt":"2026-01-23T10:53:23","slug":"aerowatch-chrono-quartz-pilote","status":"publish","type":"product","link":"https:\/\/lediamant.ch\/de\/uhren\/224904-aerowatch-chrono-quartz-pilote-a-79990-aa09-m\/","title":{"rendered":"Aerowatch Chrono Quartz Pilot"},"content":{"rendered":"<p>Die <strong data-start=\"147\" data-end=\"183\">Aerowatch Chrono Quartz Pilote<\/strong> ist eine Schweizer Uhr mit einem von der Luftfahrt inspirierten Design, das Pr\u00e4zision und sportlichen Stil verbindet. Ausgestattet mit einem <strong data-start=\"288\" data-end=\"328\">Schweizer Quarz-Chronographenwerk<\/strong> bietet sie eine ausgezeichnete Zuverl\u00e4ssigkeit und eine gute Ablesbarkeit dank des typischen Piloten-Zifferblattes. Das robuste Geh\u00e4use und das bequeme Armband machen diese Uhr zu einer idealen Uhr f\u00fcr den t\u00e4glichen Gebrauch, mit einem starken und eleganten Charakter.<\/p>\n","protected":false},"excerpt":{"rendered":"<p>Die Aerowatch Chrono Quartz Pilote ist eine Schweizer Uhr mit einem von der Luftfahrt inspirierten Design, das Pr\u00e4zision und sportlichen Stil verbindet. Ausgestattet mit einem Schweizer Quarz-Chronographenwerk bietet sie eine ausgezeichnete Zuverl\u00e4ssigkeit und eine gute Ablesbarkeit dank des typischen Piloten-Zifferblattes. Das robuste Geh\u00e4use und das bequeme Armband machen diese Uhr zu einer idealen Uhr f\u00fcr &#8230; <a title=\"Aerowatch Chrono Quartz Pilot\" class=\"read-more\" href=\"https:\/\/lediamant.ch\/de\/uhren\/224904-aerowatch-chrono-quartz-pilote-a-79990-aa09-m\/\" aria-label=\"Mehr Informationen \u00fcber Aerowatch Chrono Quartz Pilot\">Weiterlesen &#8230;<\/a><\/p>\n","protected":false},"featured_media":225007,"template":"","meta":{"_acf_changed":false,"_seopress_robots_primary_cat":"27167","_seopress_titles_title":"","_seopress_titles_desc":"","_seopress_robots_index":""},"brand":[27081],"product_brand":[],"product_cat":[27167,27289,27123],"product_tag":[],"class_list":{"0":"post-224904","1":"product","2":"type-product","3":"status-publish","4":"has-post-thumbnail","6":"brand-aerowatch-de","7":"product_cat-aerowatch-de","8":"product_cat-les-grandes-classiques-de","9":"product_cat-uhren","10":"pa_couleurduboitier-grau-de","11":"pa_couleurdubracelet-grau-de","12":"pa_couleurducadran-anthrazit","13":"pa_etancheite-50m-de","14":"pa_forme-runden","15":"pa_genre-mann","16":"pa_matiere-stahl","17":"pa_matierebraceletmontre-edelstahl","18":"pa_mouvement-quarzbatterie-de","19":"pa_swissmade-ja-de","20":"pa_typedemontre-chronograph-de","21":"pa_verre-saphir-de","22":"sales-flash-overlay","23":"woocommerce-text-align-center","24":"woocommerce-image-align-center","25":"do-quantity-buttons","27":"first","28":"instock","29":"taxable","30":"shipping-taxable","31":"purchasable","32":"product-type-simple"},"acf":[],"_links":{"self":[{"href":"https:\/\/lediamant.ch\/de\/wp-json\/wp\/v2\/product\/224904","targetHints":{"allow":["GET"]}}],"collection":[{"href":"https:\/\/lediamant.ch\/de\/wp-json\/wp\/v2\/product"}],"about":[{"href":"https:\/\/lediamant.ch\/de\/wp-json\/wp\/v2\/types\/product"}],"wp:featuredmedia":[{"embeddable":true,"href":"https:\/\/lediamant.ch\/de\/wp-json\/wp\/v2\/media\/225007"}],"wp:attachment":[{"href":"https:\/\/lediamant.ch\/de\/wp-json\/wp\/v2\/media?parent=224904"}],"wp:term":[{"taxonomy":"brand","embeddable":true,"href":"https:\/\/lediamant.ch\/de\/wp-json\/wp\/v2\/brand?post=224904"},{"taxonomy":"product_brand","embeddable":true,"href":"https:\/\/lediamant.ch\/de\/wp-json\/wp\/v2\/product_brand?post=224904"},{"taxonomy":"product_cat","embeddable":true,"href":"https:\/\/lediamant.ch\/de\/wp-json\/wp\/v2\/product_cat?post=224904"},{"taxonomy":"product_tag","embeddable":true,"href":"https:\/\/lediamant.ch\/de\/wp-json\/wp\/v2\/product_tag?post=224904"}],"curies":[{"name":"wp","href":"https:\/\/api.w.org\/{rel}","templated":true}]}}