{"id":224921,"date":"2026-01-22T11:04:43","date_gmt":"2026-01-22T10:04:43","guid":{"rendered":"https:\/\/lediamant.ch\/produit\/unkategorisiert\/tissot-prc-100-solar-34mm\/"},"modified":"2026-01-23T11:32:47","modified_gmt":"2026-01-23T10:32:47","slug":"tissot-prc-100-solar-34mm","status":"publish","type":"product","link":"https:\/\/lediamant.ch\/de\/uhren\/224921-tissot-prc-100-solar-34mm-t1518222203100\/","title":{"rendered":"Tissot PRC 100 Solar 34mm"},"content":{"rendered":"<p>Die PRC 100, die erstmals Mitte der 2000er Jahre vorgestellt wurde, ist f\u00fcr ihr einzigartiges Design bekannt und hat sich einen festen Platz in der Tissot-Kollektion erobert. Jetzt kehrt sie mit einem bahnbrechenden Lightmaster Solar Quartz Uhrwerk zur\u00fcck, das die photovoltaische Energie nutzt, um jede Sekunde zu versorgen.<\/p>\n<p>Mit seinem 34 mm gro\u00dfen Edelstahlgeh\u00e4use und der charakteristischen zw\u00f6lfeckigen L\u00fcnette strahlt dieses Modell Vertrauen aus. Unter dem eleganten Saphirglas verbirgt sich ein solarbetriebenes Quarzwerk, das so konzipiert ist, dass es sich m\u00fchelos durch nat\u00fcrliches und k\u00fcnstliches Licht aufl\u00e4dt.<\/p>\n<p>Die &#8222;End of Energy&#8220;-Anzeige garantiert eine optimale Leistung, w\u00e4hrend die Kompatibilit\u00e4t des 18 mm Armbands es den Benutzern erm\u00f6glicht, ihren Stil zu personalisieren, ob sie sich nun f\u00fcr ein klassisches Leder oder ein modernes Milanaise-Armband entscheiden.<\/p>\n","protected":false},"excerpt":{"rendered":"<p>Die PRC 100, die erstmals Mitte der 2000er Jahre vorgestellt wurde, ist f\u00fcr ihr einzigartiges Design bekannt und hat sich einen festen Platz in der Tissot-Kollektion erobert. Jetzt kehrt sie mit einem bahnbrechenden Lightmaster Solar Quartz Uhrwerk zur\u00fcck, das die photovoltaische Energie nutzt, um jede Sekunde zu versorgen. Mit seinem 34 mm gro\u00dfen Edelstahlgeh\u00e4use und &#8230; <a title=\"Tissot PRC 100 Solar 34mm\" class=\"read-more\" href=\"https:\/\/lediamant.ch\/de\/uhren\/224921-tissot-prc-100-solar-34mm-t1518222203100\/\" aria-label=\"Mehr Informationen \u00fcber Tissot PRC 100 Solar 34mm\">Weiterlesen &#8230;<\/a><\/p>\n","protected":false},"featured_media":224923,"template":"","meta":{"_acf_changed":false,"_seopress_robots_primary_cat":"27159","_seopress_titles_title":"","_seopress_titles_desc":"","_seopress_robots_index":""},"brand":[27087],"product_brand":[],"product_cat":[27159,27245,41991,27123],"product_tag":[],"class_list":{"0":"post-224921","1":"product","2":"type-product","3":"status-publish","4":"has-post-thumbnail","6":"brand-tissot-de","7":"product_cat-tissot-de","8":"product_cat-tissot-classic","9":"product_cat-tissot-prc100-solar-de","10":"product_cat-uhren","11":"pa_couleurduboitier-zweifarbig-de","12":"pa_couleurdubracelet-bicolor","13":"pa_couleurducadran-silber","14":"pa_etancheite-100m-de","15":"pa_forme-runden","16":"pa_genre-frau","17":"pa_matiere-zweifarbigstahlgelbgoldpvd","18":"pa_matierebraceletmontre-edelstahl","19":"pa_mouvement-solar-de","20":"pa_swissmade-ja-de","21":"pa_typedemontre-solaruhren","22":"pa_verre-saphir-de","23":"sales-flash-overlay","24":"woocommerce-text-align-center","25":"woocommerce-image-align-center","26":"do-quantity-buttons","28":"first","29":"outofstock","30":"taxable","31":"shipping-taxable","32":"purchasable","33":"product-type-simple"},"acf":[],"_links":{"self":[{"href":"https:\/\/lediamant.ch\/de\/wp-json\/wp\/v2\/product\/224921","targetHints":{"allow":["GET"]}}],"collection":[{"href":"https:\/\/lediamant.ch\/de\/wp-json\/wp\/v2\/product"}],"about":[{"href":"https:\/\/lediamant.ch\/de\/wp-json\/wp\/v2\/types\/product"}],"wp:featuredmedia":[{"embeddable":true,"href":"https:\/\/lediamant.ch\/de\/wp-json\/wp\/v2\/media\/224923"}],"wp:attachment":[{"href":"https:\/\/lediamant.ch\/de\/wp-json\/wp\/v2\/media?parent=224921"}],"wp:term":[{"taxonomy":"brand","embeddable":true,"href":"https:\/\/lediamant.ch\/de\/wp-json\/wp\/v2\/brand?post=224921"},{"taxonomy":"product_brand","embeddable":true,"href":"https:\/\/lediamant.ch\/de\/wp-json\/wp\/v2\/product_brand?post=224921"},{"taxonomy":"product_cat","embeddable":true,"href":"https:\/\/lediamant.ch\/de\/wp-json\/wp\/v2\/product_cat?post=224921"},{"taxonomy":"product_tag","embeddable":true,"href":"https:\/\/lediamant.ch\/de\/wp-json\/wp\/v2\/product_tag?post=224921"}],"curies":[{"name":"wp","href":"https:\/\/api.w.org\/{rel}","templated":true}]}}