{"id":224936,"date":"2026-01-22T11:06:29","date_gmt":"2026-01-22T10:06:29","guid":{"rendered":"https:\/\/lediamant.ch\/produit\/unkategorisiert\/tissot-ballade-34mm-5\/"},"modified":"2026-01-23T11:12:26","modified_gmt":"2026-01-23T10:12:26","slug":"tissot-ballade-34mm-5","status":"publish","type":"product","link":"https:\/\/lediamant.ch\/de\/uhren\/224936-tissot-ballade-34mm-t1562101104100\/","title":{"rendered":"Tissot Ballade 34mm"},"content":{"rendered":"<p>Die Tissot Ballade ist die \u00fcberarbeitete und perfektionierte Version eines Modells, das tief in der Geschichte von Tissot verwurzelt ist. Markante Details - insbesondere die kannelierte L\u00fcnette - verleihen der Ballade ihre au\u00dfergew\u00f6hnliche Identit\u00e4t. Diese Uhr geht mit der Zeit und bleibt dabei ihrer Designsprache treu. Als Allroundtalent hat sie ihren festen Platz in der Tissot-Kollektion.<\/p>\n<p>Diese Version der Tissot Ballade ist mit einem pr\u00e4zisen Quarzwerk, einem Geh\u00e4use aus Edelstahl 316L und einem kratzfesten, entspiegelten Saphirglas ausgestattet.<\/p>\n<p>Das ebenso massive wie flexible Armband aus Edelstahl 316L verf\u00fcgt \u00fcber eine Butterfly-Faltschlie\u00dfe mit Dr\u00fcckern und h\u00e4lt die Uhr sicher am Handgelenk. Dank des Schnellwechselsystems kann es sehr einfach und ohne Werkzeug gegen ein anderes passendes Armband ausgetauscht werden.<\/p>\n","protected":false},"excerpt":{"rendered":"<p>Die Tissot Ballade ist die \u00fcberarbeitete und perfektionierte Version eines Modells, das tief in der Geschichte von Tissot verwurzelt ist. Markante Details - insbesondere die kannelierte L\u00fcnette - verleihen der Ballade ihre au\u00dfergew\u00f6hnliche Identit\u00e4t. Diese Uhr geht mit der Zeit und bleibt dabei ihrer Designsprache treu. Als Allroundtalent hat sie ihren festen Platz in der &#8230; <a title=\"Tissot Ballade 34mm\" class=\"read-more\" href=\"https:\/\/lediamant.ch\/de\/uhren\/224936-tissot-ballade-34mm-t1562101104100\/\" aria-label=\"Mehr Informationen \u00fcber Tissot Ballade 34mm\">Weiterlesen &#8230;<\/a><\/p>\n","protected":false},"featured_media":224942,"template":"","meta":{"_acf_changed":false,"_seopress_robots_primary_cat":"27159","_seopress_titles_title":"","_seopress_titles_desc":"","_seopress_robots_index":""},"brand":[27087],"product_brand":[],"product_cat":[27159,41840,27245,27123],"product_tag":[],"class_list":{"0":"post-224936","1":"product","2":"type-product","3":"status-publish","4":"has-post-thumbnail","6":"brand-tissot-de","7":"product_cat-tissot-de","8":"product_cat-tissot-ballade-de","9":"product_cat-tissot-classic","10":"product_cat-uhren","11":"pa_couleurduboitier-grau-de","12":"pa_couleurdubracelet-grau-de","13":"pa_couleurducadran-blau","14":"pa_etancheite-100m-de","15":"pa_forme-runden","16":"pa_genre-frau","17":"pa_matiere-stahl","18":"pa_matierebraceletmontre-edelstahl","19":"pa_mouvement-quarzbatterie-de","20":"pa_swissmade-ja-de","21":"pa_verre-saphir-de","22":"sales-flash-overlay","23":"woocommerce-text-align-center","24":"woocommerce-image-align-center","25":"do-quantity-buttons","27":"first","28":"outofstock","29":"taxable","30":"shipping-taxable","31":"purchasable","32":"product-type-simple"},"acf":[],"_links":{"self":[{"href":"https:\/\/lediamant.ch\/de\/wp-json\/wp\/v2\/product\/224936","targetHints":{"allow":["GET"]}}],"collection":[{"href":"https:\/\/lediamant.ch\/de\/wp-json\/wp\/v2\/product"}],"about":[{"href":"https:\/\/lediamant.ch\/de\/wp-json\/wp\/v2\/types\/product"}],"wp:featuredmedia":[{"embeddable":true,"href":"https:\/\/lediamant.ch\/de\/wp-json\/wp\/v2\/media\/224942"}],"wp:attachment":[{"href":"https:\/\/lediamant.ch\/de\/wp-json\/wp\/v2\/media?parent=224936"}],"wp:term":[{"taxonomy":"brand","embeddable":true,"href":"https:\/\/lediamant.ch\/de\/wp-json\/wp\/v2\/brand?post=224936"},{"taxonomy":"product_brand","embeddable":true,"href":"https:\/\/lediamant.ch\/de\/wp-json\/wp\/v2\/product_brand?post=224936"},{"taxonomy":"product_cat","embeddable":true,"href":"https:\/\/lediamant.ch\/de\/wp-json\/wp\/v2\/product_cat?post=224936"},{"taxonomy":"product_tag","embeddable":true,"href":"https:\/\/lediamant.ch\/de\/wp-json\/wp\/v2\/product_tag?post=224936"}],"curies":[{"name":"wp","href":"https:\/\/api.w.org\/{rel}","templated":true}]}}