{"id":224941,"date":"2026-01-22T11:03:29","date_gmt":"2026-01-22T10:03:29","guid":{"rendered":"https:\/\/lediamant.ch\/produit\/unkategorisiert\/tissot-prc-100-solar-39mm\/"},"modified":"2026-01-23T11:41:36","modified_gmt":"2026-01-23T10:41:36","slug":"tissot-prc-100-solar-39mm","status":"publish","type":"product","link":"https:\/\/lediamant.ch\/de\/uhren\/224941-tissot-prc-100-solar-39mm-t1514221135100\/","title":{"rendered":"Tissot PRC 100 Solar 39mm"},"content":{"rendered":"<p>Die Tissot PRC 100, die erstmals Mitte der 2000er Jahre vorgestellt wurde, ist f\u00fcr ihr einzigartiges Design bekannt und hat sich einen festen Platz in der Tissot-Kollektion erobert. Jetzt kehrt sie mit einem bahnbrechenden Lightmaster Solar Quartz Uhrwerk zur\u00fcck, das die photovoltaische Energie nutzt, um jede Sekunde zu versorgen.<\/p>\n<p>Mit seinem 39 mm gro\u00dfen Edelstahlgeh\u00e4use und der charakteristischen zw\u00f6lfeckigen L\u00fcnette strahlt dieses Modell Vertrauen aus. Unter dem eleganten Saphirglas verbirgt sich ein solarbetriebenes Quarzwerk, das so konzipiert ist, dass es sich m\u00fchelos bei nat\u00fcrlichem und k\u00fcnstlichem Licht aufl\u00e4dt.<\/p>\n<p>Die EOE (End of Energy) Anzeige garantiert eine optimale Leistung, w\u00e4hrend die Kompatibilit\u00e4t des 20 mm Armbandes der Uhr es dem Tr\u00e4ger erm\u00f6glicht, seinen Stil zu personalisieren, sei es klassisches Leder oder moderne Milanaise-Optionen.<\/p>\n","protected":false},"excerpt":{"rendered":"<p>Die Tissot PRC 100, die erstmals Mitte der 2000er Jahre vorgestellt wurde, ist f\u00fcr ihr einzigartiges Design bekannt und hat sich einen festen Platz in der Tissot-Kollektion erobert. Jetzt kehrt sie mit einem bahnbrechenden Lightmaster Solar Quartz Uhrwerk zur\u00fcck, das die photovoltaische Energie nutzt, um jede Sekunde zu versorgen. Mit seinem 39 mm gro\u00dfen Edelstahlgeh\u00e4use &#8230; <a title=\"Tissot PRC 100 Solar 39mm\" class=\"read-more\" href=\"https:\/\/lediamant.ch\/de\/uhren\/224941-tissot-prc-100-solar-39mm-t1514221135100\/\" aria-label=\"Mehr Informationen \u00fcber Tissot PRC 100 Solar 39mm\">Weiterlesen &#8230;<\/a><\/p>\n","protected":false},"featured_media":224946,"template":"","meta":{"_acf_changed":false,"_seopress_robots_primary_cat":"27159","_seopress_titles_title":"","_seopress_titles_desc":"","_seopress_robots_index":""},"brand":[27087],"product_brand":[],"product_cat":[27159,41991,27123],"product_tag":[],"class_list":{"0":"post-224941","1":"product","2":"type-product","3":"status-publish","4":"has-post-thumbnail","6":"brand-tissot-de","7":"product_cat-tissot-de","8":"product_cat-tissot-prc100-solar-de","9":"product_cat-uhren","10":"pa_couleurdubracelet-grau-de","11":"pa_couleurducadran-blau","12":"pa_etancheite-100m-de","13":"pa_forme-runden","14":"pa_genre-mann","15":"pa_matiere-stahl","16":"pa_matierebraceletmontre-edelstahl","17":"pa_mouvement-solar-de","18":"pa_swissmade-ja-de","19":"pa_typedemontre-solaruhren","20":"pa_verre-saphir-de","21":"sales-flash-overlay","22":"woocommerce-text-align-center","23":"woocommerce-image-align-center","24":"do-quantity-buttons","26":"first","27":"instock","28":"taxable","29":"shipping-taxable","30":"purchasable","31":"product-type-simple"},"acf":[],"_links":{"self":[{"href":"https:\/\/lediamant.ch\/de\/wp-json\/wp\/v2\/product\/224941","targetHints":{"allow":["GET"]}}],"collection":[{"href":"https:\/\/lediamant.ch\/de\/wp-json\/wp\/v2\/product"}],"about":[{"href":"https:\/\/lediamant.ch\/de\/wp-json\/wp\/v2\/types\/product"}],"wp:featuredmedia":[{"embeddable":true,"href":"https:\/\/lediamant.ch\/de\/wp-json\/wp\/v2\/media\/224946"}],"wp:attachment":[{"href":"https:\/\/lediamant.ch\/de\/wp-json\/wp\/v2\/media?parent=224941"}],"wp:term":[{"taxonomy":"brand","embeddable":true,"href":"https:\/\/lediamant.ch\/de\/wp-json\/wp\/v2\/brand?post=224941"},{"taxonomy":"product_brand","embeddable":true,"href":"https:\/\/lediamant.ch\/de\/wp-json\/wp\/v2\/product_brand?post=224941"},{"taxonomy":"product_cat","embeddable":true,"href":"https:\/\/lediamant.ch\/de\/wp-json\/wp\/v2\/product_cat?post=224941"},{"taxonomy":"product_tag","embeddable":true,"href":"https:\/\/lediamant.ch\/de\/wp-json\/wp\/v2\/product_tag?post=224941"}],"curies":[{"name":"wp","href":"https:\/\/api.w.org\/{rel}","templated":true}]}}