{"id":224951,"date":"2025-01-22T11:17:46","date_gmt":"2025-01-22T10:17:46","guid":{"rendered":"https:\/\/lediamant.ch\/produit\/unkategorisiert\/hamilton-pilot-pioneer-38-mm\/"},"modified":"2026-01-23T10:49:40","modified_gmt":"2026-01-23T09:49:40","slug":"hamilton-pilot-pioneer-38-mm","status":"publish","type":"product","link":"https:\/\/lediamant.ch\/de\/uhren\/224951-hamilton-pilot-pioneer-38-mm-h76265810\/","title":{"rendered":"Hamilton Khaki Aviation Pilot Pioneer 38 mm"},"content":{"rendered":"<p>Mit ihrem einzigartigen Retro-Charme ist die Khaki Pilot Pioneer Auto 38 mm weiterhin eine Hommage an das reiche Erbe von Hamilton in der Luftfahrt und im Milit\u00e4r. Die Uhr ist in Bordeauxrot gehalten, hat eine farbige, drehbare L\u00fcnette, ein H-10 Uhrwerk und eine Gangreserve von 80 Stunden. Das eierschalenwei\u00dfe Zifferblatt und das bordeauxrote Lederarmband verleihen dieser Uhr einen zeitlosen Stil.  <\/p>\n","protected":false},"excerpt":{"rendered":"<p>Mit ihrem einzigartigen Retro-Charme ist die Khaki Pilot Pioneer Auto 38 mm weiterhin eine Hommage an das reiche Erbe von Hamilton in der Luftfahrt und im Milit\u00e4r. Die Uhr ist in Bordeauxrot gehalten, hat eine farbige, drehbare L\u00fcnette, ein H-10 Uhrwerk und eine Gangreserve von 80 Stunden. Das eierschalenwei\u00dfe Zifferblatt und das bordeauxrote Lederarmband verleihen &#8230; <a title=\"Hamilton Khaki Aviation Pilot Pioneer 38 mm\" class=\"read-more\" href=\"https:\/\/lediamant.ch\/de\/uhren\/224951-hamilton-pilot-pioneer-38-mm-h76265810\/\" aria-label=\"Mehr Informationen \u00fcber Hamilton Khaki Aviation Pilot Pioneer 38 mm\">Weiterlesen &#8230;<\/a><\/p>\n","protected":false},"featured_media":224952,"template":"","meta":{"_acf_changed":false,"_seopress_robots_primary_cat":"27180","_seopress_titles_title":"","_seopress_titles_desc":"","_seopress_robots_index":""},"brand":[27085],"product_brand":[],"product_cat":[27181,27269,27123],"product_tag":[],"class_list":{"0":"post-224951","1":"product","2":"type-product","3":"status-publish","4":"has-post-thumbnail","6":"brand-hamilton-de","7":"product_cat-hamilton-de","8":"product_cat-khaki-aviation-de","9":"product_cat-uhren","10":"pa_couleurduboitier-grau-de","11":"pa_couleurdubracelet-rot-de","12":"pa_couleurducadran-weiss","13":"pa_etancheite-100m-de","14":"pa_forme-runden","15":"pa_genre-frau","16":"pa_genre-mann","17":"pa_matiere-stahl","18":"pa_matierebraceletmontre-leder","19":"pa_mouvement-automatik-de","20":"pa_swissmade-ja-de","21":"pa_verre-saphir-de","22":"sales-flash-overlay","23":"woocommerce-text-align-center","24":"woocommerce-image-align-center","25":"do-quantity-buttons","27":"first","28":"instock","29":"taxable","30":"shipping-taxable","31":"purchasable","32":"product-type-simple"},"acf":[],"_links":{"self":[{"href":"https:\/\/lediamant.ch\/de\/wp-json\/wp\/v2\/product\/224951","targetHints":{"allow":["GET"]}}],"collection":[{"href":"https:\/\/lediamant.ch\/de\/wp-json\/wp\/v2\/product"}],"about":[{"href":"https:\/\/lediamant.ch\/de\/wp-json\/wp\/v2\/types\/product"}],"wp:featuredmedia":[{"embeddable":true,"href":"https:\/\/lediamant.ch\/de\/wp-json\/wp\/v2\/media\/224952"}],"wp:attachment":[{"href":"https:\/\/lediamant.ch\/de\/wp-json\/wp\/v2\/media?parent=224951"}],"wp:term":[{"taxonomy":"brand","embeddable":true,"href":"https:\/\/lediamant.ch\/de\/wp-json\/wp\/v2\/brand?post=224951"},{"taxonomy":"product_brand","embeddable":true,"href":"https:\/\/lediamant.ch\/de\/wp-json\/wp\/v2\/product_brand?post=224951"},{"taxonomy":"product_cat","embeddable":true,"href":"https:\/\/lediamant.ch\/de\/wp-json\/wp\/v2\/product_cat?post=224951"},{"taxonomy":"product_tag","embeddable":true,"href":"https:\/\/lediamant.ch\/de\/wp-json\/wp\/v2\/product_tag?post=224951"}],"curies":[{"name":"wp","href":"https:\/\/api.w.org\/{rel}","templated":true}]}}