{"id":224959,"date":"2022-01-22T16:21:48","date_gmt":"2022-01-22T15:21:48","guid":{"rendered":"https:\/\/lediamant.ch\/produit\/unkategorisiert\/hamilton-lady-quartz\/"},"modified":"2026-01-22T16:21:48","modified_gmt":"2026-01-22T15:21:48","slug":"hamilton-lady-quartz","status":"publish","type":"product","link":"https:\/\/lediamant.ch\/de\/uhren\/224959-hamilton-lady-quartz-h32351135\/","title":{"rendered":"Hamilton Lady Quartz"},"content":{"rendered":"<p>Der schlichte, n\u00fcchterne Stil der Jazzmaster Lady Quartz Modelle vermittelt ein Gef\u00fchl von Anmut und Ausgewogenheit. Die Kollektion ist eine Klasse f\u00fcr sich und bietet verschiedene Zifferblattgr\u00f6\u00dfen und Armbandkombinationen, um jedem Geschmack gerecht zu werden. Einfach und absolut gro\u00dfartig.  <\/p>\n","protected":false},"excerpt":{"rendered":"<p>Der schlichte, n\u00fcchterne Stil der Jazzmaster Lady Quartz Modelle vermittelt ein Gef\u00fchl von Anmut und Ausgewogenheit. Die Kollektion ist eine Klasse f\u00fcr sich und bietet verschiedene Zifferblattgr\u00f6\u00dfen und Armbandkombinationen, um jedem Geschmack gerecht zu werden. Einfach und absolut gro\u00dfartig.<\/p>\n","protected":false},"featured_media":224960,"template":"","meta":{"_acf_changed":false,"_seopress_robots_primary_cat":"27180","_seopress_titles_title":"","_seopress_titles_desc":"","_seopress_robots_index":""},"brand":[27085],"product_brand":[],"product_cat":[27181,27243,27123],"product_tag":[],"class_list":{"0":"post-224959","1":"product","2":"type-product","3":"status-publish","4":"has-post-thumbnail","6":"brand-hamilton-de","7":"product_cat-hamilton-de","8":"product_cat-jazzmaster-de","9":"product_cat-uhren","10":"pa_couleurduboitier-grau-de","11":"pa_couleurdubracelet-grau-de","12":"pa_couleurducadran-schwarz","13":"pa_etancheite-50m-de","14":"pa_forme-runden","15":"pa_genre-frau","16":"pa_matiere-stahl","17":"pa_matierebraceletmontre-edelstahl","18":"pa_mouvement-quarzbatterie-de","19":"pa_swissmade-ja-de","20":"pa_verre-saphir-de","21":"sales-flash-overlay","22":"woocommerce-text-align-center","23":"woocommerce-image-align-center","24":"do-quantity-buttons","26":"first","27":"instock","28":"taxable","29":"shipping-taxable","30":"purchasable","31":"product-type-simple"},"acf":[],"_links":{"self":[{"href":"https:\/\/lediamant.ch\/de\/wp-json\/wp\/v2\/product\/224959","targetHints":{"allow":["GET"]}}],"collection":[{"href":"https:\/\/lediamant.ch\/de\/wp-json\/wp\/v2\/product"}],"about":[{"href":"https:\/\/lediamant.ch\/de\/wp-json\/wp\/v2\/types\/product"}],"wp:featuredmedia":[{"embeddable":true,"href":"https:\/\/lediamant.ch\/de\/wp-json\/wp\/v2\/media\/224960"}],"wp:attachment":[{"href":"https:\/\/lediamant.ch\/de\/wp-json\/wp\/v2\/media?parent=224959"}],"wp:term":[{"taxonomy":"brand","embeddable":true,"href":"https:\/\/lediamant.ch\/de\/wp-json\/wp\/v2\/brand?post=224959"},{"taxonomy":"product_brand","embeddable":true,"href":"https:\/\/lediamant.ch\/de\/wp-json\/wp\/v2\/product_brand?post=224959"},{"taxonomy":"product_cat","embeddable":true,"href":"https:\/\/lediamant.ch\/de\/wp-json\/wp\/v2\/product_cat?post=224959"},{"taxonomy":"product_tag","embeddable":true,"href":"https:\/\/lediamant.ch\/de\/wp-json\/wp\/v2\/product_tag?post=224959"}],"curies":[{"name":"wp","href":"https:\/\/api.w.org\/{rel}","templated":true}]}}