{"id":225217,"date":"2026-01-30T11:07:26","date_gmt":"2026-01-30T10:07:26","guid":{"rendered":"https:\/\/lediamant.ch\/?post_type=product&#038;p=225217"},"modified":"2026-03-18T18:11:00","modified_gmt":"2026-03-18T17:11:00","slug":"kit-de-montre-pour-enfant-assemblez-votre-montre-chez-vous-avec-votre-enfant","status":"publish","type":"product","link":"https:\/\/lediamant.ch\/de\/uhren\/225217-quarzuhr-set-fur-erwachsene-oder-kinder\/","title":{"rendered":"QUARZUHR-SET F\u00dcR ERWACHSENE ODER KINDER"},"content":{"rendered":"<p data-start=\"133\" data-end=\"161\"><strong data-start=\"133\" data-end=\"161\">Das Uhrmacher-Montagekit<\/strong><\/p>\n<p data-start=\"163\" data-end=\"613\">Dieses f\u00fcr alle zug\u00e4ngliche Montagekit erm\u00f6glicht es, die eigene Uhr in <strong data-start=\"235\" data-end=\"256\">30 bis 40 Minuten<\/strong> zusammenzubauen \u2013 begleitet von einem <strong data-start=\"295\" data-end=\"326\">25-min\u00fctigen Video-Tutorial<\/strong>, verf\u00fcgbar auf <strong data-start=\"342\" data-end=\"379\">Franz\u00f6sisch, Englisch und Deutsch<\/strong>.<br data-start=\"380\" data-end=\"383\" \/>Allein nutzbar <strong data-start=\"398\" data-end=\"414\">ab 12 Jahren<\/strong> und <strong data-start=\"419\" data-end=\"448\">ab 8 Jahren in Begleitung<\/strong>, bietet es eine ideale erste Montageerfahrung \u2013 allein oder mit der Familie. Vielleicht sogar der Beginn einer Leidenschaft f\u00fcr die Uhrmacherei \u2026 oder f\u00fcrs Sammeln.<\/p>\n<p data-start=\"615\" data-end=\"641\"><strong data-start=\"615\" data-end=\"641\">Im Kit enthalten sind:<\/strong><\/p>\n<ul data-start=\"643\" data-end=\"803\">\n<li data-section-id=\"z24z48\" data-start=\"643\" data-end=\"673\">\n<p data-start=\"645\" data-end=\"673\">alle <strong data-start=\"650\" data-end=\"670\">Uhrenkomponenten<\/strong>,<\/p>\n<\/li>\n<li data-section-id=\"gsc0sw\" data-start=\"674\" data-end=\"705\">\n<p data-start=\"676\" data-end=\"705\">die <strong data-start=\"680\" data-end=\"702\">Uhrmacherwerkzeuge<\/strong>,<\/p>\n<\/li>\n<li data-section-id=\"3juysf\" data-start=\"706\" data-end=\"803\">\n<p data-start=\"708\" data-end=\"803\">der <strong data-start=\"712\" data-end=\"745\">Zugang zu den Video-Tutorials<\/strong>, die Schritt f\u00fcr Schritt durch den Montageprozess f\u00fchren.<\/p>\n<\/li>\n<\/ul>\n<p data-start=\"805\" data-end=\"1019\">Du musst lediglich dem Tutorial auf deinem Smartphone folgen: Du lernst, das <strong data-start=\"882\" data-end=\"906\">Uhrwerk einzuschalen<\/strong>, die <strong data-start=\"912\" data-end=\"934\">Zeiger aufzusetzen<\/strong>, das <strong data-start=\"940\" data-end=\"968\">Zifferblatt zu montieren<\/strong> und deine Uhr Schritt f\u00fcr Schritt zusammenzubauen.<\/p>\n<p data-start=\"1021\" data-end=\"1237\"><strong data-start=\"1021\" data-end=\"1047\">Und als kleiner Bonus:<\/strong><br data-start=\"1047\" data-end=\"1050\" \/>Wenn dir das Erlebnis gef\u00e4llt, verf\u00fcgst du anschliessend \u00fcber ein <strong data-start=\"1116\" data-end=\"1145\">vollst\u00e4ndiges Werkzeugset<\/strong>, mit dem du deinen Weg in der Uhrmacherei weitergehen und neue Kreationen entdecken kannst.<\/p>\n<h3 data-section-id=\"hprbxh\" data-start=\"1244\" data-end=\"1272\">Das Werkzeugset enth\u00e4lt:<\/h3>\n<ul data-start=\"1274\" data-end=\"1649\">\n<li data-section-id=\"1m0yae1\" data-start=\"1274\" data-end=\"1287\">\n<p data-start=\"1276\" data-end=\"1287\">Blasebalg<\/p>\n<\/li>\n<li data-section-id=\"pa6anp\" data-start=\"1288\" data-end=\"1305\">\n<p data-start=\"1290\" data-end=\"1305\">Zeigerabheber<\/p>\n<\/li>\n<li data-section-id=\"17a6gye\" data-start=\"1306\" data-end=\"1324\">\n<p data-start=\"1308\" data-end=\"1324\">Einschalkissen<\/p>\n<\/li>\n<li data-section-id=\"173k1g2\" data-start=\"1325\" data-end=\"1344\">\n<p data-start=\"1327\" data-end=\"1344\">Teflon-Pinzette<\/p>\n<\/li>\n<li data-section-id=\"19946ll\" data-start=\"1345\" data-end=\"1355\">\n<p data-start=\"1347\" data-end=\"1355\">Mikros<\/p>\n<\/li>\n<li data-section-id=\"15djfy4\" data-start=\"1356\" data-end=\"1371\">\n<p data-start=\"1358\" data-end=\"1371\">Mikrohalter<\/p>\n<\/li>\n<li data-section-id=\"h9i91\" data-start=\"1372\" data-end=\"1392\">\n<p data-start=\"1374\" data-end=\"1392\">Arbeitsunterlage<\/p>\n<\/li>\n<li data-section-id=\"eox110\" data-start=\"1393\" data-end=\"1403\">\n<p data-start=\"1395\" data-end=\"1403\">Rodico<\/p>\n<\/li>\n<li data-section-id=\"1u46bbn\" data-start=\"1404\" data-end=\"1422\">\n<p data-start=\"1406\" data-end=\"1422\">Mikrofasertuch<\/p>\n<\/li>\n<li data-section-id=\"zvdeis\" data-start=\"1423\" data-end=\"1466\">\n<p data-start=\"1425\" data-end=\"1466\">Kreuzschlitz-Schraubendreher (Phillips)<\/p>\n<\/li>\n<li data-section-id=\"17v1upf\" data-start=\"1467\" data-end=\"1489\">\n<p data-start=\"1469\" data-end=\"1489\">Flacher Holzpflock<\/p>\n<\/li>\n<li data-section-id=\"95gbla\" data-start=\"1490\" data-end=\"1517\">\n<p data-start=\"1492\" data-end=\"1517\">Zugespitzter Holzpflock<\/p>\n<\/li>\n<li data-section-id=\"1fhf9r4\" data-start=\"1518\" data-end=\"1539\">\n<p data-start=\"1520\" data-end=\"1539\">Zifferblattschutz<\/p>\n<\/li>\n<li data-section-id=\"ulr29c\" data-start=\"1540\" data-end=\"1555\">\n<p data-start=\"1542\" data-end=\"1555\">Fingerlinge<\/p>\n<\/li>\n<li data-section-id=\"bxpvld\" data-start=\"1556\" data-end=\"1575\">\n<p data-start=\"1558\" data-end=\"1575\">Dankesschreiben<\/p>\n<\/li>\n<li data-section-id=\"19q7p0\" data-start=\"1576\" data-end=\"1591\">\n<p data-start=\"1578\" data-end=\"1591\">Handyhalter<\/p>\n<\/li>\n<li data-section-id=\"14y3h0h\" data-start=\"1592\" data-end=\"1615\">\n<p data-start=\"1594\" data-end=\"1615\">Bedienungsanleitung<\/p>\n<\/li>\n<li data-section-id=\"w042xs\" data-start=\"1616\" data-end=\"1626\">\n<p data-start=\"1618\" data-end=\"1626\">Tasche<\/p>\n<\/li>\n<li data-section-id=\"1xver8w\" data-start=\"1627\" data-end=\"1649\">\n<p data-start=\"1629\" data-end=\"1649\">Zweiter Zeigersatz<\/p>\n<\/li>\n<\/ul>\n","protected":false},"excerpt":{"rendered":"<p>Das Uhrmacher-Montagekit Dieses f\u00fcr alle zug\u00e4ngliche Montagekit erm\u00f6glicht es, die eigene Uhr in 30 bis 40 Minuten zusammenzubauen \u2013 begleitet von einem 25-min\u00fctigen Video-Tutorial, verf\u00fcgbar auf Franz\u00f6sisch, Englisch und Deutsch.Allein nutzbar ab 12 Jahren und ab 8 Jahren in Begleitung, bietet es eine ideale erste Montageerfahrung \u2013 allein oder mit der Familie. Vielleicht sogar der &#8230; <a title=\"QUARZUHR-SET F\u00dcR ERWACHSENE ODER KINDER\" class=\"read-more\" href=\"https:\/\/lediamant.ch\/de\/uhren\/225217-quarzuhr-set-fur-erwachsene-oder-kinder\/\" aria-label=\"Mehr Informationen \u00fcber QUARZUHR-SET F\u00dcR ERWACHSENE ODER KINDER\">Weiterlesen &#8230;<\/a><\/p>\n","protected":false},"featured_media":225291,"template":"","meta":{"_acf_changed":false,"_seopress_robots_primary_cat":"42393","_seopress_titles_title":"","_seopress_titles_desc":"Entdecken Sie den eleganten Stil und die klaren Proportionen der Kollektion 1975, eine perfekte Mischung aus Vintage-Vibe und zeitlosem Charme.","_seopress_robots_index":""},"brand":[42385],"product_brand":[],"product_cat":[27123,42393],"product_tag":[],"class_list":{"0":"post-225217","1":"product","2":"type-product","3":"status-publish","4":"has-post-thumbnail","6":"brand-watch-kits","7":"product_cat-uhren","8":"product_cat-watch-kits","9":"pa_couleurduboitier-schwarz-de","10":"pa_couleurduboitier-weis","11":"pa_couleurdubracelet-schwarz-de","12":"pa_couleurducadran-blau","13":"pa_couleurducadran-celeste","14":"pa_couleurducadran-rosa-de","15":"pa_couleurducadran-schwarz","16":"pa_couleurducadran-turkis","17":"pa_couleurducadran-weiss","18":"pa_etancheite-nicht-wasserdicht","19":"pa_forme-fass-de","20":"pa_genre-frau","21":"pa_genre-kind","22":"pa_genre-mann","23":"pa_matiere-silikon","24":"pa_matierebraceletmontre-silikon","25":"pa_modele-de-mouvement-miyota-2025-quarz","26":"pa_mouvement-quarzbatterie-de","27":"pa_verre-acryl","28":"sales-flash-overlay","29":"woocommerce-text-align-center","30":"woocommerce-image-align-center","31":"do-quantity-buttons","33":"first","34":"instock","35":"taxable","36":"shipping-taxable","37":"purchasable","38":"product-type-variable"},"acf":[],"_links":{"self":[{"href":"https:\/\/lediamant.ch\/de\/wp-json\/wp\/v2\/product\/225217","targetHints":{"allow":["GET"]}}],"collection":[{"href":"https:\/\/lediamant.ch\/de\/wp-json\/wp\/v2\/product"}],"about":[{"href":"https:\/\/lediamant.ch\/de\/wp-json\/wp\/v2\/types\/product"}],"wp:featuredmedia":[{"embeddable":true,"href":"https:\/\/lediamant.ch\/de\/wp-json\/wp\/v2\/media\/225291"}],"wp:attachment":[{"href":"https:\/\/lediamant.ch\/de\/wp-json\/wp\/v2\/media?parent=225217"}],"wp:term":[{"taxonomy":"brand","embeddable":true,"href":"https:\/\/lediamant.ch\/de\/wp-json\/wp\/v2\/brand?post=225217"},{"taxonomy":"product_brand","embeddable":true,"href":"https:\/\/lediamant.ch\/de\/wp-json\/wp\/v2\/product_brand?post=225217"},{"taxonomy":"product_cat","embeddable":true,"href":"https:\/\/lediamant.ch\/de\/wp-json\/wp\/v2\/product_cat?post=225217"},{"taxonomy":"product_tag","embeddable":true,"href":"https:\/\/lediamant.ch\/de\/wp-json\/wp\/v2\/product_tag?post=225217"}],"curies":[{"name":"wp","href":"https:\/\/api.w.org\/{rel}","templated":true}]}}