{"id":225912,"date":"2026-02-20T09:27:06","date_gmt":"2026-02-20T08:27:06","guid":{"rendered":"https:\/\/lediamant.ch\/?post_type=product&#038;p=225912"},"modified":"2026-02-20T10:00:10","modified_gmt":"2026-02-20T09:00:10","slug":"hamilton-ventura-edge-skeleton-automatic","status":"publish","type":"product","link":"https:\/\/lediamant.ch\/de\/uhren\/225912-hamilton-ventura-edge-skeleton-automatic-h24635330\/","title":{"rendered":"Hamilton Ventura Edge Skeleton automatic"},"content":{"rendered":"<p>Die Ventura Edge Skeleton ist ein Sprung in die Zukunft der Uhrmacherei und widersetzt sich allen Konventionen. Sie entfernt sich von der ikonischen Struktur des dreieckigen Ventura-Geh\u00e4uses und enth\u00fcllt ein neues, gewagtes architektonisches Design. Dunkel, r\u00e4tselhaft und radikal, spielt diese Uhr mit Licht und Schatten in einem kontrastierenden silbernen Stahlgeh\u00e4use. Sie enth\u00e4lt ein H-10-S Uhrwerk, das durch ein skelettiertes, abgestuftes Zifferblatt subtil hervorgehoben wird. Die Uhr ist mit einem schwarzen Kautschukarmband ausgestattet.<\/p>\n","protected":false},"excerpt":{"rendered":"<p>Die Ventura Edge Skeleton ist ein Sprung in die Zukunft der Uhrmacherei und widersetzt sich allen Konventionen. Sie entfernt sich von der ikonischen Struktur des dreieckigen Ventura-Geh\u00e4uses und enth\u00fcllt ein neues, gewagtes architektonisches Design. Dunkel, r\u00e4tselhaft und radikal, spielt diese Uhr mit Licht und Schatten in einem kontrastierenden silbernen Stahlgeh\u00e4use. Sie enth\u00e4lt ein H-10-S Uhrwerk, &#8230; <a title=\"Hamilton Ventura Edge Skeleton automatic\" class=\"read-more\" href=\"https:\/\/lediamant.ch\/de\/uhren\/225912-hamilton-ventura-edge-skeleton-automatic-h24635330\/\" aria-label=\"Mehr Informationen \u00fcber Hamilton Ventura Edge Skeleton automatic\">Weiterlesen &#8230;<\/a><\/p>\n","protected":false},"featured_media":225919,"template":"","meta":{"_acf_changed":false,"_seopress_robots_primary_cat":"27181","_seopress_titles_title":"","_seopress_titles_desc":"Entdecken Sie die Ventura XXL Skeleton Automatic: ein Meisterwerk der Uhrmacherkunst, das k\u00fchnes Design und Ingenieurskunst vereint. Eine mehr als innovative Uhr.","_seopress_robots_index":""},"brand":[27085],"product_brand":[],"product_cat":[27181,27123,27323],"product_tag":[],"class_list":{"0":"post-225912","1":"product","2":"type-product","3":"status-publish","4":"has-post-thumbnail","6":"brand-hamilton-de","7":"product_cat-hamilton-de","8":"product_cat-uhren","9":"product_cat-ventura-de","10":"pa_couleurduboitier-grau-de","11":"pa_couleurdubracelet-schwarz-de","12":"pa_couleurducadran-schwarz","13":"pa_dimensions-51mm-x-47mm","14":"pa_etancheite-50m-de","15":"pa_forme-dreieck-de","16":"pa_genre-mann","17":"pa_matiere-stahl","18":"pa_matierebraceletmontre-kautschuk","19":"pa_modele-de-mouvement-h-10-s-de","20":"pa_mouvement-automatik-de","21":"pa_swissmade-ja-de","22":"pa_typedemontre-skelettuhren","23":"pa_verre-saphir-de","24":"sales-flash-overlay","25":"woocommerce-text-align-center","26":"woocommerce-image-align-center","27":"do-quantity-buttons","29":"first","30":"instock","31":"taxable","32":"shipping-taxable","33":"purchasable","34":"product-type-simple"},"acf":[],"_links":{"self":[{"href":"https:\/\/lediamant.ch\/de\/wp-json\/wp\/v2\/product\/225912","targetHints":{"allow":["GET"]}}],"collection":[{"href":"https:\/\/lediamant.ch\/de\/wp-json\/wp\/v2\/product"}],"about":[{"href":"https:\/\/lediamant.ch\/de\/wp-json\/wp\/v2\/types\/product"}],"wp:featuredmedia":[{"embeddable":true,"href":"https:\/\/lediamant.ch\/de\/wp-json\/wp\/v2\/media\/225919"}],"wp:attachment":[{"href":"https:\/\/lediamant.ch\/de\/wp-json\/wp\/v2\/media?parent=225912"}],"wp:term":[{"taxonomy":"brand","embeddable":true,"href":"https:\/\/lediamant.ch\/de\/wp-json\/wp\/v2\/brand?post=225912"},{"taxonomy":"product_brand","embeddable":true,"href":"https:\/\/lediamant.ch\/de\/wp-json\/wp\/v2\/product_brand?post=225912"},{"taxonomy":"product_cat","embeddable":true,"href":"https:\/\/lediamant.ch\/de\/wp-json\/wp\/v2\/product_cat?post=225912"},{"taxonomy":"product_tag","embeddable":true,"href":"https:\/\/lediamant.ch\/de\/wp-json\/wp\/v2\/product_tag?post=225912"}],"curies":[{"name":"wp","href":"https:\/\/api.w.org\/{rel}","templated":true}]}}