{"id":225944,"date":"2026-02-20T10:47:02","date_gmt":"2026-02-20T09:47:02","guid":{"rendered":"https:\/\/lediamant.ch\/?post_type=product&#038;p=225944"},"modified":"2026-02-20T11:32:11","modified_gmt":"2026-02-20T10:32:11","slug":"hamilton-jazzmaster-open-heart-auto-36mm-3","status":"publish","type":"product","link":"https:\/\/lediamant.ch\/de\/uhren\/225944-hamilton-jazzmaster-open-heart-auto-36mm-h32215101\/","title":{"rendered":"Hamilton Jazzmaster Open Heart Auto 36mm"},"content":{"rendered":"<p>Die Jazzmaster Open Heart Lady Auto 36mm ist eine bemerkenswerte und raffinierte Uhr mit einem sonnengebr\u00e4unten, geb\u00fcrsteten Bronzezifferblatt, das sich harmonisch in das tiefe Marineblau einf\u00fcgt und die Indizes k\u00fchn umrahmt. Das charakteristische Open Heart Design enth\u00fcllt das Uhrwerk im Inneren, w\u00e4hrend ein Edelstahlarmband f\u00fcr einen modernen Touch sorgt. Eine klassische Abenduhr, die Kunst und Pr\u00e4zision in perfekter Harmonie vereint.<\/p>\n","protected":false},"excerpt":{"rendered":"<p>Die Jazzmaster Open Heart Lady Auto 36mm ist eine bemerkenswerte und raffinierte Uhr mit einem sonnengebr\u00e4unten, geb\u00fcrsteten Bronzezifferblatt, das sich harmonisch in das tiefe Marineblau einf\u00fcgt und die Indizes k\u00fchn umrahmt. Das charakteristische Open Heart Design enth\u00fcllt das Uhrwerk im Inneren, w\u00e4hrend ein Edelstahlarmband f\u00fcr einen modernen Touch sorgt. Eine klassische Abenduhr, die Kunst und &#8230; <a title=\"Hamilton Jazzmaster Open Heart Auto 36mm\" class=\"read-more\" href=\"https:\/\/lediamant.ch\/de\/uhren\/225944-hamilton-jazzmaster-open-heart-auto-36mm-h32215101\/\" aria-label=\"Mehr Informationen \u00fcber Hamilton Jazzmaster Open Heart Auto 36mm\">Weiterlesen &#8230;<\/a><\/p>\n","protected":false},"featured_media":225951,"template":"","meta":{"_acf_changed":false,"_seopress_robots_primary_cat":"27181","_seopress_titles_title":"%%post_title%% %%sep%% %%sitetitle%%.ch","_seopress_titles_desc":"Entdecken Sie die Pr\u00e4zision der Jazzmaster Open Heart mit ihrem nachtblauen Zifferblatt und einer 80-Stunden-Gangreserve. Eleganz und Modernit\u00e4t definiert.","_seopress_robots_index":""},"brand":[27085],"product_brand":[],"product_cat":[27181,27243,27123],"product_tag":[],"class_list":{"0":"post-225944","1":"product","2":"type-product","3":"status-publish","4":"has-post-thumbnail","6":"brand-hamilton-de","7":"product_cat-hamilton-de","8":"product_cat-jazzmaster-de","9":"product_cat-uhren","10":"pa_couleurduboitier-grau-de","11":"pa_couleurdubracelet-grau-de","12":"pa_couleurducadran-blau","13":"pa_dimensions-o-36-mm","14":"pa_etancheite-50m-de","15":"pa_forme-runden","16":"pa_genre-frau","17":"pa_matiere-stahl","18":"pa_matierebraceletmontre-edelstahl","19":"pa_mouvement-automatik-de","20":"pa_swissmade-ja-de","21":"pa_typedemontre-skelettuhren","22":"pa_verre-saphir-de","23":"sales-flash-overlay","24":"woocommerce-text-align-center","25":"woocommerce-image-align-center","26":"do-quantity-buttons","28":"first","29":"instock","30":"taxable","31":"shipping-taxable","32":"purchasable","33":"product-type-simple"},"acf":[],"_links":{"self":[{"href":"https:\/\/lediamant.ch\/de\/wp-json\/wp\/v2\/product\/225944","targetHints":{"allow":["GET"]}}],"collection":[{"href":"https:\/\/lediamant.ch\/de\/wp-json\/wp\/v2\/product"}],"about":[{"href":"https:\/\/lediamant.ch\/de\/wp-json\/wp\/v2\/types\/product"}],"wp:featuredmedia":[{"embeddable":true,"href":"https:\/\/lediamant.ch\/de\/wp-json\/wp\/v2\/media\/225951"}],"wp:attachment":[{"href":"https:\/\/lediamant.ch\/de\/wp-json\/wp\/v2\/media?parent=225944"}],"wp:term":[{"taxonomy":"brand","embeddable":true,"href":"https:\/\/lediamant.ch\/de\/wp-json\/wp\/v2\/brand?post=225944"},{"taxonomy":"product_brand","embeddable":true,"href":"https:\/\/lediamant.ch\/de\/wp-json\/wp\/v2\/product_brand?post=225944"},{"taxonomy":"product_cat","embeddable":true,"href":"https:\/\/lediamant.ch\/de\/wp-json\/wp\/v2\/product_cat?post=225944"},{"taxonomy":"product_tag","embeddable":true,"href":"https:\/\/lediamant.ch\/de\/wp-json\/wp\/v2\/product_tag?post=225944"}],"curies":[{"name":"wp","href":"https:\/\/api.w.org\/{rel}","templated":true}]}}