{"id":226359,"date":"2026-03-11T14:10:25","date_gmt":"2026-03-11T13:10:25","guid":{"rendered":"https:\/\/lediamant.ch\/?post_type=product&#038;p=226359"},"modified":"2026-03-11T14:21:54","modified_gmt":"2026-03-11T13:21:54","slug":"tissot-t-race-motogp-2026-quartz-chronograph-45mm","status":"publish","type":"product","link":"https:\/\/lediamant.ch\/de\/uhren\/226359-tissot-t-race-motogp-2026-quartz-chronograph-45mm-t1414173742200\/","title":{"rendered":"Tissot T-Race MotoGP 2026 Quartz Chronograph 45mm"},"content":{"rendered":"<p>Um mehr als zwei Jahrzehnte Partnerschaft mit MotoGP\u2122 zu feiern, wird die ikonische T-Race Kollektion, die von Rennmotorr\u00e4dern inspiriert ist, 2026 um neue Referenzen erweitert, darunter dieses exklusive Modell T-Race Quartz Chronograph. Wie das Motorrad ist auch Tissot der Ort, an dem Leidenschaft auf Innovation und Stil trifft. Die T-Race ist die Uhr der Wahl f\u00fcr jeden Gentleman-Motorradfahrer. Tissot hat sich vom Geist dieses Sports inspirieren lassen, um Uhren zu produzieren, die die dynamische Natur von Motorr\u00e4dern und die Emotionen dieses Sports widerspiegeln. Mit der Bremsscheibe und dem Bremssattel auf der L\u00fcnette, den vom Lenker inspirierten Dr\u00fcckern und den K\u00fchlrippen des Motors auf der Seite des Geh\u00e4uses wurde diese Uhr als eine echte Hommage an den Motorsport entworfen. Wasserdicht, mit einem Quarzchronographenwerk und separaten Stunden- und Minutenzeigern, die mit SuperlumiNova beschichtet sind, ist diese Uhr der perfekte Begleiter f\u00fcr alle Fans von Motorradrennen. Die Uhr ist auf 8.000 Exemplare limitiert und wird in einer Box in Form eines Helms geliefert.<\/p>\n","protected":false},"excerpt":{"rendered":"<p>Um mehr als zwei Jahrzehnte Partnerschaft mit MotoGP\u2122 zu feiern, wird die ikonische T-Race Kollektion, die von Rennmotorr\u00e4dern inspiriert ist, 2026 um neue Referenzen erweitert, darunter dieses exklusive Modell T-Race Quartz Chronograph. Wie das Motorrad ist auch Tissot der Ort, an dem Leidenschaft auf Innovation und Stil trifft. Die T-Race ist die Uhr der Wahl &#8230; <a title=\"Tissot T-Race MotoGP 2026 Quartz Chronograph 45mm\" class=\"read-more\" href=\"https:\/\/lediamant.ch\/de\/uhren\/226359-tissot-t-race-motogp-2026-quartz-chronograph-45mm-t1414173742200\/\" aria-label=\"Mehr Informationen \u00fcber Tissot T-Race MotoGP 2026 Quartz Chronograph 45mm\">Weiterlesen &#8230;<\/a><\/p>\n","protected":false},"featured_media":226365,"template":"","meta":{"_acf_changed":false,"_seopress_robots_primary_cat":"27159","_seopress_titles_title":"%%post_title%% %%sep%% %%sitetitle%%.ch","_seopress_titles_desc":"Entdecken Sie den Tissot T-Race MotoGP Quartz Chronograph 2025, eine limitierte Edition, die von Motorradrennen inspiriert ist und f\u00fcr alle Liebhaber von Stil und Innovation gedacht ist.","_seopress_robots_index":""},"brand":[27087],"product_brand":[],"product_cat":[27159,27509,27325,27203,27123],"product_tag":[],"class_list":{"0":"post-226359","1":"product","2":"type-product","3":"status-publish","4":"has-post-thumbnail","6":"brand-tissot-de","7":"product_cat-tissot-de","8":"product_cat-tissot-t-race","9":"product_cat-tissot-spezialitaten","10":"product_cat-tissot-sport","11":"product_cat-uhren","12":"pa_couleurduboitier-schwarz-de","13":"pa_couleurdubracelet-schwarz-de","14":"pa_couleurducadran-rot","15":"pa_dimensions-o-45-mm","16":"pa_etancheite-100m-de","17":"pa_forme-runden","18":"pa_garantie-24monate","19":"pa_genre-mann","20":"pa_limitededition-8000-exemplare-weltweit","21":"pa_matiere-schwarzespvd","22":"pa_matierebraceletmontre-silikon","23":"pa_mouvement-quarzbatterie-de","24":"pa_swissmade-ja-de","25":"pa_typedemontre-chronograph-de","26":"sales-flash-overlay","27":"woocommerce-text-align-center","28":"woocommerce-image-align-center","29":"do-quantity-buttons","31":"first","32":"instock","33":"taxable","34":"shipping-taxable","35":"purchasable","36":"product-type-simple"},"acf":[],"_links":{"self":[{"href":"https:\/\/lediamant.ch\/de\/wp-json\/wp\/v2\/product\/226359","targetHints":{"allow":["GET"]}}],"collection":[{"href":"https:\/\/lediamant.ch\/de\/wp-json\/wp\/v2\/product"}],"about":[{"href":"https:\/\/lediamant.ch\/de\/wp-json\/wp\/v2\/types\/product"}],"wp:featuredmedia":[{"embeddable":true,"href":"https:\/\/lediamant.ch\/de\/wp-json\/wp\/v2\/media\/226365"}],"wp:attachment":[{"href":"https:\/\/lediamant.ch\/de\/wp-json\/wp\/v2\/media?parent=226359"}],"wp:term":[{"taxonomy":"brand","embeddable":true,"href":"https:\/\/lediamant.ch\/de\/wp-json\/wp\/v2\/brand?post=226359"},{"taxonomy":"product_brand","embeddable":true,"href":"https:\/\/lediamant.ch\/de\/wp-json\/wp\/v2\/product_brand?post=226359"},{"taxonomy":"product_cat","embeddable":true,"href":"https:\/\/lediamant.ch\/de\/wp-json\/wp\/v2\/product_cat?post=226359"},{"taxonomy":"product_tag","embeddable":true,"href":"https:\/\/lediamant.ch\/de\/wp-json\/wp\/v2\/product_tag?post=226359"}],"curies":[{"name":"wp","href":"https:\/\/api.w.org\/{rel}","templated":true}]}}