{"id":226384,"date":"2026-03-11T14:40:17","date_gmt":"2026-03-11T13:40:17","guid":{"rendered":"https:\/\/lediamant.ch\/?post_type=product&#038;p=226384"},"modified":"2026-03-11T15:18:03","modified_gmt":"2026-03-11T14:18:03","slug":"tissot-t-race-quartz-chronograph-38mm-5","status":"publish","type":"product","link":"https:\/\/lediamant.ch\/de\/uhren\/226384-tissot-t-race-quartz-chronograph-38mm-5-t1418171705100\/","title":{"rendered":"Tissot T-Race Quartz Chronograph 38mm"},"content":{"rendered":"<p>In diesem Jahr kehrt der T-Race Chronograph mit einem neuen, eleganteren Design zur\u00fcck, ohne dabei seine sportlichen Wurzeln zu vernachl\u00e4ssigen. Wie beim Radsport verbindet Tissot Leidenschaft, Innovation und Stil. Die T-Race Familie erm\u00f6glicht es dem Benutzer, vollst\u00e4ndig in die mechanische Umgebung einzutauchen. Zum Beispiel sind eine Bremsscheibe und ein Kaliber auf der L\u00fcnette abgebildet, die Dr\u00fccker sind vom Lenker inspiriert und die K\u00fchlrippen des Motors sind auf der Seite des Geh\u00e4uses abgebildet. Die Uhr ist wasserdicht und mit einem Quarzchronographenwerk und separaten Stunden- und Minutenzeigern ausgestattet, die alle mit SuperlumiNova beschichtet sind. Mit dieser Kollektion gibt Tissot die Dynamik, das Adrenalin und die Emotionen, die dieser Sport mit sich bringt, perfekt wieder.<\/p>\n","protected":false},"excerpt":{"rendered":"<p>In diesem Jahr kehrt der T-Race Chronograph mit einem neuen, eleganteren Design zur\u00fcck, ohne dabei seine sportlichen Wurzeln zu vernachl\u00e4ssigen. Wie beim Radsport verbindet Tissot Leidenschaft, Innovation und Stil. Die T-Race Familie erm\u00f6glicht es dem Benutzer, vollst\u00e4ndig in die mechanische Umgebung einzutauchen. Zum Beispiel sind eine Bremsscheibe und ein Kaliber auf der L\u00fcnette abgebildet, die &#8230; <a title=\"Tissot T-Race Quartz Chronograph 38mm\" class=\"read-more\" href=\"https:\/\/lediamant.ch\/de\/uhren\/226384-tissot-t-race-quartz-chronograph-38mm-5-t1418171705100\/\" aria-label=\"Mehr Informationen \u00fcber Tissot T-Race Quartz Chronograph 38mm\">Weiterlesen &#8230;<\/a><\/p>\n","protected":false},"featured_media":226389,"template":"","meta":{"_acf_changed":false,"_seopress_robots_primary_cat":"27159","_seopress_titles_title":"","_seopress_titles_desc":"Entdecken Sie Luxus und Pr\u00e4zision mit dem Tissot T-Race Chronograph 38mm. Einzigartiges, vom Motorsport inspiriertes Design und wasserdicht bis 100m.","_seopress_robots_index":""},"brand":[27087],"product_brand":[],"product_cat":[27159,27509,27203,27123],"product_tag":[],"class_list":{"0":"post-226384","1":"product","2":"type-product","3":"status-publish","4":"has-post-thumbnail","6":"brand-tissot-de","7":"product_cat-tissot-de","8":"product_cat-tissot-t-race","9":"product_cat-tissot-sport","10":"product_cat-uhren","11":"pa_couleurduboitier-grau-de","12":"pa_couleurdubracelet-schwarz-de","13":"pa_couleurducadran-schwarz","14":"pa_etancheite-100m-de","15":"pa_forme-runden","16":"pa_genre-frau","17":"pa_genre-kind","18":"pa_genre-mann","19":"pa_matiere-stahl","20":"pa_matierebraceletmontre-silikon","21":"pa_mouvement-quarzbatterie-de","22":"pa_swissmade-ja-de","23":"pa_typedemontre-chronograph-de","24":"pa_verre-saphir-de","25":"sales-flash-overlay","26":"woocommerce-text-align-center","27":"woocommerce-image-align-center","28":"do-quantity-buttons","30":"first","31":"instock","32":"taxable","33":"shipping-taxable","34":"purchasable","35":"product-type-simple"},"acf":[],"_links":{"self":[{"href":"https:\/\/lediamant.ch\/de\/wp-json\/wp\/v2\/product\/226384","targetHints":{"allow":["GET"]}}],"collection":[{"href":"https:\/\/lediamant.ch\/de\/wp-json\/wp\/v2\/product"}],"about":[{"href":"https:\/\/lediamant.ch\/de\/wp-json\/wp\/v2\/types\/product"}],"wp:featuredmedia":[{"embeddable":true,"href":"https:\/\/lediamant.ch\/de\/wp-json\/wp\/v2\/media\/226389"}],"wp:attachment":[{"href":"https:\/\/lediamant.ch\/de\/wp-json\/wp\/v2\/media?parent=226384"}],"wp:term":[{"taxonomy":"brand","embeddable":true,"href":"https:\/\/lediamant.ch\/de\/wp-json\/wp\/v2\/brand?post=226384"},{"taxonomy":"product_brand","embeddable":true,"href":"https:\/\/lediamant.ch\/de\/wp-json\/wp\/v2\/product_brand?post=226384"},{"taxonomy":"product_cat","embeddable":true,"href":"https:\/\/lediamant.ch\/de\/wp-json\/wp\/v2\/product_cat?post=226384"},{"taxonomy":"product_tag","embeddable":true,"href":"https:\/\/lediamant.ch\/de\/wp-json\/wp\/v2\/product_tag?post=226384"}],"curies":[{"name":"wp","href":"https:\/\/api.w.org\/{rel}","templated":true}]}}