{"id":226394,"date":"2026-03-11T15:32:20","date_gmt":"2026-03-11T14:32:20","guid":{"rendered":"https:\/\/lediamant.ch\/?post_type=product&#038;p=226394"},"modified":"2026-03-11T15:49:59","modified_gmt":"2026-03-11T14:49:59","slug":"tissot-t-race-quartz-chronograph-45mm-4","status":"publish","type":"product","link":"https:\/\/lediamant.ch\/de\/uhren\/226394-tissot-t-race-quartz-chronograph-45mm-4-t1414172704100\/","title":{"rendered":"Tissot T-Race Quartz Chronograph 45mm"},"content":{"rendered":"<p>Die T-Race Kollektion, die von Rennmotorr\u00e4dern inspiriert ist, ist sehr beliebt und wird regelm\u00e4\u00dfig um neue Modelle erweitert, darunter auch dieser Tissot T-Race Quartz Chronograph mit blauen Details. Wie bei den Motorr\u00e4dern trifft die Leidenschaft von Tissot auf Innovation und Stil: Die Tissot T-Race Quartz Chronograph ist die Uhr der Wahl f\u00fcr jeden Gentleman-Motorradfahrer. Tissot hat sich vom Geist des Sports inspirieren lassen, um Zeitmesser zu kreieren, die die Dynamik der Motorr\u00e4der und die Emotionen des Fahrens widerspiegeln. Mit einer L\u00fcnette, die einer Bremsscheibe nachempfunden ist, Dr\u00fcckern, die an Lenkergriffe erinnern, und stilisierten Motork\u00fchlrippen an der Seite des Geh\u00e4uses ist diese Uhr eine wahre Hommage an das Motorradfahren. Das 45 mm gro\u00dfe Geh\u00e4use aus 316L Edelstahl mit schwarzer PVD-Beschichtung ist mit einem kratzfesten, entspiegelten Saphirglas versehen und wird durch ein flexibles blaues Silikonarmband sicher am Arm gehalten. Die mit SuperlumiNova beschichteten Zeiger sorgen f\u00fcr eine hervorragende Ablesbarkeit. Das ideale Modell f\u00fcr alle Motorradfans!<\/p>\n","protected":false},"excerpt":{"rendered":"<p>Die T-Race Kollektion, die von Rennmotorr\u00e4dern inspiriert ist, ist sehr beliebt und wird regelm\u00e4\u00dfig um neue Modelle erweitert, darunter auch dieser Tissot T-Race Quartz Chronograph mit blauen Details. Wie bei den Motorr\u00e4dern trifft die Leidenschaft von Tissot auf Innovation und Stil: Die Tissot T-Race Quartz Chronograph ist die Uhr der Wahl f\u00fcr jeden Gentleman-Motorradfahrer. Tissot &#8230; <a title=\"Tissot T-Race Quartz Chronograph 45mm\" class=\"read-more\" href=\"https:\/\/lediamant.ch\/de\/uhren\/226394-tissot-t-race-quartz-chronograph-45mm-4-t1414172704100\/\" aria-label=\"Mehr Informationen \u00fcber Tissot T-Race Quartz Chronograph 45mm\">Weiterlesen &#8230;<\/a><\/p>\n","protected":false},"featured_media":226399,"template":"","meta":{"_acf_changed":false,"_seopress_robots_primary_cat":"27159","_seopress_titles_title":"","_seopress_titles_desc":"Entdecken Sie den Tissot T-Race Chronograph: Eleganz und Leidenschaft f\u00fcr den Motorsport, 100m Wasserdichtigkeit und ein k\u00fchnes Design.","_seopress_robots_index":""},"brand":[27087],"product_brand":[],"product_cat":[27159,27509,27325,27203,27123],"product_tag":[],"class_list":{"0":"post-226394","1":"product","2":"type-product","3":"status-publish","4":"has-post-thumbnail","6":"brand-tissot-de","7":"product_cat-tissot-de","8":"product_cat-tissot-t-race","9":"product_cat-tissot-spezialitaten","10":"product_cat-tissot-sport","11":"product_cat-uhren","12":"pa_couleurduboitier-grau-de","13":"pa_couleurdubracelet-blau-de","14":"pa_couleurducadran-blau","15":"pa_dimensions-o-45-mm","16":"pa_etancheite-100m-de","17":"pa_forme-runden","18":"pa_garantie-24monate","19":"pa_genre-mann","20":"pa_matiere-stahl","21":"pa_matierebraceletmontre-kautschuk","22":"pa_mouvement-quarzbatterie-de","23":"pa_swissmade-ja-de","24":"pa_typedemontre-chronograph-de","25":"pa_verre-saphir-de","26":"sales-flash-overlay","27":"woocommerce-text-align-center","28":"woocommerce-image-align-center","29":"do-quantity-buttons","31":"first","32":"instock","33":"taxable","34":"shipping-taxable","35":"purchasable","36":"product-type-simple"},"acf":[],"_links":{"self":[{"href":"https:\/\/lediamant.ch\/de\/wp-json\/wp\/v2\/product\/226394","targetHints":{"allow":["GET"]}}],"collection":[{"href":"https:\/\/lediamant.ch\/de\/wp-json\/wp\/v2\/product"}],"about":[{"href":"https:\/\/lediamant.ch\/de\/wp-json\/wp\/v2\/types\/product"}],"wp:featuredmedia":[{"embeddable":true,"href":"https:\/\/lediamant.ch\/de\/wp-json\/wp\/v2\/media\/226399"}],"wp:attachment":[{"href":"https:\/\/lediamant.ch\/de\/wp-json\/wp\/v2\/media?parent=226394"}],"wp:term":[{"taxonomy":"brand","embeddable":true,"href":"https:\/\/lediamant.ch\/de\/wp-json\/wp\/v2\/brand?post=226394"},{"taxonomy":"product_brand","embeddable":true,"href":"https:\/\/lediamant.ch\/de\/wp-json\/wp\/v2\/product_brand?post=226394"},{"taxonomy":"product_cat","embeddable":true,"href":"https:\/\/lediamant.ch\/de\/wp-json\/wp\/v2\/product_cat?post=226394"},{"taxonomy":"product_tag","embeddable":true,"href":"https:\/\/lediamant.ch\/de\/wp-json\/wp\/v2\/product_tag?post=226394"}],"curies":[{"name":"wp","href":"https:\/\/api.w.org\/{rel}","templated":true}]}}