{"id":226450,"date":"2026-03-11T17:49:31","date_gmt":"2026-03-11T16:49:31","guid":{"rendered":"https:\/\/lediamant.ch\/?post_type=product&#038;p=226450"},"modified":"2026-03-11T18:00:21","modified_gmt":"2026-03-11T17:00:21","slug":"tissot-lovely-round-19-5-mm","status":"publish","type":"product","link":"https:\/\/lediamant.ch\/de\/uhren\/226450-tissot-lovely-round-19-5-mm-t1400093637100\/","title":{"rendered":"Tissot Lovely Round, 19.5 mm"},"content":{"rendered":"<p>Die Tissot Lovely Round hat ein anspruchsvolles Design f\u00fcr zeitlose Eleganz. Die Uhr hat ein goldenes PVD-beschichtetes Zifferblatt und ist mit einem bordeauxroten Lederarmband ausgestattet. Die Tissot Lovely hat ein kratzfestes Saphirglas und ein Pr\u00e4zisionsquarzwerk, das in der Schweiz hergestellt wird und f\u00fcr absolute Zuverl\u00e4ssigkeit b\u00fcrgt.<\/p>\n","protected":false},"excerpt":{"rendered":"<p>DURCHMESSER: 19,5 MM<\/p>\n<p>QUARZWERK<\/p>\n<p>KRATZFESTES SAPHIRGLAS, FACETTIERT WIE EIN DIAMANT<\/p>\n<p>VERSTELLBARES LEDERARMBAND<\/p>\n","protected":false},"featured_media":226475,"template":"","meta":{"_acf_changed":false,"_seopress_robots_primary_cat":"27159","_seopress_titles_title":"","_seopress_titles_desc":"","_seopress_robots_index":""},"brand":[27087],"product_brand":[],"product_cat":[27297,27159,27423,27123],"product_tag":[],"class_list":{"0":"post-226450","1":"product","2":"type-product","3":"status-publish","4":"has-post-thumbnail","6":"brand-tissot-de","7":"product_cat-exklusiv-fur-damen","8":"product_cat-tissot-de","9":"product_cat-tissot-lovely","10":"product_cat-uhren","11":"pa_couleurduboitier-gelb-de","12":"pa_couleurdubracelet-rot-de","13":"pa_couleurducadran-rot","14":"pa_dimensions-o-19-5-mm","15":"pa_etancheite-30m-de","16":"pa_forme-runden","17":"pa_genre-frau","18":"pa_matiere-gelbgoldpvd","19":"pa_matierebraceletmontre-leder","20":"pa_mouvement-quarzbatterie-de","21":"pa_swissmade-ja-de","22":"sales-flash-overlay","23":"woocommerce-text-align-center","24":"woocommerce-image-align-center","25":"do-quantity-buttons","27":"first","28":"instock","29":"taxable","30":"shipping-taxable","31":"purchasable","32":"product-type-simple"},"acf":[],"_links":{"self":[{"href":"https:\/\/lediamant.ch\/de\/wp-json\/wp\/v2\/product\/226450","targetHints":{"allow":["GET"]}}],"collection":[{"href":"https:\/\/lediamant.ch\/de\/wp-json\/wp\/v2\/product"}],"about":[{"href":"https:\/\/lediamant.ch\/de\/wp-json\/wp\/v2\/types\/product"}],"wp:featuredmedia":[{"embeddable":true,"href":"https:\/\/lediamant.ch\/de\/wp-json\/wp\/v2\/media\/226475"}],"wp:attachment":[{"href":"https:\/\/lediamant.ch\/de\/wp-json\/wp\/v2\/media?parent=226450"}],"wp:term":[{"taxonomy":"brand","embeddable":true,"href":"https:\/\/lediamant.ch\/de\/wp-json\/wp\/v2\/brand?post=226450"},{"taxonomy":"product_brand","embeddable":true,"href":"https:\/\/lediamant.ch\/de\/wp-json\/wp\/v2\/product_brand?post=226450"},{"taxonomy":"product_cat","embeddable":true,"href":"https:\/\/lediamant.ch\/de\/wp-json\/wp\/v2\/product_cat?post=226450"},{"taxonomy":"product_tag","embeddable":true,"href":"https:\/\/lediamant.ch\/de\/wp-json\/wp\/v2\/product_tag?post=226450"}],"curies":[{"name":"wp","href":"https:\/\/api.w.org\/{rel}","templated":true}]}}