{"id":226668,"date":"2026-03-20T13:18:59","date_gmt":"2026-03-20T12:18:59","guid":{"rendered":"https:\/\/lediamant.ch\/?post_type=product&#038;p=226668"},"modified":"2026-03-20T13:24:56","modified_gmt":"2026-03-20T12:24:56","slug":"tissot-chrono-l-42mm-3","status":"publish","type":"product","link":"https:\/\/lediamant.ch\/de\/uhren\/226668-tissot-chrono-l-42mm-t1164171104200\/","title":{"rendered":"Tissot Chrono L 42mm"},"content":{"rendered":"<div id=\"collapseOne\" class=\"collapse show\" aria-labelledby=\"headingOne\" data-parent=\"#accordionContainer\">\n<p class=\"ti-fs-14 mt-10 mb-24 pr-lg-30 ti-pdp-details-content\">Die Tissot Chrono L erg\u00e4nzt die Tissot XL Kollektion in 42mm! Inspiriert von der Chrono XL ist diese neue Uhr ideal f\u00fcr alle, die eine sportliche und elegante Uhr mit Schweizer Technologie und modernem Stil suchen. Das Quarzchronographenwerk G10.212 bietet Pr\u00e4zision und Robustheit. Dar\u00fcber hinaus ist die Uhr wasserdicht bis zu einem Druck von 10 bar (100 Meter\/330 Fu\u00df) und bietet eine Sichtbarkeit bei schlechten Lichtverh\u00e4ltnissen, die durch die Super-LumiNova\u00ae-Beschichtung auf den Zeigern gew\u00e4hrleistet wird. Die Armb\u00e4nder k\u00f6nnen mit dem benutzerfreundlichen Schnellwechselsystem von Tissot ausgetauscht werden, so dass der Besitzer aus einer breiten Palette von kompatiblen Tissot-Armb\u00e4ndern w\u00e4hlen und seine Uhr dem Anlass entsprechend personalisieren kann. Entdecken Sie diesen 42 mm Chronographen mit seinem blauen Zifferblatt und dem schicken Edelstahlarmband.<\/p>\n<\/div>\n","protected":false},"excerpt":{"rendered":"<p>Die Tissot Chrono L erg\u00e4nzt die Tissot XL Kollektion in 42mm! Inspiriert von der Chrono XL ist diese neue Uhr ideal f\u00fcr alle, die eine sportliche und elegante Uhr mit Schweizer Technologie und modernem Stil suchen. Das Quarzchronographenwerk G10.212 bietet Pr\u00e4zision und Robustheit. Dar\u00fcber hinaus ist die Uhr wasserdicht bis zu einem Druck von 10 &#8230; <a title=\"Tissot Chrono L 42mm\" class=\"read-more\" href=\"https:\/\/lediamant.ch\/de\/uhren\/226668-tissot-chrono-l-42mm-t1164171104200\/\" aria-label=\"Mehr Informationen \u00fcber Tissot Chrono L 42mm\">Weiterlesen &#8230;<\/a><\/p>\n","protected":false},"featured_media":226675,"template":"","meta":{"_acf_changed":false,"_seopress_robots_primary_cat":"27159","_seopress_titles_title":"","_seopress_titles_desc":"","_seopress_robots_index":""},"brand":[27087],"product_brand":[],"product_cat":[27137,27159,27493,27203,27123],"product_tag":[],"class_list":{"0":"post-226668","1":"product","2":"type-product","3":"status-publish","4":"has-post-thumbnail","6":"brand-tissot-de","7":"product_cat-bracelet-ajustable-de","8":"product_cat-tissot-de","9":"product_cat-tissot-xl","10":"product_cat-tissot-sport","11":"product_cat-uhren","12":"pa_couleurduboitier-grau-de","13":"pa_couleurdubracelet-grau-de","14":"pa_couleurducadran-blau","15":"pa_etancheite-100m-de","16":"pa_forme-runden","17":"pa_genre-mann","18":"pa_matiere-stahl","19":"pa_matierebraceletmontre-edelstahl","20":"pa_mouvement-quarzbatterie-de","21":"pa_swissmade-ja-de","22":"pa_typedemontre-chronograph-de","23":"sales-flash-overlay","24":"woocommerce-text-align-center","25":"woocommerce-image-align-center","26":"do-quantity-buttons","28":"first","29":"outofstock","30":"taxable","31":"shipping-taxable","32":"purchasable","33":"product-type-simple"},"acf":[],"_links":{"self":[{"href":"https:\/\/lediamant.ch\/de\/wp-json\/wp\/v2\/product\/226668","targetHints":{"allow":["GET"]}}],"collection":[{"href":"https:\/\/lediamant.ch\/de\/wp-json\/wp\/v2\/product"}],"about":[{"href":"https:\/\/lediamant.ch\/de\/wp-json\/wp\/v2\/types\/product"}],"wp:featuredmedia":[{"embeddable":true,"href":"https:\/\/lediamant.ch\/de\/wp-json\/wp\/v2\/media\/226675"}],"wp:attachment":[{"href":"https:\/\/lediamant.ch\/de\/wp-json\/wp\/v2\/media?parent=226668"}],"wp:term":[{"taxonomy":"brand","embeddable":true,"href":"https:\/\/lediamant.ch\/de\/wp-json\/wp\/v2\/brand?post=226668"},{"taxonomy":"product_brand","embeddable":true,"href":"https:\/\/lediamant.ch\/de\/wp-json\/wp\/v2\/product_brand?post=226668"},{"taxonomy":"product_cat","embeddable":true,"href":"https:\/\/lediamant.ch\/de\/wp-json\/wp\/v2\/product_cat?post=226668"},{"taxonomy":"product_tag","embeddable":true,"href":"https:\/\/lediamant.ch\/de\/wp-json\/wp\/v2\/product_tag?post=226668"}],"curies":[{"name":"wp","href":"https:\/\/api.w.org\/{rel}","templated":true}]}}