{"id":226747,"date":"2026-03-20T15:04:59","date_gmt":"2026-03-20T14:04:59","guid":{"rendered":"https:\/\/lediamant.ch\/?post_type=product&#038;p=226747"},"modified":"2026-03-20T15:26:01","modified_gmt":"2026-03-20T14:26:01","slug":"tissot-visodate-39mm","status":"publish","type":"product","link":"https:\/\/lediamant.ch\/de\/produit\/uhren\/tissot-de\/tissot-visodate-39mm\/","title":{"rendered":"Tissot Visodate 39mm"},"content":{"rendered":"<p>Die Visodate kehrt in einer neuen 39 mm Version zur\u00fcck. Die Uhr zeigt die Kontinuit\u00e4t ihres Erbes, eine zuverl\u00e4ssige Uhr, die entworfen wurde, um die Momente des Alltags mit dem gleichen authentischen Charakter zu begleiten, der seit Generationen ihre Identit\u00e4t gepr\u00e4gt hat. Der transparente Geh\u00e4useboden enth\u00fcllt die raffinierte Mechanik des Powermatic 80 Uhrwerks, das eine Gangreserve von bis zu 80 Stunden bietet. Die mit Super-LumiNova beschichteten Zeiger garantieren eine optimale Ablesbarkeit auch bei schlechten Lichtverh\u00e4ltnissen. Entdecken Sie diese Version mit einem silbernen Zifferblatt mit goldenen Indizes und einem braunen Lederarmband mit Krokodilpr\u00e4gung f\u00fcr traditionelle Eleganz.<\/p>\n","protected":false},"excerpt":{"rendered":"<p>Die Visodate kehrt in einer neuen 39 mm Version zur\u00fcck. Die Uhr zeigt die Kontinuit\u00e4t ihres Erbes, eine zuverl\u00e4ssige Uhr, die entworfen wurde, um die Momente des Alltags mit dem gleichen authentischen Charakter zu begleiten, der seit Generationen ihre Identit\u00e4t gepr\u00e4gt hat. Der transparente Geh\u00e4useboden enth\u00fcllt die raffinierte Mechanik des Powermatic 80 Uhrwerks, das eine &#8230; <a title=\"Tissot Visodate 39mm\" class=\"read-more\" href=\"https:\/\/lediamant.ch\/de\/produit\/uhren\/tissot-de\/tissot-visodate-39mm\/\" aria-label=\"Mehr Informationen \u00fcber Tissot Visodate 39mm\">Weiterlesen &#8230;<\/a><\/p>\n","protected":false},"featured_media":226753,"template":"","meta":{"_acf_changed":false,"_seopress_robots_primary_cat":"27159","_seopress_titles_title":"","_seopress_titles_desc":"","_seopress_robots_index":""},"brand":[27087],"product_brand":[],"product_cat":[27159,27307,27461,27123],"product_tag":[],"class_list":{"0":"post-226747","1":"product","2":"type-product","3":"status-publish","4":"has-post-thumbnail","6":"brand-tissot-de","7":"product_cat-tissot-de","8":"product_cat-tissot-heritage","9":"product_cat-tissot-heritage-visodate","10":"product_cat-uhren","11":"pa_couleurduboitier-grau-de","12":"pa_couleurdubracelet-braun-de","13":"pa_couleurducadran-silber","14":"pa_etancheite-30m-de","15":"pa_forme-runden","16":"pa_genre-frau","17":"pa_genre-mann","18":"pa_matiere-stahl","19":"pa_matierebraceletmontre-leder","20":"pa_modele-de-mouvement-powermatic-80","21":"pa_mouvement-automatik-de","22":"pa_option-boitier-transparenter-hintergrund","23":"pa_swissmade-ja-de","24":"pa_verre-saphir-de","25":"sales-flash-overlay","26":"woocommerce-text-align-center","27":"woocommerce-image-align-center","28":"do-quantity-buttons","30":"first","31":"instock","32":"taxable","33":"shipping-taxable","34":"purchasable","35":"product-type-simple"},"acf":[],"_links":{"self":[{"href":"https:\/\/lediamant.ch\/de\/wp-json\/wp\/v2\/product\/226747","targetHints":{"allow":["GET"]}}],"collection":[{"href":"https:\/\/lediamant.ch\/de\/wp-json\/wp\/v2\/product"}],"about":[{"href":"https:\/\/lediamant.ch\/de\/wp-json\/wp\/v2\/types\/product"}],"wp:featuredmedia":[{"embeddable":true,"href":"https:\/\/lediamant.ch\/de\/wp-json\/wp\/v2\/media\/226753"}],"wp:attachment":[{"href":"https:\/\/lediamant.ch\/de\/wp-json\/wp\/v2\/media?parent=226747"}],"wp:term":[{"taxonomy":"brand","embeddable":true,"href":"https:\/\/lediamant.ch\/de\/wp-json\/wp\/v2\/brand?post=226747"},{"taxonomy":"product_brand","embeddable":true,"href":"https:\/\/lediamant.ch\/de\/wp-json\/wp\/v2\/product_brand?post=226747"},{"taxonomy":"product_cat","embeddable":true,"href":"https:\/\/lediamant.ch\/de\/wp-json\/wp\/v2\/product_cat?post=226747"},{"taxonomy":"product_tag","embeddable":true,"href":"https:\/\/lediamant.ch\/de\/wp-json\/wp\/v2\/product_tag?post=226747"}],"curies":[{"name":"wp","href":"https:\/\/api.w.org\/{rel}","templated":true}]}}