{"id":226801,"date":"2026-03-20T16:14:40","date_gmt":"2026-03-20T15:14:40","guid":{"rendered":"https:\/\/lediamant.ch\/?post_type=product&#038;p=226801"},"modified":"2026-03-20T16:20:51","modified_gmt":"2026-03-20T15:20:51","slug":"aerowatch-1942-calendrier-complet-42mm-4","status":"publish","type":"product","link":"https:\/\/lediamant.ch\/de\/uhren\/226801-aerowatch-1942-calendrier-complet-42mm-4-a-91108-ro01\/","title":{"rendered":"Aerowatch 1942 Calendrier Complet 42mm"},"content":{"rendered":"<p>Die neue Version 1942 Calendrier complet \u00fcberrascht mit einer neuartigen Mondanzeige, die f\u00fcr beide Erdhalbkugeln konzipiert wurde und auch als &#8222;doppelte Mondphasen-Komplikation&#8220; bezeichnet wird. Bei 6\/18 Uhr und vor dem Hintergrund des Sternenhimmels zeigt das Mondzifferblatt gleichzeitig die Mondphasen sowohl f\u00fcr die n\u00f6rdliche als auch f\u00fcr die s\u00fcdliche Hemisph\u00e4re an.<\/p>\n<p>Die doppelte Mondphasen-Komplikation wird durch die Anzeige des Wochentags, des Datums und des Monats erg\u00e4nzt und vereint technische Raffinesse, \u00c4sthetik und zeitlose Eleganz. Das silberne Zifferblatt ist mit deutlich lesbaren arabischen Ziffern versehen, w\u00e4hrend die blauen Zeiger sanft \u00fcber das harmonische Zifferblatt laufen und die Stunden, Minuten und Sekunden anzeigen. Die Monate und Tage werden in den zentralen Fenstern angezeigt. Der Zeiger, der in einem roten Halbmond endet, wurde zur Anzeige des Datums entworfen.<\/p>\n<p>Das Geh\u00e4use aus ros\u00e9goldfarbenem PVD-beschichtetem Stahl hat eine sanfte Kurve, die das ausgewogene Aussehen der Uhr unterstreicht. Mit einem 42 mm Geh\u00e4use ist die neueste Kreation von Aerowatch Teil des klassischen, zeitlosen und einzigartigen Designs, das f\u00fcr das Unternehmen charakteristisch ist. Der Glasboden des Geh\u00e4uses gibt den Blick auf das kunstvoll verzierte Uhrwerk und die kunstvoll gearbeitete Schwungmasse frei und unterstreicht so die hohen Anspr\u00fcche von Aerowatch an die Haute Horlogerie. Ein braunes, gepr\u00e4gtes Lederarmband mit Steppn\u00e4hten und Faltschlie\u00dfe vervollst\u00e4ndigt das vielversprechende Modell 1942 Calendrier complet.<\/p>\n","protected":false},"excerpt":{"rendered":"<p>Die neue Version 1942 Calendrier complet \u00fcberrascht mit einer neuartigen Mondanzeige, die f\u00fcr beide Erdhalbkugeln konzipiert wurde und auch als &#8222;doppelte Mondphasen-Komplikation&#8220; bezeichnet wird. Bei 6\/18 Uhr und vor dem Hintergrund des Sternenhimmels zeigt das Mondzifferblatt gleichzeitig die Mondphasen sowohl f\u00fcr die n\u00f6rdliche als auch f\u00fcr die s\u00fcdliche Hemisph\u00e4re an. Die doppelte Mondphasen-Komplikation wird durch &#8230; <a title=\"Aerowatch 1942 Calendrier Complet 42mm\" class=\"read-more\" href=\"https:\/\/lediamant.ch\/de\/uhren\/226801-aerowatch-1942-calendrier-complet-42mm-4-a-91108-ro01\/\" aria-label=\"Mehr Informationen \u00fcber Aerowatch 1942 Calendrier Complet 42mm\">Weiterlesen &#8230;<\/a><\/p>\n","protected":false},"featured_media":226803,"template":"","meta":{"_acf_changed":false,"_seopress_robots_primary_cat":"27167","_seopress_titles_title":"","_seopress_titles_desc":"Entdecken Sie die zeitlose Eleganz der Aerowatch Phases de Lune Uhr. Raffinierter Stil und Schweizer Pr\u00e4zision f\u00fcr einen distinguierten Look.","_seopress_robots_index":""},"brand":[27081],"product_brand":[],"product_cat":[27241,27167,27123],"product_tag":[],"class_list":{"0":"post-226801","1":"product","2":"type-product","3":"status-publish","4":"has-post-thumbnail","6":"brand-aerowatch-de","7":"product_cat-1942-de","8":"product_cat-aerowatch-de","9":"product_cat-uhren","10":"pa_couleurduboitier-pinkrosa-de","11":"pa_couleurdubracelet-braun-de","12":"pa_couleurducadran-silber","13":"pa_etancheite-50m-de","14":"pa_forme-runden","15":"pa_genre-frau","16":"pa_genre-mann","17":"pa_matiere-rosegoldpvd","18":"pa_matierebraceletmontre-leder","19":"pa_modele-de-mouvement-sellita-sw-383-1","20":"pa_mouvement-automatik-de","21":"pa_option-boitier-transparenter-hintergrund","22":"pa_swissmade-ja-de","23":"pa_typedemontre-uhrenmitmondanzeige","24":"pa_verre-saphir-de","25":"sales-flash-overlay","26":"woocommerce-text-align-center","27":"woocommerce-image-align-center","28":"do-quantity-buttons","30":"first","31":"instock","32":"taxable","33":"shipping-taxable","34":"purchasable","35":"product-type-simple"},"acf":[],"_links":{"self":[{"href":"https:\/\/lediamant.ch\/de\/wp-json\/wp\/v2\/product\/226801","targetHints":{"allow":["GET"]}}],"collection":[{"href":"https:\/\/lediamant.ch\/de\/wp-json\/wp\/v2\/product"}],"about":[{"href":"https:\/\/lediamant.ch\/de\/wp-json\/wp\/v2\/types\/product"}],"wp:featuredmedia":[{"embeddable":true,"href":"https:\/\/lediamant.ch\/de\/wp-json\/wp\/v2\/media\/226803"}],"wp:attachment":[{"href":"https:\/\/lediamant.ch\/de\/wp-json\/wp\/v2\/media?parent=226801"}],"wp:term":[{"taxonomy":"brand","embeddable":true,"href":"https:\/\/lediamant.ch\/de\/wp-json\/wp\/v2\/brand?post=226801"},{"taxonomy":"product_brand","embeddable":true,"href":"https:\/\/lediamant.ch\/de\/wp-json\/wp\/v2\/product_brand?post=226801"},{"taxonomy":"product_cat","embeddable":true,"href":"https:\/\/lediamant.ch\/de\/wp-json\/wp\/v2\/product_cat?post=226801"},{"taxonomy":"product_tag","embeddable":true,"href":"https:\/\/lediamant.ch\/de\/wp-json\/wp\/v2\/product_tag?post=226801"}],"curies":[{"name":"wp","href":"https:\/\/api.w.org\/{rel}","templated":true}]}}