{"id":226817,"date":"2026-03-20T17:20:54","date_gmt":"2026-03-20T16:20:54","guid":{"rendered":"https:\/\/lediamant.ch\/?post_type=product&#038;p=226817"},"modified":"2026-03-20T17:30:34","modified_gmt":"2026-03-20T16:30:34","slug":"aerowatch-1942-mecanique-40mm-2","status":"publish","type":"product","link":"https:\/\/lediamant.ch\/de\/uhren\/226817-aerowatch-1942-mecanique-40mm-a-40900-aa01-m\/","title":{"rendered":"Aerowatch 1942 Mechanisch 40mm"},"content":{"rendered":"<p>Entdecken Sie die Essenz der traditionellen Uhrmacherkunst mit der Aerowatch 1942 mechanisch. Dieses Modell l\u00e4dt Sie dazu ein, das t\u00e4gliche Ritual des Handaufzugs wiederzuentdecken. Das Handaufzugswerk SW 210-1 in dem eleganten 40 mm Edelstahlgeh\u00e4use bietet absolute Pr\u00e4zision und Zuverl\u00e4ssigkeit. Mit einer gro\u00dfz\u00fcgigen Gangreserve von 42 Stunden begleitet Sie dieser Zeitmesser m\u00fchelos durch den Alltag und weit dar\u00fcber hinaus. Sein klassisches Design im unnachahmlichen Stil der 1940er Jahre macht ihn zu einem treuen Begleiter f\u00fcr Liebhaber authentischer Mechanik. G\u00f6nnen Sie sich ein echtes St\u00fcck Schweizer Uhrmachertradition f\u00fcr Ihr Handgelenk.<\/p>\n","protected":false},"excerpt":{"rendered":"<p>Entdecken Sie die Essenz der traditionellen Uhrmacherkunst mit der Aerowatch 1942 mechanisch. Dieses Modell l\u00e4dt Sie dazu ein, das t\u00e4gliche Ritual des Handaufzugs wiederzuentdecken. Das Handaufzugswerk SW 210-1 in dem eleganten 40 mm Edelstahlgeh\u00e4use bietet absolute Pr\u00e4zision und Zuverl\u00e4ssigkeit. Mit einer gro\u00dfz\u00fcgigen Gangreserve von 42 Stunden begleitet Sie dieser Zeitmesser m\u00fchelos durch den Alltag und &#8230; <a title=\"Aerowatch 1942 Mechanisch 40mm\" class=\"read-more\" href=\"https:\/\/lediamant.ch\/de\/uhren\/226817-aerowatch-1942-mecanique-40mm-a-40900-aa01-m\/\" aria-label=\"Mehr Informationen \u00fcber Aerowatch 1942 Mechanisch 40mm\">Weiterlesen &#8230;<\/a><\/p>\n","protected":false},"featured_media":226820,"template":"","meta":{"_acf_changed":false,"_seopress_robots_primary_cat":"27167","_seopress_titles_title":"","_seopress_titles_desc":"Entdecken Sie die zeitlose Eleganz der Aerowatch Phases de Lune Uhr. Raffinierter Stil und Schweizer Pr\u00e4zision f\u00fcr einen distinguierten Look.","_seopress_robots_index":""},"brand":[27081],"product_brand":[],"product_cat":[27241,27167,27123],"product_tag":[],"class_list":{"0":"post-226817","1":"product","2":"type-product","3":"status-publish","4":"has-post-thumbnail","6":"brand-aerowatch-de","7":"product_cat-1942-de","8":"product_cat-aerowatch-de","9":"product_cat-uhren","10":"pa_couleurdubracelet-grau-de","11":"pa_couleurducadran-weiss","12":"pa_etancheite-50m-de","13":"pa_forme-runden","14":"pa_genre-frau","15":"pa_genre-mann","16":"pa_matiere-stahl","17":"pa_matierebraceletmontre-edelstahl","18":"pa_modele-de-mouvement-sellita-sw-210-1","19":"pa_mouvement-mechanik","20":"pa_option-boitier-transparenter-hintergrund","21":"pa_swissmade-ja-de","22":"pa_typedemontre-uhrenmithandaufzug","23":"pa_verre-saphir-de","24":"sales-flash-overlay","25":"woocommerce-text-align-center","26":"woocommerce-image-align-center","27":"do-quantity-buttons","29":"first","30":"instock","31":"taxable","32":"shipping-taxable","33":"purchasable","34":"product-type-simple"},"acf":[],"_links":{"self":[{"href":"https:\/\/lediamant.ch\/de\/wp-json\/wp\/v2\/product\/226817","targetHints":{"allow":["GET"]}}],"collection":[{"href":"https:\/\/lediamant.ch\/de\/wp-json\/wp\/v2\/product"}],"about":[{"href":"https:\/\/lediamant.ch\/de\/wp-json\/wp\/v2\/types\/product"}],"wp:featuredmedia":[{"embeddable":true,"href":"https:\/\/lediamant.ch\/de\/wp-json\/wp\/v2\/media\/226820"}],"wp:attachment":[{"href":"https:\/\/lediamant.ch\/de\/wp-json\/wp\/v2\/media?parent=226817"}],"wp:term":[{"taxonomy":"brand","embeddable":true,"href":"https:\/\/lediamant.ch\/de\/wp-json\/wp\/v2\/brand?post=226817"},{"taxonomy":"product_brand","embeddable":true,"href":"https:\/\/lediamant.ch\/de\/wp-json\/wp\/v2\/product_brand?post=226817"},{"taxonomy":"product_cat","embeddable":true,"href":"https:\/\/lediamant.ch\/de\/wp-json\/wp\/v2\/product_cat?post=226817"},{"taxonomy":"product_tag","embeddable":true,"href":"https:\/\/lediamant.ch\/de\/wp-json\/wp\/v2\/product_tag?post=226817"}],"curies":[{"name":"wp","href":"https:\/\/api.w.org\/{rel}","templated":true}]}}