{"id":226826,"date":"2026-01-20T17:44:45","date_gmt":"2026-01-20T16:44:45","guid":{"rendered":"https:\/\/lediamant.ch\/?post_type=product&#038;p=226826"},"modified":"2026-03-20T17:54:39","modified_gmt":"2026-03-20T16:54:39","slug":"aerowatch-renaissance-lady-skeleton-vert","status":"publish","type":"product","link":"https:\/\/lediamant.ch\/de\/uhren\/226826-aerowatch-renaissance-lady-skeleton-vert-a-57981-aa02\/","title":{"rendered":"Aerowatch Renaissance Lady Skeleton Gr\u00fcn"},"content":{"rendered":"<p>Aerowatch bringt die Renaissance Skelett auf den Markt, eine Uhr, die ausschlie\u00dflich den Liebhabern sch\u00f6ner Mechanik gewidmet ist. Diese Uhr ist das Ergebnis der einzigartigen Erfahrung, die Aerowatch seit 1910 gesammelt hat, und vereint moderne Linien mit zeitloser \u00c4sthetik. Die Renaissance Skelett ist stolz auf ihre Ma\u00dfe und besitzt ein Stahlgeh\u00e4use mit einem Durchmesser von 43 mm, das an den Kanten satiniert ist. Das skelettierte Uhrwerk wurde sanft graviert und ausgeh\u00f6hlt, wobei die Zuverl\u00e4ssigkeit und Steifigkeit der Komponenten erhalten blieb. Wie ein subtiles und raffiniertes Dekollet\u00e9 gibt der diskrete gr\u00fcne Ring den Blick auf das schlagende Herz des Uhrwerks frei. So kann der Besitzer nicht nur die Funktionsweise des Kalibers bewundern, sondern auch seine komplexe Architektur entdecken. Die blauen Stunden- und Minutenzeiger beleben das Ganze und verleihen dieser Uhr ein entschieden zeitgen\u00f6ssisches Aussehen. Die Renaissance Skeleton ist mit einem gr\u00fcnen Lederarmband ausgestattet und verf\u00fcgt \u00fcber eine besonders sorgf\u00e4ltige Verarbeitung.<\/p>\n","protected":false},"excerpt":{"rendered":"<p>Aerowatch bringt die Renaissance Skelett auf den Markt, eine Uhr, die ausschlie\u00dflich den Liebhabern sch\u00f6ner Mechanik gewidmet ist. Diese Uhr ist das Ergebnis der einzigartigen Erfahrung, die Aerowatch seit 1910 gesammelt hat, und vereint moderne Linien mit zeitloser \u00c4sthetik. Die Renaissance Skelett ist stolz auf ihre Ma\u00dfe und besitzt ein Stahlgeh\u00e4use mit einem Durchmesser von &#8230; <a title=\"Aerowatch Renaissance Lady Skeleton Gr\u00fcn\" class=\"read-more\" href=\"https:\/\/lediamant.ch\/de\/uhren\/226826-aerowatch-renaissance-lady-skeleton-vert-a-57981-aa02\/\" aria-label=\"Mehr Informationen \u00fcber Aerowatch Renaissance Lady Skeleton Gr\u00fcn\">Weiterlesen &#8230;<\/a><\/p>\n","protected":false},"featured_media":226829,"template":"","meta":{"_acf_changed":false,"_seopress_robots_primary_cat":"27167","_seopress_titles_title":"%%post_title%%","_seopress_titles_desc":"Aerowatch stellt die Renaissance Squelette Dame vor, eine raffinierte Kreation f\u00fcr Frauen, die hohe Uhrmacherkunst lieben.","_seopress_robots_index":""},"brand":[27081],"product_brand":[],"product_cat":[27167,27321,27123],"product_tag":[],"class_list":{"0":"post-226826","1":"product","2":"type-product","3":"status-publish","4":"has-post-thumbnail","6":"brand-aerowatch-de","7":"product_cat-aerowatch-de","8":"product_cat-renaissance-de","9":"product_cat-uhren","10":"pa_couleurduboitier-grau-de","11":"pa_couleurdubracelet-grun-de","12":"pa_couleurducadran-grun","13":"pa_etancheite-50m-de","14":"pa_forme-runden","15":"pa_genre-frau","16":"pa_genre-mann","17":"pa_matiere-stahl","18":"pa_matierebraceletmontre-leder","19":"pa_modele-de-mouvement-eta-unitas-6498-1-de","20":"pa_mouvement-mechanik","21":"pa_option-boitier-transparenter-hintergrund","22":"pa_swissmade-ja-de","23":"pa_typedemontre-skelettuhren","24":"pa_typedemontre-uhrenmithandaufzug","25":"pa_verre-saphir-de","26":"sales-flash-overlay","27":"woocommerce-text-align-center","28":"woocommerce-image-align-center","29":"do-quantity-buttons","31":"first","32":"instock","33":"taxable","34":"shipping-taxable","35":"purchasable","36":"product-type-simple"},"acf":[],"_links":{"self":[{"href":"https:\/\/lediamant.ch\/de\/wp-json\/wp\/v2\/product\/226826","targetHints":{"allow":["GET"]}}],"collection":[{"href":"https:\/\/lediamant.ch\/de\/wp-json\/wp\/v2\/product"}],"about":[{"href":"https:\/\/lediamant.ch\/de\/wp-json\/wp\/v2\/types\/product"}],"wp:featuredmedia":[{"embeddable":true,"href":"https:\/\/lediamant.ch\/de\/wp-json\/wp\/v2\/media\/226829"}],"wp:attachment":[{"href":"https:\/\/lediamant.ch\/de\/wp-json\/wp\/v2\/media?parent=226826"}],"wp:term":[{"taxonomy":"brand","embeddable":true,"href":"https:\/\/lediamant.ch\/de\/wp-json\/wp\/v2\/brand?post=226826"},{"taxonomy":"product_brand","embeddable":true,"href":"https:\/\/lediamant.ch\/de\/wp-json\/wp\/v2\/product_brand?post=226826"},{"taxonomy":"product_cat","embeddable":true,"href":"https:\/\/lediamant.ch\/de\/wp-json\/wp\/v2\/product_cat?post=226826"},{"taxonomy":"product_tag","embeddable":true,"href":"https:\/\/lediamant.ch\/de\/wp-json\/wp\/v2\/product_tag?post=226826"}],"curies":[{"name":"wp","href":"https:\/\/api.w.org\/{rel}","templated":true}]}}