{"id":226885,"date":"2026-03-25T16:31:31","date_gmt":"2026-03-25T15:31:31","guid":{"rendered":"https:\/\/lediamant.ch\/?post_type=product&#038;p=226885"},"modified":"2026-03-25T16:37:43","modified_gmt":"2026-03-25T15:37:43","slug":"hamilton-intra-matic-mechanical-chrono-40mm","status":"publish","type":"product","link":"https:\/\/lediamant.ch\/de\/uhren\/226885-hamilton-intra-matic-mechanical-chrono-40mm-h38429861\/","title":{"rendered":"Hamilton Intra-matic Mechanical Chrono 40mm"},"content":{"rendered":"<p>Der American Classic Chronograph 40 mm in Vintage-Braun verk\u00f6rpert den zeitlosen amerikanischen Stil, der vom Geist der Autorennen der 1970er Jahre gepr\u00e4gt ist. Das rauchfarbene Finish und die Retro-Farbakzente erinnern an den Nervenkitzel der Rennstrecke, w\u00e4hrend das perforierte, vom Rennsport inspirierte Armband das Modell vervollst\u00e4ndigt. Zusammen mit einem zweiten, vielseitigen Mesh-Armband, das in einer Schatulle geliefert wird, ist dieser automatische Chronograph eine gewagte Wahl f\u00fcr alle, die Freiheit und Geschwindigkeit sch\u00e4tzen.<\/p>\n","protected":false},"excerpt":{"rendered":"<p>Der American Classic Chronograph 40 mm in Vintage-Braun verk\u00f6rpert den zeitlosen amerikanischen Stil, der vom Geist der Autorennen der 1970er Jahre gepr\u00e4gt ist. Das rauchfarbene Finish und die Retro-Farbakzente erinnern an den Nervenkitzel der Rennstrecke, w\u00e4hrend das perforierte, vom Rennsport inspirierte Armband das Modell vervollst\u00e4ndigt. Zusammen mit einem zweiten, vielseitigen Mesh-Armband, das in einer Schatulle &#8230; <a title=\"Hamilton Intra-matic Mechanical Chrono 40mm\" class=\"read-more\" href=\"https:\/\/lediamant.ch\/de\/uhren\/226885-hamilton-intra-matic-mechanical-chrono-40mm-h38429861\/\" aria-label=\"Mehr Informationen \u00fcber Hamilton Intra-matic Mechanical Chrono 40mm\">Weiterlesen &#8230;<\/a><\/p>\n","protected":false},"featured_media":226897,"template":"","meta":{"_acf_changed":false,"_seopress_robots_primary_cat":"27181","_seopress_titles_title":"","_seopress_titles_desc":"","_seopress_robots_index":""},"brand":[27085],"product_brand":[],"product_cat":[27201,27181,27123],"product_tag":[],"class_list":{"0":"post-226885","1":"product","2":"type-product","3":"status-publish","4":"has-post-thumbnail","6":"brand-hamilton-de","7":"product_cat-american-classic","8":"product_cat-hamilton-de","9":"product_cat-uhren","10":"pa_couleurduboitier-grau-de","11":"pa_couleurdubracelet-braun-de","12":"pa_couleurdubracelet-grau-de","13":"pa_couleurducadran-grun","14":"pa_etancheite-100m-de","15":"pa_forme-runden","16":"pa_genre-mann","17":"pa_matiere-stahl","18":"pa_matierebraceletmontre-edelstahl","19":"pa_matierebraceletmontre-leder","20":"pa_mouvement-mechanik","21":"pa_swissmade-ja-de","22":"pa_typedemontre-chronograph-de","23":"pa_typedemontre-uhrenmithandaufzug","24":"pa_verre-saphir-de","25":"sales-flash-overlay","26":"woocommerce-text-align-center","27":"woocommerce-image-align-center","28":"do-quantity-buttons","30":"first","31":"instock","32":"taxable","33":"shipping-taxable","34":"purchasable","35":"product-type-simple"},"acf":[],"_links":{"self":[{"href":"https:\/\/lediamant.ch\/de\/wp-json\/wp\/v2\/product\/226885","targetHints":{"allow":["GET"]}}],"collection":[{"href":"https:\/\/lediamant.ch\/de\/wp-json\/wp\/v2\/product"}],"about":[{"href":"https:\/\/lediamant.ch\/de\/wp-json\/wp\/v2\/types\/product"}],"wp:featuredmedia":[{"embeddable":true,"href":"https:\/\/lediamant.ch\/de\/wp-json\/wp\/v2\/media\/226897"}],"wp:attachment":[{"href":"https:\/\/lediamant.ch\/de\/wp-json\/wp\/v2\/media?parent=226885"}],"wp:term":[{"taxonomy":"brand","embeddable":true,"href":"https:\/\/lediamant.ch\/de\/wp-json\/wp\/v2\/brand?post=226885"},{"taxonomy":"product_brand","embeddable":true,"href":"https:\/\/lediamant.ch\/de\/wp-json\/wp\/v2\/product_brand?post=226885"},{"taxonomy":"product_cat","embeddable":true,"href":"https:\/\/lediamant.ch\/de\/wp-json\/wp\/v2\/product_cat?post=226885"},{"taxonomy":"product_tag","embeddable":true,"href":"https:\/\/lediamant.ch\/de\/wp-json\/wp\/v2\/product_tag?post=226885"}],"curies":[{"name":"wp","href":"https:\/\/api.w.org\/{rel}","templated":true}]}}