{"id":226939,"date":"2026-03-27T13:18:36","date_gmt":"2026-03-27T12:18:36","guid":{"rendered":"https:\/\/lediamant.ch\/?post_type=product&#038;p=226939"},"modified":"2026-03-27T13:23:20","modified_gmt":"2026-03-27T12:23:20","slug":"aerowatch-intuition-classic-lady-quartz-diamonds-acier","status":"publish","type":"product","link":"https:\/\/lediamant.ch\/de\/uhren\/226939-aerowatch-intuition-classic-lady-quarz-diamonds-stahl-a-49988-aa07-dia-m\/","title":{"rendered":"Aerowatch, Intuition Classic, Lady, Quarz, Diamonds, Stahl"},"content":{"rendered":"<p class=\"h5 text-uppercase\">Diese Modellreihe verbindet Eleganz mit moderner Ethik. Die Aerowatch Intuition ist die Antwort auf Ihre Suche nach zeitloser Eleganz. Das Zifferblatt aus irisierendem Perlmutt gl\u00e4nzt und zieht die Blicke auf sich. Das Geh\u00e4use dieser Uhr ist mit 30 Labordiamanten bedeckt, die in zwei Reihen angeordnet sind. Hergestellt nach den strengsten Schweizer Standards, ist dieses Produkt zuverl\u00e4ssig und luxuri\u00f6s. Vertrauen Sie Ihrem guten Geschmack und w\u00e4hlen Sie ein Accessoire, das zu Ihnen passt.<\/p>\n","protected":false},"excerpt":{"rendered":"<p>Diese Modellreihe verbindet Eleganz mit moderner Ethik. Die Aerowatch Intuition ist die Antwort auf Ihre Suche nach zeitloser Eleganz. Das Zifferblatt aus irisierendem Perlmutt gl\u00e4nzt und zieht die Blicke auf sich. Das Geh\u00e4use dieser Uhr ist mit 30 Labordiamanten bedeckt, die in zwei Reihen angeordnet sind. Hergestellt nach den strengsten Schweizer Standards, ist dieses Produkt &#8230; <a title=\"Aerowatch, Intuition Classic, Lady, Quarz, Diamonds, Stahl\" class=\"read-more\" href=\"https:\/\/lediamant.ch\/de\/uhren\/226939-aerowatch-intuition-classic-lady-quarz-diamonds-stahl-a-49988-aa07-dia-m\/\" aria-label=\"Mehr Informationen \u00fcber Aerowatch, Intuition Classic, Lady, Quarz, Diamonds, Stahl\">Weiterlesen &#8230;<\/a><\/p>\n","protected":false},"featured_media":226941,"template":"","meta":{"_acf_changed":false,"_seopress_robots_primary_cat":"27167","_seopress_titles_title":"","_seopress_titles_desc":"","_seopress_robots_index":""},"brand":[27081],"product_brand":[],"product_cat":[27167,27137,27267,27123],"product_tag":[],"class_list":{"0":"post-226939","1":"product","2":"type-product","3":"status-publish","4":"has-post-thumbnail","6":"brand-aerowatch-de","7":"product_cat-aerowatch-de","8":"product_cat-bracelet-ajustable-de","9":"product_cat-intuition-de","10":"product_cat-uhren","11":"pa_couleurduboitier-grau-de","12":"pa_couleurdubracelet-grau-de","13":"pa_couleurducadran-perlmutt","14":"pa_detail-de-s-pierres-s-30-labordiamanten-073-ct","15":"pa_etancheite-50m-de","16":"pa_forme-rechteckig-de","17":"pa_genre-frau","18":"pa_matiere-stahl","19":"pa_matierebraceletmontre-edelstahl","20":"pa_mouvement-quarzbatterie-de","21":"pa_swissmade-ja-de","22":"pa_typedemontre-uhrenmitdiamanten","23":"pa_verre-saphir-de","24":"sales-flash-overlay","25":"woocommerce-text-align-center","26":"woocommerce-image-align-center","27":"do-quantity-buttons","29":"first","30":"instock","31":"taxable","32":"shipping-taxable","33":"purchasable","34":"product-type-simple"},"acf":[],"_links":{"self":[{"href":"https:\/\/lediamant.ch\/de\/wp-json\/wp\/v2\/product\/226939","targetHints":{"allow":["GET"]}}],"collection":[{"href":"https:\/\/lediamant.ch\/de\/wp-json\/wp\/v2\/product"}],"about":[{"href":"https:\/\/lediamant.ch\/de\/wp-json\/wp\/v2\/types\/product"}],"wp:featuredmedia":[{"embeddable":true,"href":"https:\/\/lediamant.ch\/de\/wp-json\/wp\/v2\/media\/226941"}],"wp:attachment":[{"href":"https:\/\/lediamant.ch\/de\/wp-json\/wp\/v2\/media?parent=226939"}],"wp:term":[{"taxonomy":"brand","embeddable":true,"href":"https:\/\/lediamant.ch\/de\/wp-json\/wp\/v2\/brand?post=226939"},{"taxonomy":"product_brand","embeddable":true,"href":"https:\/\/lediamant.ch\/de\/wp-json\/wp\/v2\/product_brand?post=226939"},{"taxonomy":"product_cat","embeddable":true,"href":"https:\/\/lediamant.ch\/de\/wp-json\/wp\/v2\/product_cat?post=226939"},{"taxonomy":"product_tag","embeddable":true,"href":"https:\/\/lediamant.ch\/de\/wp-json\/wp\/v2\/product_tag?post=226939"}],"curies":[{"name":"wp","href":"https:\/\/api.w.org\/{rel}","templated":true}]}}