{"id":226979,"date":"2026-03-27T15:35:52","date_gmt":"2026-03-27T14:35:52","guid":{"rendered":"https:\/\/lediamant.ch\/?post_type=product&#038;p=226979"},"modified":"2026-03-27T16:22:49","modified_gmt":"2026-03-27T15:22:49","slug":"maurice-lacroix-aikonic-automatic-master-grand-date-retrograde-43mm","status":"publish","type":"product","link":"https:\/\/lediamant.ch\/de\/produit\/uhren\/maurice-lacroix-de\/aikonic\/maurice-lacroix-aikonic-automatic-master-grand-date-retrograde-43mm\/","title":{"rendered":"Maurice Lacroix Aikonic Automatic Master Grand Date Retrograde 43mm"},"content":{"rendered":"<p>Die neue AIKONIC Kollektion ist urban, vielseitig und f\u00fcr alle Gelegenheiten geeignet. Sie enth\u00e4lt Hochleistungsmaterialien: technische Keramik, ein Armband aus Doppelkautschuk und das neue patentierte ML Easy Change System. Ausgestattet mit dem neuen Kaliber ML1000 verk\u00f6rpert sie den Geist von &#8222;Your Time is Now&#8220;, indem sie Pr\u00e4zision mit dem Geschmack des Besonderen verbindet. Schweizer Automatikwerk ML302 mit 39 Stunden Gangreserve, poliertes Edelstahlgeh\u00e4use mit 43,0 mm Durchmesser und 15,0 mm H\u00f6he, Krone und L\u00fcnette aus kratzfester schwarzer Keramik (ZrO\u2082), skelettiertes Zifferblatt, Wochentagsanzeige bei 6 Uhr, Datumsanzeige bei 12 Uhr, versilberte Stunden- und Minutenzeiger mit wei\u00dfer Super-LumiNova-Leuchtbeschichtung, silberne Indizes, wei\u00dfe Minuterie am \u00e4u\u00dferen Rand des Zifferblatts, schwarzes Kautschuk- und Lederarmband mit Dornschlie\u00dfe aus Edelstahl und unsichtbarem &#8222;ML Easy Change&#8220;-Schnellwechselsystem, das einen m\u00fchelosen Wechsel des Armbands ohne Werkzeug erm\u00f6glicht, beidseitig entspiegeltes Saphirglas, Geh\u00e4useboden aus Edelstahl mit Saphirglaseinsatz, wasserdicht bis 10 bar.<\/p>\n","protected":false},"excerpt":{"rendered":"<p>Die neue AIKONIC Kollektion ist urban, vielseitig und f\u00fcr alle Gelegenheiten geeignet. Sie enth\u00e4lt Hochleistungsmaterialien: technische Keramik, ein Armband aus Doppelkautschuk und das neue patentierte ML Easy Change System. Ausgestattet mit dem neuen Kaliber ML1000 verk\u00f6rpert sie den Geist von &#8222;Your Time is Now&#8220;, indem sie Pr\u00e4zision mit dem Geschmack des Besonderen verbindet. Schweizer Automatikwerk &#8230; <a title=\"Maurice Lacroix Aikonic Automatic Master Grand Date Retrograde 43mm\" class=\"read-more\" href=\"https:\/\/lediamant.ch\/de\/produit\/uhren\/maurice-lacroix-de\/aikonic\/maurice-lacroix-aikonic-automatic-master-grand-date-retrograde-43mm\/\" aria-label=\"Mehr Informationen \u00fcber Maurice Lacroix Aikonic Automatic Master Grand Date Retrograde 43mm\">Weiterlesen &#8230;<\/a><\/p>\n","protected":false},"featured_media":226985,"template":"","meta":{"_acf_changed":false,"_seopress_robots_primary_cat":"27149","_seopress_titles_title":"","_seopress_titles_desc":"","_seopress_robots_index":""},"brand":[27103],"product_brand":[],"product_cat":[42488,27149,27123],"product_tag":[],"class_list":{"0":"post-226979","1":"product","2":"type-product","3":"status-publish","4":"has-post-thumbnail","6":"brand-mauricelacroix-de","7":"product_cat-aikonic","8":"product_cat-maurice-lacroix-de","9":"product_cat-uhren","10":"pa_couleurduboitier-zweifarbig-de","11":"pa_couleurdubracelet-schwarz-de","12":"pa_couleurducadran-grau","13":"pa_couleurducadran-schwarz","14":"pa_etancheite-100m-de","15":"pa_forme-runden","16":"pa_genre-mann","17":"pa_matiere-keramik-de","18":"pa_matiere-stahl","19":"pa_matierebraceletmontre-kautschuk","20":"pa_modele-de-mouvement-ml212-sellita-sw562-s","21":"pa_mouvement-automatik-de","22":"pa_option-boitier-lunette-aus-keramik-verschraubte-krone-transparenter-gehauseboden","23":"pa_swissmade-ja-de","24":"pa_verre-saphir-de","25":"sales-flash-overlay","26":"woocommerce-text-align-center","27":"woocommerce-image-align-center","28":"do-quantity-buttons","30":"first","31":"instock","32":"taxable","33":"shipping-taxable","34":"purchasable","35":"product-type-simple"},"acf":[],"_links":{"self":[{"href":"https:\/\/lediamant.ch\/de\/wp-json\/wp\/v2\/product\/226979","targetHints":{"allow":["GET"]}}],"collection":[{"href":"https:\/\/lediamant.ch\/de\/wp-json\/wp\/v2\/product"}],"about":[{"href":"https:\/\/lediamant.ch\/de\/wp-json\/wp\/v2\/types\/product"}],"wp:featuredmedia":[{"embeddable":true,"href":"https:\/\/lediamant.ch\/de\/wp-json\/wp\/v2\/media\/226985"}],"wp:attachment":[{"href":"https:\/\/lediamant.ch\/de\/wp-json\/wp\/v2\/media?parent=226979"}],"wp:term":[{"taxonomy":"brand","embeddable":true,"href":"https:\/\/lediamant.ch\/de\/wp-json\/wp\/v2\/brand?post=226979"},{"taxonomy":"product_brand","embeddable":true,"href":"https:\/\/lediamant.ch\/de\/wp-json\/wp\/v2\/product_brand?post=226979"},{"taxonomy":"product_cat","embeddable":true,"href":"https:\/\/lediamant.ch\/de\/wp-json\/wp\/v2\/product_cat?post=226979"},{"taxonomy":"product_tag","embeddable":true,"href":"https:\/\/lediamant.ch\/de\/wp-json\/wp\/v2\/product_tag?post=226979"}],"curies":[{"name":"wp","href":"https:\/\/api.w.org\/{rel}","templated":true}]}}