{"id":227105,"date":"2026-04-10T13:04:20","date_gmt":"2026-04-10T11:04:20","guid":{"rendered":"https:\/\/lediamant.ch\/?post_type=product&#038;p=227105"},"modified":"2026-04-10T13:30:41","modified_gmt":"2026-04-10T11:30:41","slug":"tissot-piranello-43mm-powermatic-80-cosc-chronometer-special-edition-set","status":"publish","type":"product","link":"https:\/\/lediamant.ch\/de\/uhren\/227105-tissot-piranello-43mm-t1624089706100\/","title":{"rendered":"Tissot Piranello 43mm Powermatic 80 COSC Chronometer Special Edition Set"},"content":{"rendered":"<p>Zum ersten Mal vereinen Tissot und Pinarello ihre Welten, indem sie \u00fcber 170 Jahre Schweizer Uhrmacherkunst mit der italienischen Exzellenz des Herstellers von Hochleistungsfahrr\u00e4dern verbinden. Geleitet von einer gemeinsamen Leidenschaft f\u00fcr Innovation, Pr\u00e4zision und dem st\u00e4ndigen Streben nach Fortschritt, verk\u00f6rpert die Tissot Pinarello Sonderedition perfekt die gemeinsamen Werte der beiden H\u00e4user.<\/p>\n<p>Das 42 mm gro\u00dfe geschmiedete Karbongeh\u00e4use spiegelt sofort die Rennsport-DNA von Pinarello wider, da es aus dem gleichen leichten und hochfesten Material besteht wie die Hochleistungsrahmen der Marke.<\/p>\n<p>Die asymmetrische Silhouette mit der Krone bei 10 Uhr, einer Breite von 43 mm (3-9 Uhr) und einer L\u00e4nge von 40 mm (6-12 Uhr) ist direkt vom unverwechselbaren Design der Pinarello-Gabel inspiriert und verleiht der Uhr eine einzigartige Identit\u00e4t. Eine eingravierte Pinarello-Signatur unterstreicht diese au\u00dfergew\u00f6hnliche Zusammenarbeit.<\/p>\n<p>Die schwarzen, vernickelten Stabindizes mit Super-LumiNova\u00ae-Beschichtung sorgen f\u00fcr eine optimale Lesbarkeit und unterstreichen die technische \u00c4sthetik des Modells. Die facettierten, gerillten Zeiger spielen subtil mit dem Licht, w\u00e4hrend der Sekundenzeiger, der das emblematische &#8222;P&#8220; von Pinarello aufgreift und in der Farbe Borealis gehalten ist, einen Hauch von Dynamik und Farbe verleiht, der tief mit der Identit\u00e4t der Marke verbunden ist.<\/p>\n<p>Das Herzst\u00fcck dieses au\u00dfergew\u00f6hnlichen Zeitmessers ist das COSC-zertifizierte Powermatic 80 Uhrwerk, das eine bemerkenswerte Pr\u00e4zision bietet. Die Nivachron\u2122-Spiralfeder sch\u00fctzt das Uhrwerk wirksam vor Magnetfeldern und Temperaturschwankungen und garantiert Robustheit und Zuverl\u00e4ssigkeit im Alltag. Die Wasserdichtigkeit bis zu 10 bar verst\u00e4rkt seine Leistung noch weiter.<\/p>\n<p>Die Tissot Pinarello Special Edition wird in einer exklusiven Sammlerschatulle pr\u00e4sentiert. Sie wird von einem System aus austauschbaren Armb\u00e4ndern begleitet, das es erm\u00f6glicht, mit einem Handgriff zwischen einem technischen Hochleistungsarmband - ideal f\u00fcr sportliche Aktivit\u00e4ten - und einem handgefertigten italienischen Lederarmband zu wechseln, das dem t\u00e4glichen Outfit einen eleganten und handwerklichen Touch verleiht.<\/p>\n","protected":false},"excerpt":{"rendered":"<p>Zum ersten Mal vereinen Tissot und Pinarello ihre Welten, indem sie \u00fcber 170 Jahre Schweizer Uhrmacherkunst mit der italienischen Exzellenz des Herstellers von Hochleistungsfahrr\u00e4dern verbinden. Geleitet von einer gemeinsamen Leidenschaft f\u00fcr Innovation, Pr\u00e4zision und dem st\u00e4ndigen Streben nach Fortschritt, verk\u00f6rpert die Tissot Pinarello Sonderedition perfekt die gemeinsamen Werte der beiden H\u00e4user. Das 42 mm gro\u00dfe &#8230; <a title=\"Tissot Piranello 43mm Powermatic 80 COSC Chronometer Special Edition Set\" class=\"read-more\" href=\"https:\/\/lediamant.ch\/de\/uhren\/227105-tissot-piranello-43mm-t1624089706100\/\" aria-label=\"Mehr Informationen \u00fcber Tissot Piranello 43mm Powermatic 80 COSC Chronometer Special Edition Set\">Weiterlesen &#8230;<\/a><\/p>\n","protected":false},"featured_media":227116,"template":"","meta":{"_acf_changed":false,"_seopress_robots_primary_cat":"27159","_seopress_titles_title":"","_seopress_titles_desc":"","_seopress_robots_index":""},"brand":[27087],"product_brand":[],"product_cat":[27123,27159,27203,27325,27137],"product_tag":[],"class_list":{"0":"post-227105","1":"product","2":"type-product","3":"status-publish","4":"has-post-thumbnail","6":"brand-tissot-de","7":"product_cat-uhren","8":"product_cat-tissot-de","9":"product_cat-tissot-sport","10":"product_cat-tissot-spezialitaten","11":"product_cat-bracelet-ajustable-de","12":"pa_couleurduboitier-schwarz-de","13":"pa_couleurdubracelet-schwarz-de","14":"pa_couleurducadran-grau","15":"pa_dimensions-o-43-mm","16":"pa_etancheite-100m-de","17":"pa_forme-runden","18":"pa_garantie-24monate","19":"pa_genre-mann","20":"pa_matiere-karbon","21":"pa_matierebraceletmontre-kautschuk","22":"pa_matierebraceletmontre-leder","23":"pa_mouvement-automatik-de","24":"pa_option-boitier-transparenter-hintergrund","25":"pa_swissmade-ja-de","26":"pa_verre-saphir-de","27":"sales-flash-overlay","28":"woocommerce-text-align-center","29":"woocommerce-image-align-center","30":"do-quantity-buttons","32":"first","33":"instock","34":"taxable","35":"shipping-taxable","36":"purchasable","37":"product-type-simple"},"acf":[],"_links":{"self":[{"href":"https:\/\/lediamant.ch\/de\/wp-json\/wp\/v2\/product\/227105","targetHints":{"allow":["GET"]}}],"collection":[{"href":"https:\/\/lediamant.ch\/de\/wp-json\/wp\/v2\/product"}],"about":[{"href":"https:\/\/lediamant.ch\/de\/wp-json\/wp\/v2\/types\/product"}],"wp:featuredmedia":[{"embeddable":true,"href":"https:\/\/lediamant.ch\/de\/wp-json\/wp\/v2\/media\/227116"}],"wp:attachment":[{"href":"https:\/\/lediamant.ch\/de\/wp-json\/wp\/v2\/media?parent=227105"}],"wp:term":[{"taxonomy":"brand","embeddable":true,"href":"https:\/\/lediamant.ch\/de\/wp-json\/wp\/v2\/brand?post=227105"},{"taxonomy":"product_brand","embeddable":true,"href":"https:\/\/lediamant.ch\/de\/wp-json\/wp\/v2\/product_brand?post=227105"},{"taxonomy":"product_cat","embeddable":true,"href":"https:\/\/lediamant.ch\/de\/wp-json\/wp\/v2\/product_cat?post=227105"},{"taxonomy":"product_tag","embeddable":true,"href":"https:\/\/lediamant.ch\/de\/wp-json\/wp\/v2\/product_tag?post=227105"}],"curies":[{"name":"wp","href":"https:\/\/api.w.org\/{rel}","templated":true}]}}