{"id":227128,"date":"2026-01-10T13:48:59","date_gmt":"2026-01-10T12:48:59","guid":{"rendered":"https:\/\/lediamant.ch\/?post_type=product&#038;p=227128"},"modified":"2026-04-10T14:08:44","modified_gmt":"2026-04-10T12:08:44","slug":"hamilton-khaki-field-mechanical-power-reserve-40mm","status":"publish","type":"product","link":"https:\/\/lediamant.ch\/de\/uhren\/227128-hamilton-khaki-field-mechanical-power-reserve-40mm-h69509910\/","title":{"rendered":"Hamilton Khaki Field Mechanical Power Reserve 40mm"},"content":{"rendered":"<p>Die Khaki Field Mechanical Power Reserve 40 mm ist eine Hommage an das Design und die wesentlichen Funktionen der Khaki-Familie und bietet gleichzeitig moderne Merkmale und die neuesten uhrmacherischen Technologien und Innovationen. Angetrieben von einem neuen H-23 Handaufzugswerk, das von ETA exklusiv f\u00fcr Hamilton entwickelt wurde, ist die Gangreserve von 80 Stunden direkt auf dem Zifferblatt ablesbar - eine echte Premiere. Das wei\u00dfe Zifferblatt, das an einem robusten khakigr\u00fcnen NATO-Armband befestigt ist, zeigt stolz &#8222;80 Stunden Gangreserve&#8220; und &#8222;F&#8220; (&#8222;full&#8220;), wenn sie voll ist und &#8222;E&#8220; (&#8222;empty&#8220;), wenn sie leer ist, um diese au\u00dfergew\u00f6hnliche und n\u00fctzliche Eigenschaft hervorzuheben.<\/p>\n","protected":false},"excerpt":{"rendered":"<p>Die Khaki Field Mechanical Power Reserve 40 mm ist eine Hommage an das Design und die wesentlichen Funktionen der Khaki-Familie und bietet gleichzeitig moderne Merkmale und die neuesten uhrmacherischen Technologien und Innovationen. Angetrieben von einem neuen H-23 Handaufzugswerk, das von ETA exklusiv f\u00fcr Hamilton entwickelt wurde, ist die Gangreserve von 80 Stunden direkt auf dem &#8230; <a title=\"Hamilton Khaki Field Mechanical Power Reserve 40mm\" class=\"read-more\" href=\"https:\/\/lediamant.ch\/de\/uhren\/227128-hamilton-khaki-field-mechanical-power-reserve-40mm-h69509910\/\" aria-label=\"Mehr Informationen \u00fcber Hamilton Khaki Field Mechanical Power Reserve 40mm\">Weiterlesen &#8230;<\/a><\/p>\n","protected":false},"featured_media":227135,"template":"","meta":{"_acf_changed":false,"_seopress_robots_primary_cat":"27181","_seopress_titles_title":"","_seopress_titles_desc":"","_seopress_robots_index":""},"brand":[27085],"product_brand":[],"product_cat":[27181,27291,27123],"product_tag":[],"class_list":{"0":"post-227128","1":"product","2":"type-product","3":"status-publish","4":"has-post-thumbnail","6":"brand-hamilton-de","7":"product_cat-hamilton-de","8":"product_cat-khaki-field-de","9":"product_cat-uhren","10":"pa_couleurduboitier-grau-de","11":"pa_couleurdubracelet-grun-de","12":"pa_couleurducadran-weiss","13":"pa_etancheite-50m-de","14":"pa_forme-runden","15":"pa_genre-mann","16":"pa_matiere-stahl","17":"pa_matierebraceletmontre-nato-de","18":"pa_mouvement-mechanik","19":"pa_swissmade-ja-de","20":"pa_typedemontre-uhrenmithandaufzug","21":"pa_verre-saphir-de","22":"sales-flash-overlay","23":"woocommerce-text-align-center","24":"woocommerce-image-align-center","25":"do-quantity-buttons","27":"first","28":"instock","29":"taxable","30":"shipping-taxable","31":"purchasable","32":"product-type-simple"},"acf":[],"_links":{"self":[{"href":"https:\/\/lediamant.ch\/de\/wp-json\/wp\/v2\/product\/227128","targetHints":{"allow":["GET"]}}],"collection":[{"href":"https:\/\/lediamant.ch\/de\/wp-json\/wp\/v2\/product"}],"about":[{"href":"https:\/\/lediamant.ch\/de\/wp-json\/wp\/v2\/types\/product"}],"wp:featuredmedia":[{"embeddable":true,"href":"https:\/\/lediamant.ch\/de\/wp-json\/wp\/v2\/media\/227135"}],"wp:attachment":[{"href":"https:\/\/lediamant.ch\/de\/wp-json\/wp\/v2\/media?parent=227128"}],"wp:term":[{"taxonomy":"brand","embeddable":true,"href":"https:\/\/lediamant.ch\/de\/wp-json\/wp\/v2\/brand?post=227128"},{"taxonomy":"product_brand","embeddable":true,"href":"https:\/\/lediamant.ch\/de\/wp-json\/wp\/v2\/product_brand?post=227128"},{"taxonomy":"product_cat","embeddable":true,"href":"https:\/\/lediamant.ch\/de\/wp-json\/wp\/v2\/product_cat?post=227128"},{"taxonomy":"product_tag","embeddable":true,"href":"https:\/\/lediamant.ch\/de\/wp-json\/wp\/v2\/product_tag?post=227128"}],"curies":[{"name":"wp","href":"https:\/\/api.w.org\/{rel}","templated":true}]}}