{"id":227195,"date":"2026-02-10T15:17:08","date_gmt":"2026-02-10T14:17:08","guid":{"rendered":"https:\/\/lediamant.ch\/?post_type=product&#038;p=227195"},"modified":"2026-04-10T15:25:43","modified_gmt":"2026-04-10T13:25:43","slug":"hamilton-khaki-aviation-x-wind-auto-chrono-44mm","status":"publish","type":"product","link":"https:\/\/lediamant.ch\/de\/uhren\/227195-hamilton-khaki-aviation-x-wind-auto-chrono-44mm-h77506540\/","title":{"rendered":"Hamilton Khaki Aviation X-Wind Auto Chrono 44mm"},"content":{"rendered":"<div class=\"product attribute description\">\n<div class=\"value\">Die Khaki aviation X-Wind Day date Autochrono wurde f\u00fcr Piloten entworfen und f\u00fcr das Abenteuer konzipiert. Sie \u00fcberquert die Seitenwinde und erfindet sich k\u00fchn neu. Mit einem auff\u00e4lligen blauen Zifferblatt, einer drehbaren Innenl\u00fcnette und einer Gangreserve von 60 Stunden wird diese Hochleistungsuhr von unserem H-21 Uhrwerk angetrieben und ist ideal f\u00fcr alle, die sich mit Stil und Pr\u00e4zision durch die Abenteuer des Alltags navigieren lassen wollen.<\/div>\n<\/div>\n","protected":false},"excerpt":{"rendered":"<p>Die Khaki aviation X-Wind Day date Autochrono wurde f\u00fcr Piloten entworfen und f\u00fcr das Abenteuer konzipiert. Sie \u00fcberquert die Seitenwinde und erfindet sich k\u00fchn neu. Mit einem auff\u00e4lligen blauen Zifferblatt, einer drehbaren Innenl\u00fcnette und einer Gangreserve von 60 Stunden wird diese Hochleistungsuhr von unserem H-21 Uhrwerk angetrieben und ist ideal f\u00fcr alle, die sich mit &#8230; <a title=\"Hamilton Khaki Aviation X-Wind Auto Chrono 44mm\" class=\"read-more\" href=\"https:\/\/lediamant.ch\/de\/uhren\/227195-hamilton-khaki-aviation-x-wind-auto-chrono-44mm-h77506540\/\" aria-label=\"Mehr Informationen \u00fcber Hamilton Khaki Aviation X-Wind Auto Chrono 44mm\">Weiterlesen &#8230;<\/a><\/p>\n","protected":false},"featured_media":227203,"template":"","meta":{"_acf_changed":false,"_seopress_robots_primary_cat":"27181","_seopress_titles_title":"","_seopress_titles_desc":"","_seopress_robots_index":""},"brand":[27085],"product_brand":[],"product_cat":[27181,27269,27123],"product_tag":[],"class_list":{"0":"post-227195","1":"product","2":"type-product","3":"status-publish","4":"has-post-thumbnail","6":"brand-hamilton-de","7":"product_cat-hamilton-de","8":"product_cat-khaki-aviation-de","9":"product_cat-uhren","10":"pa_couleurduboitier-grau-de","11":"pa_couleurdubracelet-braun-de","12":"pa_couleurducadran-blau","13":"pa_etancheite-100m-de","14":"pa_forme-runden","15":"pa_garantie-24monate","16":"pa_genre-mann","17":"pa_matiere-stahl","18":"pa_matierebraceletmontre-leder","19":"pa_mouvement-automatik-de","20":"pa_swissmade-ja-de","21":"pa_typedemontre-chronograph-de","22":"pa_typedemontre-fliegeruhren","23":"pa_verre-saphir-de","24":"sales-flash-overlay","25":"woocommerce-text-align-center","26":"woocommerce-image-align-center","27":"do-quantity-buttons","29":"first","30":"instock","31":"taxable","32":"shipping-taxable","33":"purchasable","34":"product-type-simple"},"acf":[],"_links":{"self":[{"href":"https:\/\/lediamant.ch\/de\/wp-json\/wp\/v2\/product\/227195","targetHints":{"allow":["GET"]}}],"collection":[{"href":"https:\/\/lediamant.ch\/de\/wp-json\/wp\/v2\/product"}],"about":[{"href":"https:\/\/lediamant.ch\/de\/wp-json\/wp\/v2\/types\/product"}],"wp:featuredmedia":[{"embeddable":true,"href":"https:\/\/lediamant.ch\/de\/wp-json\/wp\/v2\/media\/227203"}],"wp:attachment":[{"href":"https:\/\/lediamant.ch\/de\/wp-json\/wp\/v2\/media?parent=227195"}],"wp:term":[{"taxonomy":"brand","embeddable":true,"href":"https:\/\/lediamant.ch\/de\/wp-json\/wp\/v2\/brand?post=227195"},{"taxonomy":"product_brand","embeddable":true,"href":"https:\/\/lediamant.ch\/de\/wp-json\/wp\/v2\/product_brand?post=227195"},{"taxonomy":"product_cat","embeddable":true,"href":"https:\/\/lediamant.ch\/de\/wp-json\/wp\/v2\/product_cat?post=227195"},{"taxonomy":"product_tag","embeddable":true,"href":"https:\/\/lediamant.ch\/de\/wp-json\/wp\/v2\/product_tag?post=227195"}],"curies":[{"name":"wp","href":"https:\/\/api.w.org\/{rel}","templated":true}]}}