{"id":227215,"date":"2026-04-10T15:46:38","date_gmt":"2026-04-10T13:46:38","guid":{"rendered":"https:\/\/lediamant.ch\/?post_type=product&#038;p=227215"},"modified":"2026-04-10T15:55:02","modified_gmt":"2026-04-10T13:55:02","slug":"hamilton-khaki-aviation-x-wind-day-date-auto-45mm","status":"publish","type":"product","link":"https:\/\/lediamant.ch\/de\/uhren\/227215-hamilton-khaki-aviation-x-wind-day-date-auto-45mm-h77735560\/","title":{"rendered":"Hamilton Khaki Aviation X-Wind Day Date Auto 45mm"},"content":{"rendered":"<p>Die X-Wind wurde f\u00fcr Piloten entworfen und f\u00fcr das Abenteuer konzipiert. Sie durchquert die Seitenwinde in einer neuen, k\u00fchnen \u00c4sthetik. Diese Hochleistungsuhr mit einem auff\u00e4lligen gr\u00fcnen Zifferblatt, einer drehbaren Innenl\u00fcnette und einer Gangreserve von 80 Stunden wird von unserem H-30 Uhrwerk angetrieben, das ideal f\u00fcr diejenigen ist, die es wagen, mit Stil und Pr\u00e4zision durch die Abenteuer des Alltags zu navigieren.<\/p>\n","protected":false},"excerpt":{"rendered":"<p>Die X-Wind wurde f\u00fcr Piloten entworfen und f\u00fcr das Abenteuer konzipiert. Sie durchquert die Seitenwinde in einer neuen, k\u00fchnen \u00c4sthetik. Diese Hochleistungsuhr mit einem auff\u00e4lligen gr\u00fcnen Zifferblatt, einer drehbaren Innenl\u00fcnette und einer Gangreserve von 80 Stunden wird von unserem H-30 Uhrwerk angetrieben, das ideal f\u00fcr diejenigen ist, die es wagen, mit Stil und Pr\u00e4zision durch &#8230; <a title=\"Hamilton Khaki Aviation X-Wind Day Date Auto 45mm\" class=\"read-more\" href=\"https:\/\/lediamant.ch\/de\/uhren\/227215-hamilton-khaki-aviation-x-wind-day-date-auto-45mm-h77735560\/\" aria-label=\"Mehr Informationen \u00fcber Hamilton Khaki Aviation X-Wind Day Date Auto 45mm\">Weiterlesen &#8230;<\/a><\/p>\n","protected":false},"featured_media":227223,"template":"","meta":{"_acf_changed":false,"_seopress_robots_primary_cat":"27181","_seopress_titles_title":"","_seopress_titles_desc":"","_seopress_robots_index":""},"brand":[27085],"product_brand":[],"product_cat":[27181,27269,27123],"product_tag":[],"class_list":{"0":"post-227215","1":"product","2":"type-product","3":"status-publish","4":"has-post-thumbnail","6":"brand-hamilton-de","7":"product_cat-hamilton-de","8":"product_cat-khaki-aviation-de","9":"product_cat-uhren","10":"pa_couleurduboitier-grau-de","11":"pa_couleurdubracelet-braun-de","12":"pa_couleurducadran-grun","13":"pa_etancheite-100m-de","14":"pa_forme-runden","15":"pa_genre-mann","16":"pa_matiere-stahl","17":"pa_matierebraceletmontre-leder","18":"pa_mouvement-automatik-de","19":"pa_option-boitier-transparenter-hintergrund","20":"pa_swissmade-ja-de","21":"pa_typedemontre-fliegeruhren","22":"pa_verre-saphir-de","23":"sales-flash-overlay","24":"woocommerce-text-align-center","25":"woocommerce-image-align-center","26":"do-quantity-buttons","28":"first","29":"instock","30":"taxable","31":"shipping-taxable","32":"purchasable","33":"product-type-simple"},"acf":[],"_links":{"self":[{"href":"https:\/\/lediamant.ch\/de\/wp-json\/wp\/v2\/product\/227215","targetHints":{"allow":["GET"]}}],"collection":[{"href":"https:\/\/lediamant.ch\/de\/wp-json\/wp\/v2\/product"}],"about":[{"href":"https:\/\/lediamant.ch\/de\/wp-json\/wp\/v2\/types\/product"}],"wp:featuredmedia":[{"embeddable":true,"href":"https:\/\/lediamant.ch\/de\/wp-json\/wp\/v2\/media\/227223"}],"wp:attachment":[{"href":"https:\/\/lediamant.ch\/de\/wp-json\/wp\/v2\/media?parent=227215"}],"wp:term":[{"taxonomy":"brand","embeddable":true,"href":"https:\/\/lediamant.ch\/de\/wp-json\/wp\/v2\/brand?post=227215"},{"taxonomy":"product_brand","embeddable":true,"href":"https:\/\/lediamant.ch\/de\/wp-json\/wp\/v2\/product_brand?post=227215"},{"taxonomy":"product_cat","embeddable":true,"href":"https:\/\/lediamant.ch\/de\/wp-json\/wp\/v2\/product_cat?post=227215"},{"taxonomy":"product_tag","embeddable":true,"href":"https:\/\/lediamant.ch\/de\/wp-json\/wp\/v2\/product_tag?post=227215"}],"curies":[{"name":"wp","href":"https:\/\/api.w.org\/{rel}","templated":true}]}}