{"id":227266,"date":"2026-04-10T17:27:35","date_gmt":"2026-04-10T15:27:35","guid":{"rendered":"https:\/\/lediamant.ch\/?post_type=product&#038;p=227266"},"modified":"2026-04-10T17:33:36","modified_gmt":"2026-04-10T15:33:36","slug":"hamilton-khaki-field-auto-date-38mm-6","status":"publish","type":"product","link":"https:\/\/lediamant.ch\/de\/uhren\/227266-hamilton-khaki-field-auto-date-38mm-6-h70455960\/","title":{"rendered":"Hamilton Khaki Field Auto Date 38mm"},"content":{"rendered":"<p>Die Khaki Field Auto 38 mm ist eine originalgetreue Reproduktion ihres Vorfahren aus den 1960er Jahren und wird von unserem ikonischen H-10 Automatikwerk angetrieben, das eine Gangreserve von 80 Stunden bietet. Inspiriert von unseren milit\u00e4rischen Wurzeln, verf\u00fcgt diese robuste Swiss-Made Uhr \u00fcber ein Edelstahlgeh\u00e4use, ein gr\u00fcnes Zifferblatt mit verschiedenen strukturierten Oberfl\u00e4chen und Zeiger, die mit Super-LumiNova\u00ae beschichtet sind, um im Dunkeln besser sichtbar zu sein. Ein robustes schwarzes NATO-Armband unterstreicht die praktische Seite der Uhr und macht sie zu einem Must-Have f\u00fcr Action und jeden Anlass.<\/p>\n","protected":false},"excerpt":{"rendered":"<p>Die Khaki Field Auto 38 mm ist eine originalgetreue Reproduktion ihres Vorfahren aus den 1960er Jahren und wird von unserem ikonischen H-10 Automatikwerk angetrieben, das eine Gangreserve von 80 Stunden bietet. Inspiriert von unseren milit\u00e4rischen Wurzeln, verf\u00fcgt diese robuste Swiss-Made Uhr \u00fcber ein Edelstahlgeh\u00e4use, ein gr\u00fcnes Zifferblatt mit verschiedenen strukturierten Oberfl\u00e4chen und Zeiger, die mit &#8230; <a title=\"Hamilton Khaki Field Auto Date 38mm\" class=\"read-more\" href=\"https:\/\/lediamant.ch\/de\/uhren\/227266-hamilton-khaki-field-auto-date-38mm-6-h70455960\/\" aria-label=\"Mehr Informationen \u00fcber Hamilton Khaki Field Auto Date 38mm\">Weiterlesen &#8230;<\/a><\/p>\n","protected":false},"featured_media":227274,"template":"","meta":{"_acf_changed":false,"_seopress_robots_primary_cat":"27181","_seopress_titles_title":"","_seopress_titles_desc":"Die Khaki Field Automatic ist von der milit\u00e4rischen Vergangenheit inspiriert und verbindet modernes Design mit Robustheit. Sie hat ein einzigartiges blaues Zifferblatt und eine Gangreserve von bis zu 80 Stunden.","_seopress_robots_index":""},"brand":[27085],"product_brand":[],"product_cat":[27181,27291,27123],"product_tag":[],"class_list":{"0":"post-227266","1":"product","2":"type-product","3":"status-publish","4":"has-post-thumbnail","6":"brand-hamilton-de","7":"product_cat-hamilton-de","8":"product_cat-khaki-field-de","9":"product_cat-uhren","10":"pa_couleurduboitier-grau-de","11":"pa_couleurdubracelet-schwarz-de","12":"pa_couleurducadran-grun","13":"pa_etancheite-100m-de","14":"pa_forme-runden","15":"pa_genre-mann","16":"pa_matiere-stahl","17":"pa_matierebraceletmontre-nato-de","18":"pa_mouvement-automatik-de","19":"pa_swissmade-ja-de","20":"pa_verre-saphir-de","21":"sales-flash-overlay","22":"woocommerce-text-align-center","23":"woocommerce-image-align-center","24":"do-quantity-buttons","26":"first","27":"instock","28":"taxable","29":"shipping-taxable","30":"purchasable","31":"product-type-simple"},"acf":[],"_links":{"self":[{"href":"https:\/\/lediamant.ch\/de\/wp-json\/wp\/v2\/product\/227266","targetHints":{"allow":["GET"]}}],"collection":[{"href":"https:\/\/lediamant.ch\/de\/wp-json\/wp\/v2\/product"}],"about":[{"href":"https:\/\/lediamant.ch\/de\/wp-json\/wp\/v2\/types\/product"}],"wp:featuredmedia":[{"embeddable":true,"href":"https:\/\/lediamant.ch\/de\/wp-json\/wp\/v2\/media\/227274"}],"wp:attachment":[{"href":"https:\/\/lediamant.ch\/de\/wp-json\/wp\/v2\/media?parent=227266"}],"wp:term":[{"taxonomy":"brand","embeddable":true,"href":"https:\/\/lediamant.ch\/de\/wp-json\/wp\/v2\/brand?post=227266"},{"taxonomy":"product_brand","embeddable":true,"href":"https:\/\/lediamant.ch\/de\/wp-json\/wp\/v2\/product_brand?post=227266"},{"taxonomy":"product_cat","embeddable":true,"href":"https:\/\/lediamant.ch\/de\/wp-json\/wp\/v2\/product_cat?post=227266"},{"taxonomy":"product_tag","embeddable":true,"href":"https:\/\/lediamant.ch\/de\/wp-json\/wp\/v2\/product_tag?post=227266"}],"curies":[{"name":"wp","href":"https:\/\/api.w.org\/{rel}","templated":true}]}}