{"id":227322,"date":"2026-04-10T18:21:54","date_gmt":"2026-04-10T16:21:54","guid":{"rendered":"https:\/\/lediamant.ch\/?post_type=product&#038;p=227322"},"modified":"2026-04-10T18:25:35","modified_gmt":"2026-04-10T16:25:35","slug":"hamilton-jazzmaster-open-heart-40mm-4","status":"publish","type":"product","link":"https:\/\/lediamant.ch\/de\/uhren\/227322-hamilton-jazzmaster-open-heart-40mm-4-h32675581\/","title":{"rendered":"Hamilton Jazzmaster Open Heart 40mm"},"content":{"rendered":"<p>Die Jazzmaster Open Heart 40 mm kombiniert ein warmes, sonnengeb\u00fcrstetes Zifferblatt mit einem Edelstahlarmband f\u00fcr einen raffinierten und zeitgen\u00f6ssischen Look. Die rauchfarbenen Details verleihen dem Open Heart Design Tiefe und geben den Blick auf das Pr\u00e4zisionsuhrwerk im Inneren frei. Eine klassische Abenduhr f\u00fcr diejenigen, die Raffinesse mit einem modernen Touch zu sch\u00e4tzen wissen.<\/p>\n","protected":false},"excerpt":{"rendered":"<p>Die Jazzmaster Open Heart 40 mm kombiniert ein warmes, sonnengeb\u00fcrstetes Zifferblatt mit einem Edelstahlarmband f\u00fcr einen raffinierten und zeitgen\u00f6ssischen Look. Die rauchfarbenen Details verleihen dem Open Heart Design Tiefe und geben den Blick auf das Pr\u00e4zisionsuhrwerk im Inneren frei. Eine klassische Abenduhr f\u00fcr diejenigen, die Raffinesse mit einem modernen Touch zu sch\u00e4tzen wissen.<\/p>\n","protected":false},"featured_media":227328,"template":"","meta":{"_acf_changed":false,"_seopress_robots_primary_cat":"27181","_seopress_titles_title":"","_seopress_titles_desc":"","_seopress_robots_index":""},"brand":[27085],"product_brand":[],"product_cat":[27137,27181,27243,27123],"product_tag":[],"class_list":{"0":"post-227322","1":"product","2":"type-product","3":"status-publish","4":"has-post-thumbnail","6":"brand-hamilton-de","7":"product_cat-bracelet-ajustable-de","8":"product_cat-hamilton-de","9":"product_cat-jazzmaster-de","10":"product_cat-uhren","11":"pa_couleurduboitier-grau-de","12":"pa_couleurdubracelet-braun-de","13":"pa_couleurducadran-silber","14":"pa_etancheite-50m-de","15":"pa_forme-runden","16":"pa_genre-mann","17":"pa_matiere-stahl","18":"pa_matierebraceletmontre-leder","19":"pa_mouvement-automatik-de","20":"pa_swissmade-ja-de","21":"pa_typedemontre-skelettuhren","22":"pa_verre-saphir-de","23":"sales-flash-overlay","24":"woocommerce-text-align-center","25":"woocommerce-image-align-center","26":"do-quantity-buttons","28":"first","29":"instock","30":"taxable","31":"shipping-taxable","32":"purchasable","33":"product-type-simple"},"acf":[],"_links":{"self":[{"href":"https:\/\/lediamant.ch\/de\/wp-json\/wp\/v2\/product\/227322","targetHints":{"allow":["GET"]}}],"collection":[{"href":"https:\/\/lediamant.ch\/de\/wp-json\/wp\/v2\/product"}],"about":[{"href":"https:\/\/lediamant.ch\/de\/wp-json\/wp\/v2\/types\/product"}],"wp:featuredmedia":[{"embeddable":true,"href":"https:\/\/lediamant.ch\/de\/wp-json\/wp\/v2\/media\/227328"}],"wp:attachment":[{"href":"https:\/\/lediamant.ch\/de\/wp-json\/wp\/v2\/media?parent=227322"}],"wp:term":[{"taxonomy":"brand","embeddable":true,"href":"https:\/\/lediamant.ch\/de\/wp-json\/wp\/v2\/brand?post=227322"},{"taxonomy":"product_brand","embeddable":true,"href":"https:\/\/lediamant.ch\/de\/wp-json\/wp\/v2\/product_brand?post=227322"},{"taxonomy":"product_cat","embeddable":true,"href":"https:\/\/lediamant.ch\/de\/wp-json\/wp\/v2\/product_cat?post=227322"},{"taxonomy":"product_tag","embeddable":true,"href":"https:\/\/lediamant.ch\/de\/wp-json\/wp\/v2\/product_tag?post=227322"}],"curies":[{"name":"wp","href":"https:\/\/api.w.org\/{rel}","templated":true}]}}