{"id":227442,"date":"2026-04-15T10:20:40","date_gmt":"2026-04-15T08:20:40","guid":{"rendered":"https:\/\/lediamant.ch\/?post_type=product&#038;p=227442"},"modified":"2026-04-15T14:51:40","modified_gmt":"2026-04-15T12:51:40","slug":"collier-capri-or-jaune-750-18-ct-perle-eau-douce","status":"publish","type":"product","link":"https:\/\/lediamant.ch\/de\/produit\/schmuck\/colliers-de\/halsketten-mit-perlen\/collier-capri-or-jaune-750-18-ct-perle-eau-douce\/","title":{"rendered":"Capri-Halskette aus Gelbgold 750\/18 kt. S\u00fc\u00dfwasserperle"},"content":{"rendered":"<p>Diese wundersch\u00f6ne, handgefertigte Goldkette enth\u00e4lt 10 funkelnde S\u00fc\u00dfwasserperlen, die an einer verstellbaren Kette aus 750\/18 Karat Gold um die Kette herum angeordnet sind.<\/p>\n","protected":false},"excerpt":{"rendered":"<p>Diese wundersch\u00f6ne, handgefertigte Goldkette enth\u00e4lt 10 funkelnde S\u00fc\u00dfwasserperlen, die an einer verstellbaren Kette aus 750\/18 Karat Gold um die Kette herum angeordnet sind.<\/p>\n","protected":false},"featured_media":227446,"template":"","meta":{"_acf_changed":false,"_seopress_robots_primary_cat":"27225","_seopress_titles_title":"","_seopress_titles_desc":"","_seopress_robots_index":""},"brand":[42515],"product_brand":[],"product_cat":[27179,27225,27121],"product_tag":[],"class_list":{"0":"post-227442","1":"product","2":"type-product","3":"status-publish","4":"has-post-thumbnail","6":"brand-pearl-jewellery","7":"product_cat-colliers-de","8":"product_cat-halsketten-mit-perlen","9":"product_cat-schmuck","10":"pa_genre-frau","11":"pa_longueur-reglable-a-40-42-cm","12":"pa_matiere-75018ktgelbgold","13":"pa_perles-suesswasser","14":"sales-flash-overlay","15":"woocommerce-text-align-center","16":"woocommerce-image-align-center","17":"do-quantity-buttons","19":"first","20":"instock","21":"taxable","22":"shipping-taxable","23":"purchasable","24":"product-type-simple"},"acf":[],"_links":{"self":[{"href":"https:\/\/lediamant.ch\/de\/wp-json\/wp\/v2\/product\/227442","targetHints":{"allow":["GET"]}}],"collection":[{"href":"https:\/\/lediamant.ch\/de\/wp-json\/wp\/v2\/product"}],"about":[{"href":"https:\/\/lediamant.ch\/de\/wp-json\/wp\/v2\/types\/product"}],"wp:featuredmedia":[{"embeddable":true,"href":"https:\/\/lediamant.ch\/de\/wp-json\/wp\/v2\/media\/227446"}],"wp:attachment":[{"href":"https:\/\/lediamant.ch\/de\/wp-json\/wp\/v2\/media?parent=227442"}],"wp:term":[{"taxonomy":"brand","embeddable":true,"href":"https:\/\/lediamant.ch\/de\/wp-json\/wp\/v2\/brand?post=227442"},{"taxonomy":"product_brand","embeddable":true,"href":"https:\/\/lediamant.ch\/de\/wp-json\/wp\/v2\/product_brand?post=227442"},{"taxonomy":"product_cat","embeddable":true,"href":"https:\/\/lediamant.ch\/de\/wp-json\/wp\/v2\/product_cat?post=227442"},{"taxonomy":"product_tag","embeddable":true,"href":"https:\/\/lediamant.ch\/de\/wp-json\/wp\/v2\/product_tag?post=227442"}],"curies":[{"name":"wp","href":"https:\/\/api.w.org\/{rel}","templated":true}]}}